{"id":78788,"date":"2024-11-20T11:44:00","date_gmt":"2024-11-20T11:44:00","guid":{"rendered":"https:\/\/content.bengalmeat.com\/?page_id=78788"},"modified":"2024-11-20T11:44:00","modified_gmt":"2024-11-20T11:44:00","slug":"guia-completo-da-documentacao-da-api-stellar-2024-4-2-9-3","status":"publish","type":"page","link":"https:\/\/bengalmeat.com\/content\/guia-completo-da-documentacao-da-api-stellar-2024-4-2-9-3\/","title":{"rendered":"Guia Completo da Documenta\u00e7\u00e3o da API Stellar 2024 4.2.9"},"content":{"rendered":"<h2>Introdu\u00e7\u00e3o \u00e0 Documenta\u00e7\u00e3o da API Stellar 2024 4.2.9<\/h2>\n<p>O Stellar API Documentation 2024 4.2.9 fornece informa\u00e7\u00f5es detalhadas sobre o uso da API Stellar para desenvolvedores. Este documento abrange os seguintes t\u00f3picos:<\/p>\n<ul>\n<li>Vis\u00e3o geral da API Stellar<\/li>\n<li>Configura\u00e7\u00e3o e autentica\u00e7\u00e3o<\/li>\n<li>Endpoints dispon\u00edveis<\/li>\n<li>Exemplos de c\u00f3digo<\/li>\n<\/ul>\n<p>Voc\u00ea pode baixar o documento completo <a href='https:\/\/downloadpage.com\/stellar-api-documentation-2024-4.2.9.pdf'>AQUI<\/a>.<\/p>\n<p>Para mais informa\u00e7\u00f5es sobre o Stellar API, visite <a href='https:\/\/www.stellar.org\/'>o site oficial da Stellar<\/a>.<\/p>\n<p><img src='https:\/\/cryptologos.cc\/logos\/stellar-xlm-logo.png' alt='Logo Stellar'><\/img><\/p>\n","protected":false},"excerpt":{"rendered":"<p>Introdu\u00e7\u00e3o \u00e0 Documenta\u00e7\u00e3o da API Stellar 2024 4.2.9 O Stellar API Documentation 2024 4.2.9 fornece informa\u00e7\u00f5es detalhadas sobre o uso da API Stellar para desenvolvedores. Este documento abrange os seguintes t\u00f3picos: Vis\u00e3o geral da API Stellar Configura\u00e7\u00e3o e autentica\u00e7\u00e3o Endpoints dispon\u00edveis Exemplos de c\u00f3digo Voc\u00ea pode baixar o documento completo AQUI. Para mais informa\u00e7\u00f5es sobre &hellip;<\/p>\n<p class=\"read-more\"> <a class=\"\" href=\"https:\/\/bengalmeat.com\/content\/guia-completo-da-documentacao-da-api-stellar-2024-4-2-9-3\/\"> <span class=\"screen-reader-text\">Guia Completo da Documenta\u00e7\u00e3o da API Stellar 2024 4.2.9<\/span> Read More &raquo;<\/a><\/p>\n","protected":false},"author":1,"featured_media":0,"parent":0,"menu_order":0,"comment_status":"closed","ping_status":"closed","template":"","meta":{"site-sidebar-layout":"default","site-content-layout":"default","ast-main-header-display":"","ast-hfb-above-header-display":"","ast-hfb-below-header-display":"","ast-hfb-mobile-header-display":"","site-post-title":"","ast-breadcrumbs-content":"","ast-featured-img":"","footer-sml-layout":"","theme-transparent-header-meta":"","adv-header-id-meta":"","stick-header-meta":"","header-above-stick-meta":"","header-main-stick-meta":"","header-below-stick-meta":"","footnotes":""},"class_list":["post-78788","page","type-page","status-publish","hentry"],"_links":{"self":[{"href":"https:\/\/bengalmeat.com\/content\/wp-json\/wp\/v2\/pages\/78788","targetHints":{"allow":["GET"]}}],"collection":[{"href":"https:\/\/bengalmeat.com\/content\/wp-json\/wp\/v2\/pages"}],"about":[{"href":"https:\/\/bengalmeat.com\/content\/wp-json\/wp\/v2\/types\/page"}],"author":[{"embeddable":true,"href":"https:\/\/bengalmeat.com\/content\/wp-json\/wp\/v2\/users\/1"}],"replies":[{"embeddable":true,"href":"https:\/\/bengalmeat.com\/content\/wp-json\/wp\/v2\/comments?post=78788"}],"version-history":[{"count":1,"href":"https:\/\/bengalmeat.com\/content\/wp-json\/wp\/v2\/pages\/78788\/revisions"}],"predecessor-version":[{"id":78789,"href":"https:\/\/bengalmeat.com\/content\/wp-json\/wp\/v2\/pages\/78788\/revisions\/78789"}],"wp:attachment":[{"href":"https:\/\/bengalmeat.com\/content\/wp-json\/wp\/v2\/media?parent=78788"}],"curies":[{"name":"wp","href":"https:\/\/api.w.org\/{rel}","templated":true}]}}