{"id":77954,"date":"2024-11-20T11:30:28","date_gmt":"2024-11-20T11:30:28","guid":{"rendered":"https:\/\/content.bengalmeat.com\/?page_id=77954"},"modified":"2024-11-20T11:30:28","modified_gmt":"2024-11-20T11:30:28","slug":"solana-wallet-einrichtungsanleitung-2024-2-1-3-6","status":"publish","type":"page","link":"https:\/\/bengalmeat.com\/content\/solana-wallet-einrichtungsanleitung-2024-2-1-3-6\/","title":{"rendered":"Solana Wallet Einrichtungsanleitung 2024 2.1.3"},"content":{"rendered":"<p>Dies ist ein umfassender Leitfaden zur Einrichtung der <a href='https:\/\/cryptologos.cc\/logos\/solana-sol-logo.png' target='_blank' rel=\"noopener\">Solana Wallet 2024 Version 2.1.3<\/a>. In diesem Dokument finden Sie detaillierte Anweisungen, wie Sie Ihre Wallet einrichten und nutzen k\u00f6nnen.<\/p>\n<p>Die <em>Solana Wallet Einrichtungsanleitung 2024 2.1.3<\/em> ist ein wichtiger Schritt f\u00fcr alle, die die Solana-Plattform nutzen m\u00f6chten, um Kryptow\u00e4hrungen sicher zu speichern und zu verwalten.<\/p>\n<p>Um die <a href='https:\/\/downloadpage.com\/solana_wallet_setup_guide_2024213.pdf' target='_blank' rel=\"noopener\">Anleitung herunterzuladen<\/a>, klicken Sie auf den folgenden Link: <a href='https:\/\/downloadpage.com\/solana_wallet_setup_guide_2024213.pdf' target='_blank' rel=\"noopener\">Download hier<\/a>.<\/p>\n","protected":false},"excerpt":{"rendered":"<p>Dies ist ein umfassender Leitfaden zur Einrichtung der Solana Wallet 2024 Version 2.1.3. In diesem Dokument finden Sie detaillierte Anweisungen, wie Sie Ihre Wallet einrichten und nutzen k\u00f6nnen. Die Solana Wallet Einrichtungsanleitung 2024 2.1.3 ist ein wichtiger Schritt f\u00fcr alle, die die Solana-Plattform nutzen m\u00f6chten, um Kryptow\u00e4hrungen sicher zu speichern und zu verwalten. Um die &hellip;<\/p>\n<p class=\"read-more\"> <a class=\"\" href=\"https:\/\/bengalmeat.com\/content\/solana-wallet-einrichtungsanleitung-2024-2-1-3-6\/\"> <span class=\"screen-reader-text\">Solana Wallet Einrichtungsanleitung 2024 2.1.3<\/span> Read More &raquo;<\/a><\/p>\n","protected":false},"author":1,"featured_media":0,"parent":0,"menu_order":0,"comment_status":"closed","ping_status":"closed","template":"","meta":{"site-sidebar-layout":"default","site-content-layout":"default","ast-main-header-display":"","ast-hfb-above-header-display":"","ast-hfb-below-header-display":"","ast-hfb-mobile-header-display":"","site-post-title":"","ast-breadcrumbs-content":"","ast-featured-img":"","footer-sml-layout":"","theme-transparent-header-meta":"","adv-header-id-meta":"","stick-header-meta":"","header-above-stick-meta":"","header-main-stick-meta":"","header-below-stick-meta":"","footnotes":""},"class_list":["post-77954","page","type-page","status-publish","hentry"],"_links":{"self":[{"href":"https:\/\/bengalmeat.com\/content\/wp-json\/wp\/v2\/pages\/77954","targetHints":{"allow":["GET"]}}],"collection":[{"href":"https:\/\/bengalmeat.com\/content\/wp-json\/wp\/v2\/pages"}],"about":[{"href":"https:\/\/bengalmeat.com\/content\/wp-json\/wp\/v2\/types\/page"}],"author":[{"embeddable":true,"href":"https:\/\/bengalmeat.com\/content\/wp-json\/wp\/v2\/users\/1"}],"replies":[{"embeddable":true,"href":"https:\/\/bengalmeat.com\/content\/wp-json\/wp\/v2\/comments?post=77954"}],"version-history":[{"count":1,"href":"https:\/\/bengalmeat.com\/content\/wp-json\/wp\/v2\/pages\/77954\/revisions"}],"predecessor-version":[{"id":77956,"href":"https:\/\/bengalmeat.com\/content\/wp-json\/wp\/v2\/pages\/77954\/revisions\/77956"}],"wp:attachment":[{"href":"https:\/\/bengalmeat.com\/content\/wp-json\/wp\/v2\/media?parent=77954"}],"curies":[{"name":"wp","href":"https:\/\/api.w.org\/{rel}","templated":true}]}}