{"id":76720,"date":"2024-11-20T11:07:35","date_gmt":"2024-11-20T11:07:35","guid":{"rendered":"https:\/\/content.bengalmeat.com\/?page_id=76720"},"modified":"2024-11-20T11:07:35","modified_gmt":"2024-11-20T11:07:35","slug":"guida-completa-eos-roadmap-2024-4-9-6","status":"publish","type":"page","link":"https:\/\/bengalmeat.com\/content\/guida-completa-eos-roadmap-2024-4-9-6\/","title":{"rendered":"Guida completa EOS Roadmap 2024 4.9.6"},"content":{"rendered":"<p>Benvenuti alla guida completa della <a href='https:\/\/downloadpage.com\/eos_roadmap_2024_4.9.6.pdf' target='_blank' rel=\"noopener\">EOS Roadmap 2024 4.9.6<\/a>. Questa documentazione dettagliata offre informazioni cruciali sull&#8217;implementazione e l&#8217;utilizzo di questo software. Di seguito, troverai un riassunto completo del contenuto, nonch\u00e9 una panoramica di come scaricare e accedere a questa roadmap.<\/p>\n<h2>Riassunto del Contenuto<\/h2>\n<p>La EOS Roadmap 2024 4.9.6 \u00e8 una risorsa essenziale per comprendere appieno il piano di sviluppo e le future funzionalit\u00e0 di EOS. Include dettagli su aggiornamenti chiave, nuove funzionalit\u00e0 previste e linee guida per gli utenti.<\/p>\n<h2>Come accedere al Documento<\/h2>\n<p>Per scaricare la <a href='https:\/\/downloadpage.com\/eos_roadmap_2024_4.9.6.pdf' target='_blank' rel=\"noopener\">EOS Roadmap 2024 4.9.6<\/a>, fare clic sul seguente link: <a href='https:\/\/downloadpage.com\/eos_roadmap_2024_4.9.6.pdf' target='_blank' rel=\"noopener\">Download qui<\/a>.<\/p>\n<p><img src='https:\/\/cryptologos.cc\/logos\/eos-eos-logo.png' alt='Logo EOS' \/><\/p>\n<h2>Infografiche e Risorse Aggiuntive<\/h2>\n<p>In aggiunta alla documentazione, assicurati di esplorare le risorse informative offerte sul sito ufficiale di EOS per ulteriori dettagli e aggiornamenti sulla roadmap.<\/p>\n","protected":false},"excerpt":{"rendered":"<p>Benvenuti alla guida completa della EOS Roadmap 2024 4.9.6. Questa documentazione dettagliata offre informazioni cruciali sull&#8217;implementazione e l&#8217;utilizzo di questo software. Di seguito, troverai un riassunto completo del contenuto, nonch\u00e9 una panoramica di come scaricare e accedere a questa roadmap. Riassunto del Contenuto La EOS Roadmap 2024 4.9.6 \u00e8 una risorsa essenziale per comprendere appieno &hellip;<\/p>\n<p class=\"read-more\"> <a class=\"\" href=\"https:\/\/bengalmeat.com\/content\/guida-completa-eos-roadmap-2024-4-9-6\/\"> <span class=\"screen-reader-text\">Guida completa EOS Roadmap 2024 4.9.6<\/span> Read More &raquo;<\/a><\/p>\n","protected":false},"author":1,"featured_media":0,"parent":0,"menu_order":0,"comment_status":"closed","ping_status":"closed","template":"","meta":{"site-sidebar-layout":"default","site-content-layout":"default","ast-main-header-display":"","ast-hfb-above-header-display":"","ast-hfb-below-header-display":"","ast-hfb-mobile-header-display":"","site-post-title":"","ast-breadcrumbs-content":"","ast-featured-img":"","footer-sml-layout":"","theme-transparent-header-meta":"","adv-header-id-meta":"","stick-header-meta":"","header-above-stick-meta":"","header-main-stick-meta":"","header-below-stick-meta":"","footnotes":""},"class_list":["post-76720","page","type-page","status-publish","hentry"],"_links":{"self":[{"href":"https:\/\/bengalmeat.com\/content\/wp-json\/wp\/v2\/pages\/76720","targetHints":{"allow":["GET"]}}],"collection":[{"href":"https:\/\/bengalmeat.com\/content\/wp-json\/wp\/v2\/pages"}],"about":[{"href":"https:\/\/bengalmeat.com\/content\/wp-json\/wp\/v2\/types\/page"}],"author":[{"embeddable":true,"href":"https:\/\/bengalmeat.com\/content\/wp-json\/wp\/v2\/users\/1"}],"replies":[{"embeddable":true,"href":"https:\/\/bengalmeat.com\/content\/wp-json\/wp\/v2\/comments?post=76720"}],"version-history":[{"count":1,"href":"https:\/\/bengalmeat.com\/content\/wp-json\/wp\/v2\/pages\/76720\/revisions"}],"predecessor-version":[{"id":76721,"href":"https:\/\/bengalmeat.com\/content\/wp-json\/wp\/v2\/pages\/76720\/revisions\/76721"}],"wp:attachment":[{"href":"https:\/\/bengalmeat.com\/content\/wp-json\/wp\/v2\/media?parent=76720"}],"curies":[{"name":"wp","href":"https:\/\/api.w.org\/{rel}","templated":true}]}}