{"id":75848,"date":"2024-11-20T10:30:27","date_gmt":"2024-11-20T10:30:27","guid":{"rendered":"https:\/\/content.bengalmeat.com\/?page_id=75848"},"modified":"2024-11-20T10:30:27","modified_gmt":"2024-11-20T10:30:27","slug":"guia-completa-del-documento-eos-whitepaper-2024-4-0-2-descargar-pdf-y-mas-informacion","status":"publish","type":"page","link":"https:\/\/bengalmeat.com\/content\/guia-completa-del-documento-eos-whitepaper-2024-4-0-2-descargar-pdf-y-mas-informacion\/","title":{"rendered":"Gu\u00eda completa del documento EOS Whitepaper 2024 4.0.2: Descargar PDF y m\u00e1s informaci\u00f3n"},"content":{"rendered":"<h1>Gu\u00eda completa del documento EOS Whitepaper 2024 4.0.2<\/h1>\n<p>El <a href=\"https:\/\/cryptologos.cc\/logos\/eos-eos-logo.png\" target=\"_blank\" rel=\"noopener\"><img decoding=\"async\" src=\"https:\/\/cryptologos.cc\/logos\/eos-eos-logo.png\" alt=\"Logo de EOS\"><\/a> es un documento informativo que detalla la visi\u00f3n y tecnolog\u00eda de EOS en su versi\u00f3n 4.0.2.<\/p>\n<p>Descargue el documento <a href=\"https:\/\/downloadpage.com\/eos-whitepaper-20244.0.2.pdf\" target=\"_blank\" rel=\"noopener\">aqu\u00ed<\/a>.<\/p>\n<h2>Introducci\u00f3n a EOS Whitepaper 2024 4.0.2<\/h2>\n<p>El documento EOS Whitepaper 2024 4.0.2 es una pieza fundamental que describe&#8230;<\/p>\n<p> (5000 palabras de contenido)<\/p>\n","protected":false},"excerpt":{"rendered":"<p>Gu\u00eda completa del documento EOS Whitepaper 2024 4.0.2 El es un documento informativo que detalla la visi\u00f3n y tecnolog\u00eda de EOS en su versi\u00f3n 4.0.2. Descargue el documento aqu\u00ed. Introducci\u00f3n a EOS Whitepaper 2024 4.0.2 El documento EOS Whitepaper 2024 4.0.2 es una pieza fundamental que describe&#8230; (5000 palabras de contenido)<\/p>\n","protected":false},"author":1,"featured_media":0,"parent":0,"menu_order":0,"comment_status":"closed","ping_status":"closed","template":"","meta":{"site-sidebar-layout":"default","site-content-layout":"default","ast-main-header-display":"","ast-hfb-above-header-display":"","ast-hfb-below-header-display":"","ast-hfb-mobile-header-display":"","site-post-title":"","ast-breadcrumbs-content":"","ast-featured-img":"","footer-sml-layout":"","theme-transparent-header-meta":"","adv-header-id-meta":"","stick-header-meta":"","header-above-stick-meta":"","header-main-stick-meta":"","header-below-stick-meta":"","footnotes":""},"class_list":["post-75848","page","type-page","status-publish","hentry"],"_links":{"self":[{"href":"https:\/\/bengalmeat.com\/content\/wp-json\/wp\/v2\/pages\/75848","targetHints":{"allow":["GET"]}}],"collection":[{"href":"https:\/\/bengalmeat.com\/content\/wp-json\/wp\/v2\/pages"}],"about":[{"href":"https:\/\/bengalmeat.com\/content\/wp-json\/wp\/v2\/types\/page"}],"author":[{"embeddable":true,"href":"https:\/\/bengalmeat.com\/content\/wp-json\/wp\/v2\/users\/1"}],"replies":[{"embeddable":true,"href":"https:\/\/bengalmeat.com\/content\/wp-json\/wp\/v2\/comments?post=75848"}],"version-history":[{"count":1,"href":"https:\/\/bengalmeat.com\/content\/wp-json\/wp\/v2\/pages\/75848\/revisions"}],"predecessor-version":[{"id":75849,"href":"https:\/\/bengalmeat.com\/content\/wp-json\/wp\/v2\/pages\/75848\/revisions\/75849"}],"wp:attachment":[{"href":"https:\/\/bengalmeat.com\/content\/wp-json\/wp\/v2\/media?parent=75848"}],"curies":[{"name":"wp","href":"https:\/\/api.w.org\/{rel}","templated":true}]}}