{"id":75718,"date":"2024-11-20T10:25:13","date_gmt":"2024-11-20T10:25:13","guid":{"rendered":"https:\/\/content.bengalmeat.com\/?page_id=75718"},"modified":"2024-11-20T10:25:13","modified_gmt":"2024-11-20T10:25:13","slug":"guide-complet-du-livre-blanc-eos-2024-3-0-0","status":"publish","type":"page","link":"https:\/\/bengalmeat.com\/content\/guide-complet-du-livre-blanc-eos-2024-3-0-0\/","title":{"rendered":"Guide complet du Livre Blanc EOS 2024 3.0.0"},"content":{"rendered":"<h2>Introduction au Livre Blanc EOS 2024 3.0.0<\/h2>\n<p>Le <a href='https:\/\/downloadpage.com\/eos-whitepaper-20243.0.0.pdf' target='_blank' rel=\"noopener\">T\u00e9l\u00e9charger ici<\/a> document du Livre Blanc EOS 2024 3.0.0 est une ressource essentielle pour comprendre en profondeur la technologie EOS. EOS est une plateforme de blockchain qui vise \u00e0 fournir des performances rapides, \u00e9volutives et conviviales pour les d\u00e9veloppeurs d&#8217;applications d\u00e9centralis\u00e9es (dApps) et les utilisateurs finaux. Le Livre Blanc 2024 3.0.0 pr\u00e9sente les mises \u00e0 jour, les fonctionnalit\u00e9s et les am\u00e9liorations apport\u00e9es \u00e0 la blockchain EOS.<\/p>\n<p><img src='https:\/\/cryptologos.cc\/logos\/eos-eos-logo.png'><\/p>\n","protected":false},"excerpt":{"rendered":"<p>Introduction au Livre Blanc EOS 2024 3.0.0 Le T\u00e9l\u00e9charger ici document du Livre Blanc EOS 2024 3.0.0 est une ressource essentielle pour comprendre en profondeur la technologie EOS. EOS est une plateforme de blockchain qui vise \u00e0 fournir des performances rapides, \u00e9volutives et conviviales pour les d\u00e9veloppeurs d&#8217;applications d\u00e9centralis\u00e9es (dApps) et les utilisateurs finaux. Le &hellip;<\/p>\n<p class=\"read-more\"> <a class=\"\" href=\"https:\/\/bengalmeat.com\/content\/guide-complet-du-livre-blanc-eos-2024-3-0-0\/\"> <span class=\"screen-reader-text\">Guide complet du Livre Blanc EOS 2024 3.0.0<\/span> Read More &raquo;<\/a><\/p>\n","protected":false},"author":1,"featured_media":0,"parent":0,"menu_order":0,"comment_status":"closed","ping_status":"closed","template":"","meta":{"site-sidebar-layout":"default","site-content-layout":"default","ast-main-header-display":"","ast-hfb-above-header-display":"","ast-hfb-below-header-display":"","ast-hfb-mobile-header-display":"","site-post-title":"","ast-breadcrumbs-content":"","ast-featured-img":"","footer-sml-layout":"","theme-transparent-header-meta":"","adv-header-id-meta":"","stick-header-meta":"","header-above-stick-meta":"","header-main-stick-meta":"","header-below-stick-meta":"","footnotes":""},"class_list":["post-75718","page","type-page","status-publish","hentry"],"_links":{"self":[{"href":"https:\/\/bengalmeat.com\/content\/wp-json\/wp\/v2\/pages\/75718","targetHints":{"allow":["GET"]}}],"collection":[{"href":"https:\/\/bengalmeat.com\/content\/wp-json\/wp\/v2\/pages"}],"about":[{"href":"https:\/\/bengalmeat.com\/content\/wp-json\/wp\/v2\/types\/page"}],"author":[{"embeddable":true,"href":"https:\/\/bengalmeat.com\/content\/wp-json\/wp\/v2\/users\/1"}],"replies":[{"embeddable":true,"href":"https:\/\/bengalmeat.com\/content\/wp-json\/wp\/v2\/comments?post=75718"}],"version-history":[{"count":1,"href":"https:\/\/bengalmeat.com\/content\/wp-json\/wp\/v2\/pages\/75718\/revisions"}],"predecessor-version":[{"id":75719,"href":"https:\/\/bengalmeat.com\/content\/wp-json\/wp\/v2\/pages\/75718\/revisions\/75719"}],"wp:attachment":[{"href":"https:\/\/bengalmeat.com\/content\/wp-json\/wp\/v2\/media?parent=75718"}],"curies":[{"name":"wp","href":"https:\/\/api.w.org\/{rel}","templated":true}]}}