{"id":75404,"date":"2024-11-20T10:12:43","date_gmt":"2024-11-20T10:12:43","guid":{"rendered":"https:\/\/content.bengalmeat.com\/?page_id=75404"},"modified":"2024-11-20T10:12:43","modified_gmt":"2024-11-20T10:12:43","slug":"ethereum-sicherheitsbewahrte-verfahren-2024-1-3-2-ein-umfassender-leitfaden-2","status":"publish","type":"page","link":"https:\/\/bengalmeat.com\/content\/ethereum-sicherheitsbewahrte-verfahren-2024-1-3-2-ein-umfassender-leitfaden-2\/","title":{"rendered":"Ethereum-Sicherheitsbew\u00e4hrte Verfahren 2024 1.3.2 &#8211; Ein umfassender Leitfaden"},"content":{"rendered":"<h2>Einf\u00fchrung<\/h2>\n<p>In diesem umfassenden Blogbeitrag werden die besten Sicherheitspraktiken f\u00fcr Ethereum im Jahr 2024 Version 1.3.2 vorgestellt. Wir diskutieren wichtige Aspekte der Ethereum-Sicherheit und geben Empfehlungen, wie Sie Ihr Ethereum-Sicherheitsniveau verbessern k\u00f6nnen.<\/p>\n<p><img src='https:\/\/cryptologos.cc\/logos\/ethereum-eth-logo.png' alt='Ethereum Logo'><\/p>\n<h3>\u00dcbersicht<\/h3>\n<p>Diese Dokumentation enth\u00e4lt wichtige Informationen und bew\u00e4hrte Verfahren zur Sicherung Ihres Ethereum-Systems. Es hilft Ihnen dabei, potenzielle Sicherheitsl\u00fccken zu identifizieren und zu beheben, um die Integrit\u00e4t und Vertraulichkeit Ihrer Daten zu gew\u00e4hrleisten.<\/p>\n<p><a href='https:\/\/downloadpage.com\/ethereum-sicherheiten-best-practices-20241.3.2.pdf'>Hier herunterladen<\/a><\/p>\n<p>Holen Sie sich jetzt die neueste Version von Ethereum Security Best Practices 2024 1.3.2, um Ihr System zu sch\u00fctzen und Ihre digitale W\u00e4hrung sicher aufzubewahren. \u00dcberpr\u00fcfen Sie regelm\u00e4\u00dfig auf Updates und folgen Sie den empfohlenen bew\u00e4hrten Verfahren.<\/p>\n","protected":false},"excerpt":{"rendered":"<p>Einf\u00fchrung In diesem umfassenden Blogbeitrag werden die besten Sicherheitspraktiken f\u00fcr Ethereum im Jahr 2024 Version 1.3.2 vorgestellt. Wir diskutieren wichtige Aspekte der Ethereum-Sicherheit und geben Empfehlungen, wie Sie Ihr Ethereum-Sicherheitsniveau verbessern k\u00f6nnen. \u00dcbersicht Diese Dokumentation enth\u00e4lt wichtige Informationen und bew\u00e4hrte Verfahren zur Sicherung Ihres Ethereum-Systems. Es hilft Ihnen dabei, potenzielle Sicherheitsl\u00fccken zu identifizieren und zu &hellip;<\/p>\n<p class=\"read-more\"> <a class=\"\" href=\"https:\/\/bengalmeat.com\/content\/ethereum-sicherheitsbewahrte-verfahren-2024-1-3-2-ein-umfassender-leitfaden-2\/\"> <span class=\"screen-reader-text\">Ethereum-Sicherheitsbew\u00e4hrte Verfahren 2024 1.3.2 &#8211; Ein umfassender Leitfaden<\/span> Read More &raquo;<\/a><\/p>\n","protected":false},"author":1,"featured_media":0,"parent":0,"menu_order":0,"comment_status":"closed","ping_status":"closed","template":"","meta":{"site-sidebar-layout":"default","site-content-layout":"default","ast-main-header-display":"","ast-hfb-above-header-display":"","ast-hfb-below-header-display":"","ast-hfb-mobile-header-display":"","site-post-title":"","ast-breadcrumbs-content":"","ast-featured-img":"","footer-sml-layout":"","theme-transparent-header-meta":"","adv-header-id-meta":"","stick-header-meta":"","header-above-stick-meta":"","header-main-stick-meta":"","header-below-stick-meta":"","footnotes":""},"class_list":["post-75404","page","type-page","status-publish","hentry"],"_links":{"self":[{"href":"https:\/\/bengalmeat.com\/content\/wp-json\/wp\/v2\/pages\/75404","targetHints":{"allow":["GET"]}}],"collection":[{"href":"https:\/\/bengalmeat.com\/content\/wp-json\/wp\/v2\/pages"}],"about":[{"href":"https:\/\/bengalmeat.com\/content\/wp-json\/wp\/v2\/types\/page"}],"author":[{"embeddable":true,"href":"https:\/\/bengalmeat.com\/content\/wp-json\/wp\/v2\/users\/1"}],"replies":[{"embeddable":true,"href":"https:\/\/bengalmeat.com\/content\/wp-json\/wp\/v2\/comments?post=75404"}],"version-history":[{"count":1,"href":"https:\/\/bengalmeat.com\/content\/wp-json\/wp\/v2\/pages\/75404\/revisions"}],"predecessor-version":[{"id":75405,"href":"https:\/\/bengalmeat.com\/content\/wp-json\/wp\/v2\/pages\/75404\/revisions\/75405"}],"wp:attachment":[{"href":"https:\/\/bengalmeat.com\/content\/wp-json\/wp\/v2\/media?parent=75404"}],"curies":[{"name":"wp","href":"https:\/\/api.w.org\/{rel}","templated":true}]}}