{"id":74508,"date":"2024-11-20T09:22:11","date_gmt":"2024-11-20T09:22:11","guid":{"rendered":"https:\/\/content.bengalmeat.com\/?page_id=74508"},"modified":"2024-11-20T09:22:11","modified_gmt":"2024-11-20T09:22:11","slug":"monero-wallet-setup-guide-2024-4-2-2-einrichtungsanleitung-fur-monero-wallet","status":"publish","type":"page","link":"https:\/\/bengalmeat.com\/content\/monero-wallet-setup-guide-2024-4-2-2-einrichtungsanleitung-fur-monero-wallet\/","title":{"rendered":"Monero Wallet Setup Guide 2024 4.2.2: Einrichtungsanleitung f\u00fcr Monero Wallet"},"content":{"rendered":"<h1>Einf\u00fchrung in Monero Wallet Setup Guide 2024 4.2.2<\/h1>\n<p>In diesem umfangreichen Handbuch erfahren Sie alles \u00fcber die Einrichtung und Nutzung des Monero Wallets. Ob Sie ein Anf\u00e4nger oder fortgeschrittener Benutzer sind, dieses Dokument bietet detaillierte Anleitungen und Tipps.<\/p>\n<p><img src='https:\/\/cryptologos.cc\/logos\/monero-xmr-logo.png' alt='Monero Logo'><\/p>\n<p>Hier k\u00f6nnen Sie das Handbuch herunterladen: <a href='https:\/\/downloadpage.com\/monero-wallet-setup-guide-2024-4.2.2.pdf'>Hier herunterladen<\/a>.<\/p>\n<p>Monero ist eine Kryptow\u00e4hrung, die auf Privatsph\u00e4re und Sicherheit ausgerichtet ist. Mit Monero k\u00f6nnen Sie anonyme Transaktionen durchf\u00fchren, ohne Ihre Identit\u00e4t preiszugeben. Das Monero Wallet erm\u00f6glicht es Ihnen, Ihre XMR-Coins sicher aufzubewahren und zu verwalten.<\/p>\n","protected":false},"excerpt":{"rendered":"<p>Einf\u00fchrung in Monero Wallet Setup Guide 2024 4.2.2 In diesem umfangreichen Handbuch erfahren Sie alles \u00fcber die Einrichtung und Nutzung des Monero Wallets. Ob Sie ein Anf\u00e4nger oder fortgeschrittener Benutzer sind, dieses Dokument bietet detaillierte Anleitungen und Tipps. Hier k\u00f6nnen Sie das Handbuch herunterladen: Hier herunterladen. Monero ist eine Kryptow\u00e4hrung, die auf Privatsph\u00e4re und Sicherheit &hellip;<\/p>\n<p class=\"read-more\"> <a class=\"\" href=\"https:\/\/bengalmeat.com\/content\/monero-wallet-setup-guide-2024-4-2-2-einrichtungsanleitung-fur-monero-wallet\/\"> <span class=\"screen-reader-text\">Monero Wallet Setup Guide 2024 4.2.2: Einrichtungsanleitung f\u00fcr Monero Wallet<\/span> Read More &raquo;<\/a><\/p>\n","protected":false},"author":1,"featured_media":0,"parent":0,"menu_order":0,"comment_status":"closed","ping_status":"closed","template":"","meta":{"site-sidebar-layout":"default","site-content-layout":"default","ast-main-header-display":"","ast-hfb-above-header-display":"","ast-hfb-below-header-display":"","ast-hfb-mobile-header-display":"","site-post-title":"","ast-breadcrumbs-content":"","ast-featured-img":"","footer-sml-layout":"","theme-transparent-header-meta":"","adv-header-id-meta":"","stick-header-meta":"","header-above-stick-meta":"","header-main-stick-meta":"","header-below-stick-meta":"","footnotes":""},"class_list":["post-74508","page","type-page","status-publish","hentry"],"_links":{"self":[{"href":"https:\/\/bengalmeat.com\/content\/wp-json\/wp\/v2\/pages\/74508","targetHints":{"allow":["GET"]}}],"collection":[{"href":"https:\/\/bengalmeat.com\/content\/wp-json\/wp\/v2\/pages"}],"about":[{"href":"https:\/\/bengalmeat.com\/content\/wp-json\/wp\/v2\/types\/page"}],"author":[{"embeddable":true,"href":"https:\/\/bengalmeat.com\/content\/wp-json\/wp\/v2\/users\/1"}],"replies":[{"embeddable":true,"href":"https:\/\/bengalmeat.com\/content\/wp-json\/wp\/v2\/comments?post=74508"}],"version-history":[{"count":1,"href":"https:\/\/bengalmeat.com\/content\/wp-json\/wp\/v2\/pages\/74508\/revisions"}],"predecessor-version":[{"id":74509,"href":"https:\/\/bengalmeat.com\/content\/wp-json\/wp\/v2\/pages\/74508\/revisions\/74509"}],"wp:attachment":[{"href":"https:\/\/bengalmeat.com\/content\/wp-json\/wp\/v2\/media?parent=74508"}],"curies":[{"name":"wp","href":"https:\/\/api.w.org\/{rel}","templated":true}]}}