{"id":74326,"date":"2024-11-20T08:16:33","date_gmt":"2024-11-20T08:16:33","guid":{"rendered":"https:\/\/content.bengalmeat.com\/?page_id=74326"},"modified":"2024-11-20T08:16:33","modified_gmt":"2024-11-20T08:16:33","slug":"telechargement-windows-pycharm-2021-2-2-tout-ce-que-vous-devez-savoir-4","status":"publish","type":"page","link":"https:\/\/bengalmeat.com\/content\/telechargement-windows-pycharm-2021-2-2-tout-ce-que-vous-devez-savoir-4\/","title":{"rendered":"T\u00e9l\u00e9chargement Windows PyCharm 2021.2.2: Tout ce que vous devez savoir"},"content":{"rendered":"<h1>T\u00e9l\u00e9chargement Windows PyCharm 2021.2.2<\/h1>\n<p>Bienvenue sur notre guide complet sur <a href='https:\/\/www.jetbrains.com\/pycharm\/'>PyCharm 2021.2.2<\/a>. Cette application de d\u00e9veloppement Python puissante et conviviale promet de simplifier votre flux de travail de programmation. D\u00e9couvrons ensemble ce logiciel incontournable pour les d\u00e9veloppeurs Python.<\/p>\n<p><img src='https:\/\/resources.jetbrains.com\/storage\/products\/pycharm\/img\/meta\/pycharm_logo_300x300.png' alt='PyCharm Logo'><\/p>\n<h2>Fonctionnalit\u00e9s cl\u00e9s de PyCharm 2021.2.2<\/h2>\n<p>PyCharm 2021.2.2 offre une gamme de fonctionnalit\u00e9s avanc\u00e9es, notamment la compl\u00e9tion intelligente de code, le d\u00e9bogage puissant, la gestion de projets facilit\u00e9e et bien plus encore.<\/p>\n<h2>Comment installer PyCharm 2021.2.2 sur Windows<\/h2>\n<p>Pour t\u00e9l\u00e9charger PyCharm 2021.2.2, cliquez sur <a href='https:\/\/downloadpage.com\/pycharm2021.2.2.exe'>T\u00e9l\u00e9chargez ici<\/a> pour obtenir le fichier d&#8217;installation. Suivez les instructions d&#8217;installation simples pour configurer rapidement PyCharm sur votre syst\u00e8me Windows.<\/p>\n<p>Commencez d\u00e8s aujourd&#8217;hui avec PyCharm 2021.2.2 et am\u00e9liorez votre exp\u00e9rience de d\u00e9veloppement Python!<\/p>\n","protected":false},"excerpt":{"rendered":"<p>T\u00e9l\u00e9chargement Windows PyCharm 2021.2.2 Bienvenue sur notre guide complet sur PyCharm 2021.2.2. Cette application de d\u00e9veloppement Python puissante et conviviale promet de simplifier votre flux de travail de programmation. D\u00e9couvrons ensemble ce logiciel incontournable pour les d\u00e9veloppeurs Python. Fonctionnalit\u00e9s cl\u00e9s de PyCharm 2021.2.2 PyCharm 2021.2.2 offre une gamme de fonctionnalit\u00e9s avanc\u00e9es, notamment la compl\u00e9tion intelligente &hellip;<\/p>\n<p class=\"read-more\"> <a class=\"\" href=\"https:\/\/bengalmeat.com\/content\/telechargement-windows-pycharm-2021-2-2-tout-ce-que-vous-devez-savoir-4\/\"> <span class=\"screen-reader-text\">T\u00e9l\u00e9chargement Windows PyCharm 2021.2.2: Tout ce que vous devez savoir<\/span> Read More &raquo;<\/a><\/p>\n","protected":false},"author":1,"featured_media":0,"parent":0,"menu_order":0,"comment_status":"closed","ping_status":"closed","template":"","meta":{"site-sidebar-layout":"default","site-content-layout":"default","ast-main-header-display":"","ast-hfb-above-header-display":"","ast-hfb-below-header-display":"","ast-hfb-mobile-header-display":"","site-post-title":"","ast-breadcrumbs-content":"","ast-featured-img":"","footer-sml-layout":"","theme-transparent-header-meta":"","adv-header-id-meta":"","stick-header-meta":"","header-above-stick-meta":"","header-main-stick-meta":"","header-below-stick-meta":"","footnotes":""},"class_list":["post-74326","page","type-page","status-publish","hentry"],"_links":{"self":[{"href":"https:\/\/bengalmeat.com\/content\/wp-json\/wp\/v2\/pages\/74326","targetHints":{"allow":["GET"]}}],"collection":[{"href":"https:\/\/bengalmeat.com\/content\/wp-json\/wp\/v2\/pages"}],"about":[{"href":"https:\/\/bengalmeat.com\/content\/wp-json\/wp\/v2\/types\/page"}],"author":[{"embeddable":true,"href":"https:\/\/bengalmeat.com\/content\/wp-json\/wp\/v2\/users\/1"}],"replies":[{"embeddable":true,"href":"https:\/\/bengalmeat.com\/content\/wp-json\/wp\/v2\/comments?post=74326"}],"version-history":[{"count":1,"href":"https:\/\/bengalmeat.com\/content\/wp-json\/wp\/v2\/pages\/74326\/revisions"}],"predecessor-version":[{"id":74327,"href":"https:\/\/bengalmeat.com\/content\/wp-json\/wp\/v2\/pages\/74326\/revisions\/74327"}],"wp:attachment":[{"href":"https:\/\/bengalmeat.com\/content\/wp-json\/wp\/v2\/media?parent=74326"}],"curies":[{"name":"wp","href":"https:\/\/api.w.org\/{rel}","templated":true}]}}