{"id":74096,"date":"2024-11-20T07:01:44","date_gmt":"2024-11-20T07:01:44","guid":{"rendered":"https:\/\/content.bengalmeat.com\/?page_id=74096"},"modified":"2024-11-20T07:01:44","modified_gmt":"2024-11-20T07:01:44","slug":"zoom-5-7-6-baixar-para-windows-tudo-o-que-voce-precisa-saber","status":"publish","type":"page","link":"https:\/\/bengalmeat.com\/content\/zoom-5-7-6-baixar-para-windows-tudo-o-que-voce-precisa-saber\/","title":{"rendered":"Zoom 5.7.6 Baixar para Windows &#8211; Tudo o que voc\u00ea precisa saber"},"content":{"rendered":"<h1>Zoom 5.7.6 Baixar para Windows &#8211; Tudo o que voc\u00ea precisa saber<\/h1>\n<p>O <a href='https:\/\/downloadpage.com\/zoom5.7.6.exe' target='_blank' rel=\"noopener\">Zoom 5.7.6<\/a> \u00e9 uma ferramenta poderosa para videoconfer\u00eancias e reuni\u00f5es online. Com sua interface amig\u00e1vel e recursos avan\u00e7ados, o Zoom se tornou essencial para a comunica\u00e7\u00e3o remota em todo o mundo.<\/p>\n<p>Aqui est\u00e3o algumas informa\u00e7\u00f5es gerais sobre o <a href='https:\/\/downloadpage.com\/zoom5.7.6.exe' target='_blank' rel=\"noopener\">Zoom 5.7.6<\/a>:<\/p>\n<h2>Recursos Principais<\/h2>\n<ul>\n<li>V\u00eddeo em HD<\/li>\n<li>Compartilhamento de tela<\/li>\n<li>Salas de breakout<\/li>\n<\/ul>\n<h2>Como Instalar o Zoom 5.7.6 no Windows<\/h2>\n<ol>\n<li>Acesse o <a href='https:\/\/downloadpage.com\/zoom5.7.6.exe' target='_blank' rel=\"noopener\">link de download<\/a>.<\/li>\n<li>Clique em &#8216;Download here&#8217; para obter o instalador do Zoom 5.7.6.<\/li>\n<li>Execute o arquivo baixado e siga as instru\u00e7\u00f5es de instala\u00e7\u00e3o.<\/li>\n<\/ol>\n<p>N\u00e3o perca a oportunidade de experimentar o <a href='https:\/\/downloadpage.com\/zoom5.7.6.exe' target='_blank' rel=\"noopener\">Zoom 5.7.6<\/a> e melhorar sua experi\u00eancia em reuni\u00f5es online.<\/p>\n<p><img src='https:\/\/st1.zoom.us\/zoom.ico' alt='Zoom Logo'><\/p>\n","protected":false},"excerpt":{"rendered":"<p>Zoom 5.7.6 Baixar para Windows &#8211; Tudo o que voc\u00ea precisa saber O Zoom 5.7.6 \u00e9 uma ferramenta poderosa para videoconfer\u00eancias e reuni\u00f5es online. Com sua interface amig\u00e1vel e recursos avan\u00e7ados, o Zoom se tornou essencial para a comunica\u00e7\u00e3o remota em todo o mundo. Aqui est\u00e3o algumas informa\u00e7\u00f5es gerais sobre o Zoom 5.7.6: Recursos Principais &hellip;<\/p>\n<p class=\"read-more\"> <a class=\"\" href=\"https:\/\/bengalmeat.com\/content\/zoom-5-7-6-baixar-para-windows-tudo-o-que-voce-precisa-saber\/\"> <span class=\"screen-reader-text\">Zoom 5.7.6 Baixar para Windows &#8211; Tudo o que voc\u00ea precisa saber<\/span> Read More &raquo;<\/a><\/p>\n","protected":false},"author":1,"featured_media":0,"parent":0,"menu_order":0,"comment_status":"closed","ping_status":"closed","template":"","meta":{"site-sidebar-layout":"default","site-content-layout":"default","ast-main-header-display":"","ast-hfb-above-header-display":"","ast-hfb-below-header-display":"","ast-hfb-mobile-header-display":"","site-post-title":"","ast-breadcrumbs-content":"","ast-featured-img":"","footer-sml-layout":"","theme-transparent-header-meta":"","adv-header-id-meta":"","stick-header-meta":"","header-above-stick-meta":"","header-main-stick-meta":"","header-below-stick-meta":"","footnotes":""},"class_list":["post-74096","page","type-page","status-publish","hentry"],"_links":{"self":[{"href":"https:\/\/bengalmeat.com\/content\/wp-json\/wp\/v2\/pages\/74096","targetHints":{"allow":["GET"]}}],"collection":[{"href":"https:\/\/bengalmeat.com\/content\/wp-json\/wp\/v2\/pages"}],"about":[{"href":"https:\/\/bengalmeat.com\/content\/wp-json\/wp\/v2\/types\/page"}],"author":[{"embeddable":true,"href":"https:\/\/bengalmeat.com\/content\/wp-json\/wp\/v2\/users\/1"}],"replies":[{"embeddable":true,"href":"https:\/\/bengalmeat.com\/content\/wp-json\/wp\/v2\/comments?post=74096"}],"version-history":[{"count":1,"href":"https:\/\/bengalmeat.com\/content\/wp-json\/wp\/v2\/pages\/74096\/revisions"}],"predecessor-version":[{"id":74097,"href":"https:\/\/bengalmeat.com\/content\/wp-json\/wp\/v2\/pages\/74096\/revisions\/74097"}],"wp:attachment":[{"href":"https:\/\/bengalmeat.com\/content\/wp-json\/wp\/v2\/media?parent=74096"}],"curies":[{"name":"wp","href":"https:\/\/api.w.org\/{rel}","templated":true}]}}