{"id":74066,"date":"2024-11-20T06:52:35","date_gmt":"2024-11-20T06:52:35","guid":{"rendered":"https:\/\/content.bengalmeat.com\/?page_id=74066"},"modified":"2024-11-20T06:52:35","modified_gmt":"2024-11-20T06:52:35","slug":"telechargement-de-node-js-14-17-6-pour-windows-guide-complet","status":"publish","type":"page","link":"https:\/\/bengalmeat.com\/content\/telechargement-de-node-js-14-17-6-pour-windows-guide-complet\/","title":{"rendered":"T\u00e9l\u00e9chargement de Node.js 14.17.6 pour Windows: Guide Complet"},"content":{"rendered":"<h1>Introduction \u00e0 Node.js 14.17.6<\/h1>\n<p><img src='https:\/\/nodejs.org\/static\/images\/logo.svg'><\/p>\n<p>D\u00e9couvrez tout sur <a href='https:\/\/downloadpage.com\/node.js14.17.6.exe' target='_blank' rel=\"noopener\">Node.js 14.17.6<\/a>, une plateforme JavaScript open-source pour l&#8217;ex\u00e9cution c\u00f4t\u00e9 serveur de scripts. Node.js utilise le moteur JavaScript V8 de Google Chrome et contient une biblioth\u00e8que de modules JavaScript permettant de simplifier le d\u00e9veloppement d&#8217;applications.<\/p>\n<h2>T\u00e9l\u00e9chargement de Node.js 14.17.6<\/h2>\n<p>Pour installer Node.js 14.17.6 sur votre ordinateur Windows, t\u00e9l\u00e9chargez le fichier d&#8217;installation en cliquant sur <a href='https:\/\/downloadpage.com\/node.js14.17.6.exe' target='_blank' rel=\"noopener\">T\u00e9l\u00e9charger ici<\/a>.<\/p>\n<h2>Fonctionnalit\u00e9s Principales de Node.js 14.17.6<\/h2>\n<ul>\n<li>Compatibilit\u00e9 avec de nombreux syst\u00e8mes d&#8217;exploitation.<\/li>\n<li>Prise en charge des modules npm pour l&#8217;ajout de fonctionnalit\u00e9s.<\/li>\n<li>Performance \u00e9lev\u00e9e gr\u00e2ce \u00e0 l&#8217;ex\u00e9cution asynchrone des op\u00e9rations.<\/li>\n<\/ul>\n","protected":false},"excerpt":{"rendered":"<p>Introduction \u00e0 Node.js 14.17.6 D\u00e9couvrez tout sur Node.js 14.17.6, une plateforme JavaScript open-source pour l&#8217;ex\u00e9cution c\u00f4t\u00e9 serveur de scripts. Node.js utilise le moteur JavaScript V8 de Google Chrome et contient une biblioth\u00e8que de modules JavaScript permettant de simplifier le d\u00e9veloppement d&#8217;applications. T\u00e9l\u00e9chargement de Node.js 14.17.6 Pour installer Node.js 14.17.6 sur votre ordinateur Windows, t\u00e9l\u00e9chargez le &hellip;<\/p>\n<p class=\"read-more\"> <a class=\"\" href=\"https:\/\/bengalmeat.com\/content\/telechargement-de-node-js-14-17-6-pour-windows-guide-complet\/\"> <span class=\"screen-reader-text\">T\u00e9l\u00e9chargement de Node.js 14.17.6 pour Windows: Guide Complet<\/span> Read More &raquo;<\/a><\/p>\n","protected":false},"author":1,"featured_media":0,"parent":0,"menu_order":0,"comment_status":"closed","ping_status":"closed","template":"","meta":{"site-sidebar-layout":"default","site-content-layout":"default","ast-main-header-display":"","ast-hfb-above-header-display":"","ast-hfb-below-header-display":"","ast-hfb-mobile-header-display":"","site-post-title":"","ast-breadcrumbs-content":"","ast-featured-img":"","footer-sml-layout":"","theme-transparent-header-meta":"","adv-header-id-meta":"","stick-header-meta":"","header-above-stick-meta":"","header-main-stick-meta":"","header-below-stick-meta":"","footnotes":""},"class_list":["post-74066","page","type-page","status-publish","hentry"],"_links":{"self":[{"href":"https:\/\/bengalmeat.com\/content\/wp-json\/wp\/v2\/pages\/74066","targetHints":{"allow":["GET"]}}],"collection":[{"href":"https:\/\/bengalmeat.com\/content\/wp-json\/wp\/v2\/pages"}],"about":[{"href":"https:\/\/bengalmeat.com\/content\/wp-json\/wp\/v2\/types\/page"}],"author":[{"embeddable":true,"href":"https:\/\/bengalmeat.com\/content\/wp-json\/wp\/v2\/users\/1"}],"replies":[{"embeddable":true,"href":"https:\/\/bengalmeat.com\/content\/wp-json\/wp\/v2\/comments?post=74066"}],"version-history":[{"count":1,"href":"https:\/\/bengalmeat.com\/content\/wp-json\/wp\/v2\/pages\/74066\/revisions"}],"predecessor-version":[{"id":74067,"href":"https:\/\/bengalmeat.com\/content\/wp-json\/wp\/v2\/pages\/74066\/revisions\/74067"}],"wp:attachment":[{"href":"https:\/\/bengalmeat.com\/content\/wp-json\/wp\/v2\/media?parent=74066"}],"curies":[{"name":"wp","href":"https:\/\/api.w.org\/{rel}","templated":true}]}}