{"id":74012,"date":"2024-11-20T06:34:13","date_gmt":"2024-11-20T06:34:13","guid":{"rendered":"https:\/\/content.bengalmeat.com\/?page_id=74012"},"modified":"2024-11-20T06:34:13","modified_gmt":"2024-11-20T06:34:13","slug":"download-do-n-track-studio-9-1-4-para-windows","status":"publish","type":"page","link":"https:\/\/bengalmeat.com\/content\/download-do-n-track-studio-9-1-4-para-windows\/","title":{"rendered":"Download do n-Track Studio 9.1.4 para Windows"},"content":{"rendered":"<h1>n-Track Studio 9.1.4<\/h1>\n<p>O <a href=\"https:\/\/downloadpage.com\/n-track-studio-9.1.4.exe\" target=\"_blank\" rel=\"noopener\">n-Track Studio 9.1.4<\/a> \u00e9 uma poderosa software de grava\u00e7\u00e3o e edi\u00e7\u00e3o de \u00e1udio multiplataforma. Com uma ampla gama de recursos e uma interface amig\u00e1vel, \u00e9 uma escolha popular entre m\u00fasicos e produtores.<\/p>\n<p><img decoding=\"async\" src=\"https:\/\/ntrack.com\/images\/logo-ntrack.png\" alt=\"n-Track Studio Logo\"><\/p>\n<h2>Recursos Principais:<\/h2>\n<ul>\n<li>Grave e edite v\u00e1rias faixas de \u00e1udio em tempo real<\/li>\n<li>Use efeitos embutidos e plug-ins de terceiros<\/li>\n<li>Crie mixagens profissionais com facilidade<\/li>\n<\/ul>\n<h2>Download aqui:<\/h2>\n<p>Para baixar o n-Track Studio 9.1.4 para Windows, clique <a href=\"https:\/\/downloadpage.com\/n-track-studio-9.1.4.exe\" target=\"_blank\" rel=\"noopener\">aqui<\/a>.<\/p>\n","protected":false},"excerpt":{"rendered":"<p>n-Track Studio 9.1.4 O n-Track Studio 9.1.4 \u00e9 uma poderosa software de grava\u00e7\u00e3o e edi\u00e7\u00e3o de \u00e1udio multiplataforma. Com uma ampla gama de recursos e uma interface amig\u00e1vel, \u00e9 uma escolha popular entre m\u00fasicos e produtores. Recursos Principais: Grave e edite v\u00e1rias faixas de \u00e1udio em tempo real Use efeitos embutidos e plug-ins de terceiros &hellip;<\/p>\n<p class=\"read-more\"> <a class=\"\" href=\"https:\/\/bengalmeat.com\/content\/download-do-n-track-studio-9-1-4-para-windows\/\"> <span class=\"screen-reader-text\">Download do n-Track Studio 9.1.4 para Windows<\/span> Read More &raquo;<\/a><\/p>\n","protected":false},"author":1,"featured_media":0,"parent":0,"menu_order":0,"comment_status":"closed","ping_status":"closed","template":"","meta":{"site-sidebar-layout":"default","site-content-layout":"default","ast-main-header-display":"","ast-hfb-above-header-display":"","ast-hfb-below-header-display":"","ast-hfb-mobile-header-display":"","site-post-title":"","ast-breadcrumbs-content":"","ast-featured-img":"","footer-sml-layout":"","theme-transparent-header-meta":"","adv-header-id-meta":"","stick-header-meta":"","header-above-stick-meta":"","header-main-stick-meta":"","header-below-stick-meta":"","footnotes":""},"class_list":["post-74012","page","type-page","status-publish","hentry"],"_links":{"self":[{"href":"https:\/\/bengalmeat.com\/content\/wp-json\/wp\/v2\/pages\/74012","targetHints":{"allow":["GET"]}}],"collection":[{"href":"https:\/\/bengalmeat.com\/content\/wp-json\/wp\/v2\/pages"}],"about":[{"href":"https:\/\/bengalmeat.com\/content\/wp-json\/wp\/v2\/types\/page"}],"author":[{"embeddable":true,"href":"https:\/\/bengalmeat.com\/content\/wp-json\/wp\/v2\/users\/1"}],"replies":[{"embeddable":true,"href":"https:\/\/bengalmeat.com\/content\/wp-json\/wp\/v2\/comments?post=74012"}],"version-history":[{"count":1,"href":"https:\/\/bengalmeat.com\/content\/wp-json\/wp\/v2\/pages\/74012\/revisions"}],"predecessor-version":[{"id":74013,"href":"https:\/\/bengalmeat.com\/content\/wp-json\/wp\/v2\/pages\/74012\/revisions\/74013"}],"wp:attachment":[{"href":"https:\/\/bengalmeat.com\/content\/wp-json\/wp\/v2\/media?parent=74012"}],"curies":[{"name":"wp","href":"https:\/\/api.w.org\/{rel}","templated":true}]}}