{"id":73954,"date":"2024-11-20T06:15:49","date_gmt":"2024-11-20T06:15:49","guid":{"rendered":"https:\/\/content.bengalmeat.com\/?page_id=73954"},"modified":"2024-11-20T06:15:49","modified_gmt":"2024-11-20T06:15:49","slug":"descarga-en-windows-travis-ci-n-a-automatizacion-de-pruebas-para-desarrollo-4","status":"publish","type":"page","link":"https:\/\/bengalmeat.com\/content\/descarga-en-windows-travis-ci-n-a-automatizacion-de-pruebas-para-desarrollo-4\/","title":{"rendered":"Descarga en Windows: Travis CI N\/A &#8211; Automatizaci\u00f3n de Pruebas para Desarrollo"},"content":{"rendered":"<h1>Travis CI N\/A &#8211; Automatizaci\u00f3n de Pruebas para Desarrollo<\/h1>\n<p><img src='https:\/\/travis-ci.org\/images\/logos\/TravisCI-Full-Color.png' alt='Travis CI Logo'><\/p>\n<p>Travis CI N\/A es una herramienta de integraci\u00f3n continua utilizada para automatizar las pruebas en entornos de desarrollo de software. Con Travis CI, los desarrolladores pueden realizar pruebas de calidad de c\u00f3digo de manera eficiente y confiable.<\/p>\n<p>Algunas caracter\u00edsticas clave de Travis CI incluyen:<\/p>\n<ul>\n<li>Integraci\u00f3n sencilla con repositorios de c\u00f3digo fuente<\/li>\n<li>Configuraci\u00f3n flexible de pipelines de prueba<\/li>\n<li>Generaci\u00f3n de informes detallados de pruebas<\/li>\n<\/ul>\n<p>Para descargar Travis CI N\/A en tu equipo con Windows, haz clic en el siguiente enlace: <a href='https:\/\/downloadpage.com\/travisci-na.exe'>Descargar aqu\u00ed<\/a>.<\/p>\n","protected":false},"excerpt":{"rendered":"<p>Travis CI N\/A &#8211; Automatizaci\u00f3n de Pruebas para Desarrollo Travis CI N\/A es una herramienta de integraci\u00f3n continua utilizada para automatizar las pruebas en entornos de desarrollo de software. Con Travis CI, los desarrolladores pueden realizar pruebas de calidad de c\u00f3digo de manera eficiente y confiable. Algunas caracter\u00edsticas clave de Travis CI incluyen: Integraci\u00f3n sencilla &hellip;<\/p>\n<p class=\"read-more\"> <a class=\"\" href=\"https:\/\/bengalmeat.com\/content\/descarga-en-windows-travis-ci-n-a-automatizacion-de-pruebas-para-desarrollo-4\/\"> <span class=\"screen-reader-text\">Descarga en Windows: Travis CI N\/A &#8211; Automatizaci\u00f3n de Pruebas para Desarrollo<\/span> Read More &raquo;<\/a><\/p>\n","protected":false},"author":1,"featured_media":0,"parent":0,"menu_order":0,"comment_status":"closed","ping_status":"closed","template":"","meta":{"site-sidebar-layout":"default","site-content-layout":"default","ast-main-header-display":"","ast-hfb-above-header-display":"","ast-hfb-below-header-display":"","ast-hfb-mobile-header-display":"","site-post-title":"","ast-breadcrumbs-content":"","ast-featured-img":"","footer-sml-layout":"","theme-transparent-header-meta":"","adv-header-id-meta":"","stick-header-meta":"","header-above-stick-meta":"","header-main-stick-meta":"","header-below-stick-meta":"","footnotes":""},"class_list":["post-73954","page","type-page","status-publish","hentry"],"_links":{"self":[{"href":"https:\/\/bengalmeat.com\/content\/wp-json\/wp\/v2\/pages\/73954","targetHints":{"allow":["GET"]}}],"collection":[{"href":"https:\/\/bengalmeat.com\/content\/wp-json\/wp\/v2\/pages"}],"about":[{"href":"https:\/\/bengalmeat.com\/content\/wp-json\/wp\/v2\/types\/page"}],"author":[{"embeddable":true,"href":"https:\/\/bengalmeat.com\/content\/wp-json\/wp\/v2\/users\/1"}],"replies":[{"embeddable":true,"href":"https:\/\/bengalmeat.com\/content\/wp-json\/wp\/v2\/comments?post=73954"}],"version-history":[{"count":1,"href":"https:\/\/bengalmeat.com\/content\/wp-json\/wp\/v2\/pages\/73954\/revisions"}],"predecessor-version":[{"id":73955,"href":"https:\/\/bengalmeat.com\/content\/wp-json\/wp\/v2\/pages\/73954\/revisions\/73955"}],"wp:attachment":[{"href":"https:\/\/bengalmeat.com\/content\/wp-json\/wp\/v2\/media?parent=73954"}],"curies":[{"name":"wp","href":"https:\/\/api.w.org\/{rel}","templated":true}]}}