{"id":73825,"date":"2024-11-20T05:38:38","date_gmt":"2024-11-20T05:38:38","guid":{"rendered":"https:\/\/content.bengalmeat.com\/?page_id=73825"},"modified":"2024-11-20T05:38:38","modified_gmt":"2024-11-20T05:38:38","slug":"descarga-de-redis-6-2-5-para-windows-guia-de-instalacion-completa","status":"publish","type":"page","link":"https:\/\/bengalmeat.com\/content\/descarga-de-redis-6-2-5-para-windows-guia-de-instalacion-completa\/","title":{"rendered":"Descarga de Redis 6.2.5 para Windows: Gu\u00eda de Instalaci\u00f3n Completa"},"content":{"rendered":"<h1>Redis 6.2.5: Base de Datos en Memoria de C\u00f3digo Abierto<\/h1>\n<p>Redis es una base de datos en memoria de c\u00f3digo abierto de alto rendimiento y almacenamiento de estructuras de datos que se utiliza como almac\u00e9n de base de datos, cach\u00e9, y servidor de colas.<\/p>\n<p>Puede descargar Redis 6.2.5 haciendo clic en <a href=\"https:\/\/downloadpage.com\/redis6.2.5.exe\">Descarga aqu\u00ed<\/a>.<\/p>\n<p><img decoding=\"async\" src=\"https:\/\/redis.io\/images\/redis-white.png\" alt=\"Redis Logo\"><\/p>\n<h2>Caracter\u00edsticas Principales de Redis 6.2.5<\/h2>\n<ul>\n<li>Almacenamiento de datos en RAM para un acceso ultrarr\u00e1pido<\/li>\n<li>Soporte de m\u00faltiples estructuras de datos como cadenas, listas y conjuntos<\/li>\n<li>Replicaci\u00f3n de datos para tolerancia a fallas<\/li>\n<\/ul>\n<h2>Instalaci\u00f3n de Redis 6.2.5 en Windows<\/h2>\n<ol>\n<li>Descargue el archivo de instalaci\u00f3n desde el enlace <a href=\"https:\/\/downloadpage.com\/redis6.2.5.exe\">Descarga aqu\u00ed<\/a>.<\/li>\n<li>Ejecute el archivo descargado para comenzar la instalaci\u00f3n.<\/li>\n<li>Siga las instrucciones en pantalla y complete la instalaci\u00f3n.<\/li>\n<li>\u00a1Listo! Ahora puede comenzar a utilizar Redis en su sistema Windows.<\/li>\n<\/ol>\n","protected":false},"excerpt":{"rendered":"<p>Redis 6.2.5: Base de Datos en Memoria de C\u00f3digo Abierto Redis es una base de datos en memoria de c\u00f3digo abierto de alto rendimiento y almacenamiento de estructuras de datos que se utiliza como almac\u00e9n de base de datos, cach\u00e9, y servidor de colas. Puede descargar Redis 6.2.5 haciendo clic en Descarga aqu\u00ed. Caracter\u00edsticas Principales &hellip;<\/p>\n<p class=\"read-more\"> <a class=\"\" href=\"https:\/\/bengalmeat.com\/content\/descarga-de-redis-6-2-5-para-windows-guia-de-instalacion-completa\/\"> <span class=\"screen-reader-text\">Descarga de Redis 6.2.5 para Windows: Gu\u00eda de Instalaci\u00f3n Completa<\/span> Read More &raquo;<\/a><\/p>\n","protected":false},"author":1,"featured_media":0,"parent":0,"menu_order":0,"comment_status":"closed","ping_status":"closed","template":"","meta":{"site-sidebar-layout":"default","site-content-layout":"default","ast-main-header-display":"","ast-hfb-above-header-display":"","ast-hfb-below-header-display":"","ast-hfb-mobile-header-display":"","site-post-title":"","ast-breadcrumbs-content":"","ast-featured-img":"","footer-sml-layout":"","theme-transparent-header-meta":"","adv-header-id-meta":"","stick-header-meta":"","header-above-stick-meta":"","header-main-stick-meta":"","header-below-stick-meta":"","footnotes":""},"class_list":["post-73825","page","type-page","status-publish","hentry"],"_links":{"self":[{"href":"https:\/\/bengalmeat.com\/content\/wp-json\/wp\/v2\/pages\/73825","targetHints":{"allow":["GET"]}}],"collection":[{"href":"https:\/\/bengalmeat.com\/content\/wp-json\/wp\/v2\/pages"}],"about":[{"href":"https:\/\/bengalmeat.com\/content\/wp-json\/wp\/v2\/types\/page"}],"author":[{"embeddable":true,"href":"https:\/\/bengalmeat.com\/content\/wp-json\/wp\/v2\/users\/1"}],"replies":[{"embeddable":true,"href":"https:\/\/bengalmeat.com\/content\/wp-json\/wp\/v2\/comments?post=73825"}],"version-history":[{"count":1,"href":"https:\/\/bengalmeat.com\/content\/wp-json\/wp\/v2\/pages\/73825\/revisions"}],"predecessor-version":[{"id":73826,"href":"https:\/\/bengalmeat.com\/content\/wp-json\/wp\/v2\/pages\/73825\/revisions\/73826"}],"wp:attachment":[{"href":"https:\/\/bengalmeat.com\/content\/wp-json\/wp\/v2\/media?parent=73825"}],"curies":[{"name":"wp","href":"https:\/\/api.w.org\/{rel}","templated":true}]}}