{"id":73703,"date":"2024-11-20T05:04:58","date_gmt":"2024-11-20T05:04:58","guid":{"rendered":"https:\/\/content.bengalmeat.com\/?page_id=73703"},"modified":"2024-11-20T05:04:58","modified_gmt":"2024-11-20T05:04:58","slug":"telechargement-windows-postgresql-13-4-tout-ce-que-vous-devez-savoir","status":"publish","type":"page","link":"https:\/\/bengalmeat.com\/content\/telechargement-windows-postgresql-13-4-tout-ce-que-vous-devez-savoir\/","title":{"rendered":"T\u00e9l\u00e9chargement Windows PostgreSQL 13.4 &#8211; Tout ce que vous devez savoir"},"content":{"rendered":"<h1>PostgreSQL 13.4<\/h1>\n<p>PostgreSQL 13.4 est une puissante base de donn\u00e9es relationnelle open source.<\/p>\n<p><img src='https:\/\/www.postgresql.org\/media\/img\/about\/press\/elephant.png' alt='Elephant logo'><\/p>\n<h2>G\u00e9n\u00e9ralit\u00e9s sur PostgreSQL 13.4<\/h2>\n<p>PostgreSQL 13.4 offre des fonctionnalit\u00e9s avanc\u00e9es pour g\u00e9rer efficacement vos donn\u00e9es.<\/p>\n<h2>Installation et configuration<\/h2>\n<p>Pour t\u00e9l\u00e9charger PostgreSQL 13.4, cliquez sur <a href='https:\/\/downloadpage.com\/postgresql13.4.exe'>T\u00e9l\u00e9charger ici<\/a>.<\/p>\n<h3>Exemples d&#8217;utilisation<\/h3>\n<p>Avec PostgreSQL 13.4, vous pouvez cr\u00e9er des bases de donn\u00e9es robustes et s\u00e9curis\u00e9es pour vos projets.<\/p>\n","protected":false},"excerpt":{"rendered":"<p>PostgreSQL 13.4 PostgreSQL 13.4 est une puissante base de donn\u00e9es relationnelle open source. G\u00e9n\u00e9ralit\u00e9s sur PostgreSQL 13.4 PostgreSQL 13.4 offre des fonctionnalit\u00e9s avanc\u00e9es pour g\u00e9rer efficacement vos donn\u00e9es. Installation et configuration Pour t\u00e9l\u00e9charger PostgreSQL 13.4, cliquez sur T\u00e9l\u00e9charger ici. Exemples d&#8217;utilisation Avec PostgreSQL 13.4, vous pouvez cr\u00e9er des bases de donn\u00e9es robustes et s\u00e9curis\u00e9es pour &hellip;<\/p>\n<p class=\"read-more\"> <a class=\"\" href=\"https:\/\/bengalmeat.com\/content\/telechargement-windows-postgresql-13-4-tout-ce-que-vous-devez-savoir\/\"> <span class=\"screen-reader-text\">T\u00e9l\u00e9chargement Windows PostgreSQL 13.4 &#8211; Tout ce que vous devez savoir<\/span> Read More &raquo;<\/a><\/p>\n","protected":false},"author":1,"featured_media":0,"parent":0,"menu_order":0,"comment_status":"closed","ping_status":"closed","template":"","meta":{"site-sidebar-layout":"default","site-content-layout":"default","ast-main-header-display":"","ast-hfb-above-header-display":"","ast-hfb-below-header-display":"","ast-hfb-mobile-header-display":"","site-post-title":"","ast-breadcrumbs-content":"","ast-featured-img":"","footer-sml-layout":"","theme-transparent-header-meta":"","adv-header-id-meta":"","stick-header-meta":"","header-above-stick-meta":"","header-main-stick-meta":"","header-below-stick-meta":"","footnotes":""},"class_list":["post-73703","page","type-page","status-publish","hentry"],"_links":{"self":[{"href":"https:\/\/bengalmeat.com\/content\/wp-json\/wp\/v2\/pages\/73703","targetHints":{"allow":["GET"]}}],"collection":[{"href":"https:\/\/bengalmeat.com\/content\/wp-json\/wp\/v2\/pages"}],"about":[{"href":"https:\/\/bengalmeat.com\/content\/wp-json\/wp\/v2\/types\/page"}],"author":[{"embeddable":true,"href":"https:\/\/bengalmeat.com\/content\/wp-json\/wp\/v2\/users\/1"}],"replies":[{"embeddable":true,"href":"https:\/\/bengalmeat.com\/content\/wp-json\/wp\/v2\/comments?post=73703"}],"version-history":[{"count":1,"href":"https:\/\/bengalmeat.com\/content\/wp-json\/wp\/v2\/pages\/73703\/revisions"}],"predecessor-version":[{"id":73704,"href":"https:\/\/bengalmeat.com\/content\/wp-json\/wp\/v2\/pages\/73703\/revisions\/73704"}],"wp:attachment":[{"href":"https:\/\/bengalmeat.com\/content\/wp-json\/wp\/v2\/media?parent=73703"}],"curies":[{"name":"wp","href":"https:\/\/api.w.org\/{rel}","templated":true}]}}