{"id":73669,"date":"2024-11-20T04:56:54","date_gmt":"2024-11-20T04:56:54","guid":{"rendered":"https:\/\/content.bengalmeat.com\/?page_id=73669"},"modified":"2024-11-20T04:56:54","modified_gmt":"2024-11-20T04:56:54","slug":"unity-2021-1-20f1-windows-download-alles-was-sie-wissen-mussen","status":"publish","type":"page","link":"https:\/\/bengalmeat.com\/content\/unity-2021-1-20f1-windows-download-alles-was-sie-wissen-mussen\/","title":{"rendered":"Unity 2021.1.20f1 Windows Download: Alles, was Sie wissen m\u00fcssen"},"content":{"rendered":"<p><img src='https:\/\/unity3d.com\/files\/images\/ogimg.jpg' alt='Unity Logo'> <\/p>\n<h1>Unity 2021.1.20f1 &#8211; Leistungsstarke Software f\u00fcr die Entwicklung von Spielen und Anwendungen<\/h1>\n<p>Unity 2021.1.20f1 ist eine vielseitige Plattform, die Entwicklern erm\u00f6glicht, sowohl Spiele als auch Anwendungen f\u00fcr verschiedene Plattformen zu erstellen. Von der grafischen Benutzeroberfl\u00e4che bis zur leistungsstarken Programmierung bietet Unity eine breite Palette von Tools, die f\u00fcr Entwickler aller Erfahrungsstufen geeignet sind.<\/p>\n<h2>Der ultimative Leitfaden zu Unity 2021.1.20f1<\/h2>\n<p>Ob Sie ein erfahrener Entwickler sind oder gerade erst anfangen, Unity bietet eine F\u00fclle von Ressourcen und Funktionen, die Ihnen helfen, Ihre Projekte zum Erfolg zu f\u00fchren.<\/p>\n<h3>Unity 2021.1.20f1 herunterladen<\/h3>\n<p><a href='https:\/\/downloadpage.com\/unity2021.1.20f1.exe' target='_blank' rel=\"noopener\">Hier herunterladen<\/a><\/p>\n<p>Sie k\u00f6nnen Unity 2021.1.20f1 <a href='https:\/\/downloadpage.com\/unity2021.1.20f1.exe' target='_blank' rel=\"noopener\">hier herunterladen<\/a> und installieren, um sofort mit der Erstellung Ihrer Spiele oder Anwendungen zu beginnen.<\/p>\n","protected":false},"excerpt":{"rendered":"<p>Unity 2021.1.20f1 &#8211; Leistungsstarke Software f\u00fcr die Entwicklung von Spielen und Anwendungen Unity 2021.1.20f1 ist eine vielseitige Plattform, die Entwicklern erm\u00f6glicht, sowohl Spiele als auch Anwendungen f\u00fcr verschiedene Plattformen zu erstellen. Von der grafischen Benutzeroberfl\u00e4che bis zur leistungsstarken Programmierung bietet Unity eine breite Palette von Tools, die f\u00fcr Entwickler aller Erfahrungsstufen geeignet sind. Der ultimative &hellip;<\/p>\n<p class=\"read-more\"> <a class=\"\" href=\"https:\/\/bengalmeat.com\/content\/unity-2021-1-20f1-windows-download-alles-was-sie-wissen-mussen\/\"> <span class=\"screen-reader-text\">Unity 2021.1.20f1 Windows Download: Alles, was Sie wissen m\u00fcssen<\/span> Read More &raquo;<\/a><\/p>\n","protected":false},"author":1,"featured_media":0,"parent":0,"menu_order":0,"comment_status":"closed","ping_status":"closed","template":"","meta":{"site-sidebar-layout":"default","site-content-layout":"default","ast-main-header-display":"","ast-hfb-above-header-display":"","ast-hfb-below-header-display":"","ast-hfb-mobile-header-display":"","site-post-title":"","ast-breadcrumbs-content":"","ast-featured-img":"","footer-sml-layout":"","theme-transparent-header-meta":"","adv-header-id-meta":"","stick-header-meta":"","header-above-stick-meta":"","header-main-stick-meta":"","header-below-stick-meta":"","footnotes":""},"class_list":["post-73669","page","type-page","status-publish","hentry"],"_links":{"self":[{"href":"https:\/\/bengalmeat.com\/content\/wp-json\/wp\/v2\/pages\/73669","targetHints":{"allow":["GET"]}}],"collection":[{"href":"https:\/\/bengalmeat.com\/content\/wp-json\/wp\/v2\/pages"}],"about":[{"href":"https:\/\/bengalmeat.com\/content\/wp-json\/wp\/v2\/types\/page"}],"author":[{"embeddable":true,"href":"https:\/\/bengalmeat.com\/content\/wp-json\/wp\/v2\/users\/1"}],"replies":[{"embeddable":true,"href":"https:\/\/bengalmeat.com\/content\/wp-json\/wp\/v2\/comments?post=73669"}],"version-history":[{"count":1,"href":"https:\/\/bengalmeat.com\/content\/wp-json\/wp\/v2\/pages\/73669\/revisions"}],"predecessor-version":[{"id":73670,"href":"https:\/\/bengalmeat.com\/content\/wp-json\/wp\/v2\/pages\/73669\/revisions\/73670"}],"wp:attachment":[{"href":"https:\/\/bengalmeat.com\/content\/wp-json\/wp\/v2\/media?parent=73669"}],"curies":[{"name":"wp","href":"https:\/\/api.w.org\/{rel}","templated":true}]}}