{"id":72857,"date":"2024-11-19T14:32:52","date_gmt":"2024-11-19T14:32:52","guid":{"rendered":"https:\/\/content.bengalmeat.com\/?page_id=72857"},"modified":"2024-11-19T14:32:52","modified_gmt":"2024-11-19T14:32:52","slug":"download-windows-cubase-11-0-30-guida-all-installazione-e-informazioni-generali","status":"publish","type":"page","link":"https:\/\/bengalmeat.com\/content\/download-windows-cubase-11-0-30-guida-all-installazione-e-informazioni-generali\/","title":{"rendered":"Download Windows: Cubase 11.0.30 &#8211; Guida all&#8217;installazione e informazioni generali"},"content":{"rendered":"<h1>Introduzione a Cubase 11.0.30<\/h1>\n<p><img src='https:\/\/new.steinberg.net\/wp-content\/uploads\/2019\/11\/cube_logo_m.jpg' alt='Cubase Logo'><\/p>\n<p>Cubase 11.0.30 \u00e8 una potente soluzione software per la produzione musicale, con una vasta gamma di strumenti e funzionalit\u00e0 avanzate.<\/p>\n<h2>Caratteristiche Principali:<\/h2>\n<p>&#8211; Comprensivo di strumenti virtuali di alta qualit\u00e0 <br \/> &#8211; Ampia libreria di effetti e plugin <br \/> &#8211; Interfaccia intuitiva che facilita il processo creativo<\/p>\n<p>Per scaricare e installare Cubase 11.0.30 su Windows, fare clic su <a href='https:\/\/downloadpage.com\/cubase11.0.30.exe'>Download qui<\/a>.<\/p>\n","protected":false},"excerpt":{"rendered":"<p>Introduzione a Cubase 11.0.30 Cubase 11.0.30 \u00e8 una potente soluzione software per la produzione musicale, con una vasta gamma di strumenti e funzionalit\u00e0 avanzate. Caratteristiche Principali: &#8211; Comprensivo di strumenti virtuali di alta qualit\u00e0 &#8211; Ampia libreria di effetti e plugin &#8211; Interfaccia intuitiva che facilita il processo creativo Per scaricare e installare Cubase 11.0.30 &hellip;<\/p>\n<p class=\"read-more\"> <a class=\"\" href=\"https:\/\/bengalmeat.com\/content\/download-windows-cubase-11-0-30-guida-all-installazione-e-informazioni-generali\/\"> <span class=\"screen-reader-text\">Download Windows: Cubase 11.0.30 &#8211; Guida all&#8217;installazione e informazioni generali<\/span> Read More &raquo;<\/a><\/p>\n","protected":false},"author":1,"featured_media":0,"parent":0,"menu_order":0,"comment_status":"closed","ping_status":"closed","template":"","meta":{"site-sidebar-layout":"default","site-content-layout":"default","ast-main-header-display":"","ast-hfb-above-header-display":"","ast-hfb-below-header-display":"","ast-hfb-mobile-header-display":"","site-post-title":"","ast-breadcrumbs-content":"","ast-featured-img":"","footer-sml-layout":"","theme-transparent-header-meta":"","adv-header-id-meta":"","stick-header-meta":"","header-above-stick-meta":"","header-main-stick-meta":"","header-below-stick-meta":"","footnotes":""},"class_list":["post-72857","page","type-page","status-publish","hentry"],"_links":{"self":[{"href":"https:\/\/bengalmeat.com\/content\/wp-json\/wp\/v2\/pages\/72857","targetHints":{"allow":["GET"]}}],"collection":[{"href":"https:\/\/bengalmeat.com\/content\/wp-json\/wp\/v2\/pages"}],"about":[{"href":"https:\/\/bengalmeat.com\/content\/wp-json\/wp\/v2\/types\/page"}],"author":[{"embeddable":true,"href":"https:\/\/bengalmeat.com\/content\/wp-json\/wp\/v2\/users\/1"}],"replies":[{"embeddable":true,"href":"https:\/\/bengalmeat.com\/content\/wp-json\/wp\/v2\/comments?post=72857"}],"version-history":[{"count":1,"href":"https:\/\/bengalmeat.com\/content\/wp-json\/wp\/v2\/pages\/72857\/revisions"}],"predecessor-version":[{"id":72858,"href":"https:\/\/bengalmeat.com\/content\/wp-json\/wp\/v2\/pages\/72857\/revisions\/72858"}],"wp:attachment":[{"href":"https:\/\/bengalmeat.com\/content\/wp-json\/wp\/v2\/media?parent=72857"}],"curies":[{"name":"wp","href":"https:\/\/api.w.org\/{rel}","templated":true}]}}