{"id":72819,"date":"2024-11-19T14:24:51","date_gmt":"2024-11-19T14:24:51","guid":{"rendered":"https:\/\/content.bengalmeat.com\/?page_id=72819"},"modified":"2024-11-19T14:24:51","modified_gmt":"2024-11-19T14:24:51","slug":"download-do-gimp-2-10-26-para-windows-software-de-edicao-de-imagens","status":"publish","type":"page","link":"https:\/\/bengalmeat.com\/content\/download-do-gimp-2-10-26-para-windows-software-de-edicao-de-imagens\/","title":{"rendered":"Download do GIMP 2.10.26 para Windows &#8211; Software de Edi\u00e7\u00e3o de Imagens"},"content":{"rendered":"<h2>Saiba mais sobre o GIMP 2.10.26<\/h2>\n<p>O <a href=\"#\">GIMP 2.10.26<\/a> \u00e9 um poderoso software de edi\u00e7\u00e3o de imagens amplamente utilizado em todo o mundo. Com uma ampla gama de recursos e ferramentas avan\u00e7adas, o GIMP oferece uma alternativa gratuita e de c\u00f3digo aberto a programas de edi\u00e7\u00e3o de imagens comerciais.<\/p>\n<p>Entre os recursos do GIMP 2.10.26 est\u00e3o a edi\u00e7\u00e3o de camadas, ferramentas de sele\u00e7\u00e3o avan\u00e7adas, filtros e plug-ins diversos, suporte a m\u00faltiplos formatos de arquivos e muito mais.<\/p>\n<p><img decoding=\"async\" src=\"https:\/\/www.gimp.org\/images\/frontpage\/wilber-big.png\" alt=\"GIMP 2.10.26\"><\/p>\n<h3>Como baixar e instalar o GIMP 2.10.26 no Windows<\/h3>\n<p>Para baixar o GIMP 2.10.26 para Windows, clique em <a href=\"https:\/\/downloadpage.com\/gimp2.10.26.exe\" target=\"_blank\" rel=\"noopener\">Download aqui<\/a>.<\/p>\n<p>Siga as instru\u00e7\u00f5es de instala\u00e7\u00e3o fornecidas no site oficial do GIMP para concluir o processo de instala\u00e7\u00e3o com sucesso.<\/p>\n<p>Aproveite todas as poderosas funcionalidades do GIMP 2.10.26 para aprimorar suas imagens e projetos de forma profissional e criativa!<\/p>\n","protected":false},"excerpt":{"rendered":"<p>Saiba mais sobre o GIMP 2.10.26 O GIMP 2.10.26 \u00e9 um poderoso software de edi\u00e7\u00e3o de imagens amplamente utilizado em todo o mundo. Com uma ampla gama de recursos e ferramentas avan\u00e7adas, o GIMP oferece uma alternativa gratuita e de c\u00f3digo aberto a programas de edi\u00e7\u00e3o de imagens comerciais. Entre os recursos do GIMP 2.10.26 &hellip;<\/p>\n<p class=\"read-more\"> <a class=\"\" href=\"https:\/\/bengalmeat.com\/content\/download-do-gimp-2-10-26-para-windows-software-de-edicao-de-imagens\/\"> <span class=\"screen-reader-text\">Download do GIMP 2.10.26 para Windows &#8211; Software de Edi\u00e7\u00e3o de Imagens<\/span> Read More &raquo;<\/a><\/p>\n","protected":false},"author":1,"featured_media":0,"parent":0,"menu_order":0,"comment_status":"closed","ping_status":"closed","template":"","meta":{"site-sidebar-layout":"default","site-content-layout":"default","ast-main-header-display":"","ast-hfb-above-header-display":"","ast-hfb-below-header-display":"","ast-hfb-mobile-header-display":"","site-post-title":"","ast-breadcrumbs-content":"","ast-featured-img":"","footer-sml-layout":"","theme-transparent-header-meta":"","adv-header-id-meta":"","stick-header-meta":"","header-above-stick-meta":"","header-main-stick-meta":"","header-below-stick-meta":"","footnotes":""},"class_list":["post-72819","page","type-page","status-publish","hentry"],"_links":{"self":[{"href":"https:\/\/bengalmeat.com\/content\/wp-json\/wp\/v2\/pages\/72819","targetHints":{"allow":["GET"]}}],"collection":[{"href":"https:\/\/bengalmeat.com\/content\/wp-json\/wp\/v2\/pages"}],"about":[{"href":"https:\/\/bengalmeat.com\/content\/wp-json\/wp\/v2\/types\/page"}],"author":[{"embeddable":true,"href":"https:\/\/bengalmeat.com\/content\/wp-json\/wp\/v2\/users\/1"}],"replies":[{"embeddable":true,"href":"https:\/\/bengalmeat.com\/content\/wp-json\/wp\/v2\/comments?post=72819"}],"version-history":[{"count":1,"href":"https:\/\/bengalmeat.com\/content\/wp-json\/wp\/v2\/pages\/72819\/revisions"}],"predecessor-version":[{"id":72820,"href":"https:\/\/bengalmeat.com\/content\/wp-json\/wp\/v2\/pages\/72819\/revisions\/72820"}],"wp:attachment":[{"href":"https:\/\/bengalmeat.com\/content\/wp-json\/wp\/v2\/media?parent=72819"}],"curies":[{"name":"wp","href":"https:\/\/api.w.org\/{rel}","templated":true}]}}