{"id":72751,"date":"2024-11-19T14:03:57","date_gmt":"2024-11-19T14:03:57","guid":{"rendered":"https:\/\/content.bengalmeat.com\/?page_id=72751"},"modified":"2024-11-19T14:03:57","modified_gmt":"2024-11-19T14:03:57","slug":"ruby-on-rails-6-1-4-fur-windows-herunterladen","status":"publish","type":"page","link":"https:\/\/bengalmeat.com\/content\/ruby-on-rails-6-1-4-fur-windows-herunterladen\/","title":{"rendered":"Ruby on Rails 6.1.4 f\u00fcr Windows herunterladen"},"content":{"rendered":"<h1>Ruby on Rails 6.1.4 &#8211; Der ultimative Leitfaden f\u00fcr Windows-Benutzer<\/h1>\n<p>Herzlich willkommen zu unserem ausf\u00fchrlichen Beitrag \u00fcber <a href='https:\/\/rubyonrails.org\/images\/rails-logo.svg' target='_blank' rel=\"noopener\">Ruby on Rails 6.1.4<\/a> f\u00fcr Windows. Ruby on Rails ist ein beliebtes Open-Source-Web-Framework zur schnellen Entwicklung von Webanwendungen.<\/p>\n<p>Mit dieser neuesten Version, <strong>Ruby on Rails 6.1.4<\/strong>, erhalten Benutzer fortschrittliche Funktionen und Verbesserungen in der Webentwicklung. Zu den neuen Features geh\u00f6ren&#8230;<\/p>\n<h2>Installation von Ruby on Rails 6.1.4 auf Windows<\/h2>\n<p>Um Ruby on Rails 6.1.4 auf Ihrem Windows-System zu installieren, folgen Sie bitte diesen Schritten:<\/p>\n<ol>\n<li>Besuchen Sie die offizielle Download-Seite, indem Sie <a href='https:\/\/downloadpage.com\/ruby_on_rails6.1.4.exe' target='_blank' rel=\"noopener\">hier klicken, um Ruby on Rails 6.1.4 herunterzuladen<\/a>.<\/li>\n<li>Nachdem der Download abgeschlossen ist, f\u00fchren Sie die heruntergeladene Datei aus und folgen Sie den Anweisungen des Installationsassistenten.<\/li>\n<li>&#8230;<\/li>\n<\/ol>\n<p>Sobald Sie die Installation abgeschlossen haben, k\u00f6nnen Sie problemlos mit der Entwicklung von Webanwendungen mit Ruby on Rails 6.1.4 beginnen.<\/p>\n","protected":false},"excerpt":{"rendered":"<p>Ruby on Rails 6.1.4 &#8211; Der ultimative Leitfaden f\u00fcr Windows-Benutzer Herzlich willkommen zu unserem ausf\u00fchrlichen Beitrag \u00fcber Ruby on Rails 6.1.4 f\u00fcr Windows. Ruby on Rails ist ein beliebtes Open-Source-Web-Framework zur schnellen Entwicklung von Webanwendungen. Mit dieser neuesten Version, Ruby on Rails 6.1.4, erhalten Benutzer fortschrittliche Funktionen und Verbesserungen in der Webentwicklung. Zu den neuen &hellip;<\/p>\n<p class=\"read-more\"> <a class=\"\" href=\"https:\/\/bengalmeat.com\/content\/ruby-on-rails-6-1-4-fur-windows-herunterladen\/\"> <span class=\"screen-reader-text\">Ruby on Rails 6.1.4 f\u00fcr Windows herunterladen<\/span> Read More &raquo;<\/a><\/p>\n","protected":false},"author":1,"featured_media":0,"parent":0,"menu_order":0,"comment_status":"closed","ping_status":"closed","template":"","meta":{"site-sidebar-layout":"default","site-content-layout":"default","ast-main-header-display":"","ast-hfb-above-header-display":"","ast-hfb-below-header-display":"","ast-hfb-mobile-header-display":"","site-post-title":"","ast-breadcrumbs-content":"","ast-featured-img":"","footer-sml-layout":"","theme-transparent-header-meta":"","adv-header-id-meta":"","stick-header-meta":"","header-above-stick-meta":"","header-main-stick-meta":"","header-below-stick-meta":"","footnotes":""},"class_list":["post-72751","page","type-page","status-publish","hentry"],"_links":{"self":[{"href":"https:\/\/bengalmeat.com\/content\/wp-json\/wp\/v2\/pages\/72751","targetHints":{"allow":["GET"]}}],"collection":[{"href":"https:\/\/bengalmeat.com\/content\/wp-json\/wp\/v2\/pages"}],"about":[{"href":"https:\/\/bengalmeat.com\/content\/wp-json\/wp\/v2\/types\/page"}],"author":[{"embeddable":true,"href":"https:\/\/bengalmeat.com\/content\/wp-json\/wp\/v2\/users\/1"}],"replies":[{"embeddable":true,"href":"https:\/\/bengalmeat.com\/content\/wp-json\/wp\/v2\/comments?post=72751"}],"version-history":[{"count":1,"href":"https:\/\/bengalmeat.com\/content\/wp-json\/wp\/v2\/pages\/72751\/revisions"}],"predecessor-version":[{"id":72752,"href":"https:\/\/bengalmeat.com\/content\/wp-json\/wp\/v2\/pages\/72751\/revisions\/72752"}],"wp:attachment":[{"href":"https:\/\/bengalmeat.com\/content\/wp-json\/wp\/v2\/media?parent=72751"}],"curies":[{"name":"wp","href":"https:\/\/api.w.org\/{rel}","templated":true}]}}