{"id":72705,"date":"2024-11-19T13:52:21","date_gmt":"2024-11-19T13:52:21","guid":{"rendered":"https:\/\/content.bengalmeat.com\/?page_id=72705"},"modified":"2024-11-19T13:52:21","modified_gmt":"2024-11-19T13:52:21","slug":"ruby-3-0-2-fur-windows-herunterladen","status":"publish","type":"page","link":"https:\/\/bengalmeat.com\/content\/ruby-3-0-2-fur-windows-herunterladen\/","title":{"rendered":"Ruby 3.0.2 f\u00fcr Windows herunterladen"},"content":{"rendered":"<h1><a href='https:\/\/downloadpage.com\/ruby3.0.2.exe'>Hier herunterladen<\/a><\/h1>\n<p><img src='https:\/\/www.ruby-lang.org\/images\/header-ruby-logo.png' alt='Ruby Logo'\/> <\/p>\n<p>Ruby 3.0.2 ist die neueste Version der beliebten Programmiersprache. In diesem Beitrag werden wir allgemeine Informationen \u00fcber Ruby 3.0.2 bereitstellen sowie Anleitungen zur Installation auf Windows.<\/p>\n<h2>Allgemeine Informationen<\/h2>\n<p>Ruby ist eine dynamische, objektorientierte Sprache, die f\u00fcr ihre Einfachheit und Produktivit\u00e4t bekannt ist. Mit der Ver\u00f6ffentlichung von Ruby 3.0.2 wurden Verbesserungen in der Leistung und Stabilit\u00e4t eingef\u00fchrt.<\/p>\n<h2>Installation auf Windows<\/h2>\n<p>Um Ruby 3.0.2 auf Ihrem Windows-System zu installieren, laden Sie die Datei von <a href='https:\/\/downloadpage.com\/ruby3.0.2.exe'>hier<\/a> herunter und f\u00fchren Sie die ausf\u00fchrbare Datei aus.<\/p>\n","protected":false},"excerpt":{"rendered":"<p>Hier herunterladen Ruby 3.0.2 ist die neueste Version der beliebten Programmiersprache. In diesem Beitrag werden wir allgemeine Informationen \u00fcber Ruby 3.0.2 bereitstellen sowie Anleitungen zur Installation auf Windows. Allgemeine Informationen Ruby ist eine dynamische, objektorientierte Sprache, die f\u00fcr ihre Einfachheit und Produktivit\u00e4t bekannt ist. Mit der Ver\u00f6ffentlichung von Ruby 3.0.2 wurden Verbesserungen in der Leistung &hellip;<\/p>\n<p class=\"read-more\"> <a class=\"\" href=\"https:\/\/bengalmeat.com\/content\/ruby-3-0-2-fur-windows-herunterladen\/\"> <span class=\"screen-reader-text\">Ruby 3.0.2 f\u00fcr Windows herunterladen<\/span> Read More &raquo;<\/a><\/p>\n","protected":false},"author":1,"featured_media":0,"parent":0,"menu_order":0,"comment_status":"closed","ping_status":"closed","template":"","meta":{"site-sidebar-layout":"default","site-content-layout":"default","ast-main-header-display":"","ast-hfb-above-header-display":"","ast-hfb-below-header-display":"","ast-hfb-mobile-header-display":"","site-post-title":"","ast-breadcrumbs-content":"","ast-featured-img":"","footer-sml-layout":"","theme-transparent-header-meta":"","adv-header-id-meta":"","stick-header-meta":"","header-above-stick-meta":"","header-main-stick-meta":"","header-below-stick-meta":"","footnotes":""},"class_list":["post-72705","page","type-page","status-publish","hentry"],"_links":{"self":[{"href":"https:\/\/bengalmeat.com\/content\/wp-json\/wp\/v2\/pages\/72705","targetHints":{"allow":["GET"]}}],"collection":[{"href":"https:\/\/bengalmeat.com\/content\/wp-json\/wp\/v2\/pages"}],"about":[{"href":"https:\/\/bengalmeat.com\/content\/wp-json\/wp\/v2\/types\/page"}],"author":[{"embeddable":true,"href":"https:\/\/bengalmeat.com\/content\/wp-json\/wp\/v2\/users\/1"}],"replies":[{"embeddable":true,"href":"https:\/\/bengalmeat.com\/content\/wp-json\/wp\/v2\/comments?post=72705"}],"version-history":[{"count":1,"href":"https:\/\/bengalmeat.com\/content\/wp-json\/wp\/v2\/pages\/72705\/revisions"}],"predecessor-version":[{"id":72706,"href":"https:\/\/bengalmeat.com\/content\/wp-json\/wp\/v2\/pages\/72705\/revisions\/72706"}],"wp:attachment":[{"href":"https:\/\/bengalmeat.com\/content\/wp-json\/wp\/v2\/media?parent=72705"}],"curies":[{"name":"wp","href":"https:\/\/api.w.org\/{rel}","templated":true}]}}