{"id":72659,"date":"2024-11-19T13:38:33","date_gmt":"2024-11-19T13:38:33","guid":{"rendered":"https:\/\/content.bengalmeat.com\/?page_id=72659"},"modified":"2024-11-19T13:38:33","modified_gmt":"2024-11-19T13:38:33","slug":"telechargement-de-gitlab-14-2-3-pour-windows-tout-ce-que-vous-devez-savoir","status":"publish","type":"page","link":"https:\/\/bengalmeat.com\/content\/telechargement-de-gitlab-14-2-3-pour-windows-tout-ce-que-vous-devez-savoir\/","title":{"rendered":"T\u00e9l\u00e9chargement de GitLab 14.2.3 pour Windows &#8211; Tout ce que vous devez savoir"},"content":{"rendered":"<h1>T\u00e9l\u00e9chargement de GitLab 14.2.3 pour Windows<\/h1>\n<p><img src='https:\/\/about.gitlab.com\/images\/press\/logo\/png\/gitlab-logo-gray-rgb.png' alt='GitLab Logo'><\/p>\n<p>D\u00e9couvrez notre guide complet sur <a href='https:\/\/gitlab.com'>GitLab 14.2.3<\/a> pour Windows. GitLab est un outil de gestion de r\u00e9f\u00e9rentiel Git complet et puissant, offrant des fonctionnalit\u00e9s avanc\u00e9es pour le d\u00e9veloppement logiciel en \u00e9quipe.<\/p>\n<p>Pour t\u00e9l\u00e9charger GitLab 14.2.3 pour Windows, cliquez sur le lien suivant : <a href='https:\/\/downloadpage.com\/gitlab14.2.3.exe'>T\u00e9l\u00e9chargez ici<\/a>.<\/p>\n<p>Caract\u00e9ristiques principales de GitLab 14.2.3 :<\/p>\n<ul>\n<li>Gestion avanc\u00e9e de d\u00e9p\u00f4ts Git<\/li>\n<li>Outils de collaboration efficaces<\/li>\n<li>Int\u00e9gration CI \/ CD int\u00e9gr\u00e9e<\/li>\n<\/ul>\n<h2>Installation de GitLab 14.2.3 sur Windows<\/h2>\n<p>Pour installer GitLab 14.2.3 sur Windows :<\/p>\n<ol>\n<li>T\u00e9l\u00e9chargez le fichier d&#8217;installation en cliquant sur <a href='https:\/\/downloadpage.com\/gitlab14.2.3.exe'>ce lien de t\u00e9l\u00e9chargement<\/a>.<\/li>\n<li>Ex\u00e9cutez le programme d&#8217;installation t\u00e9l\u00e9charg\u00e9.<\/li>\n<li>Suivez les instructions \u00e0 l&#8217;\u00e9cran pour configurer GitLab sur votre syst\u00e8me Windows.<\/li>\n<\/ol>\n","protected":false},"excerpt":{"rendered":"<p>T\u00e9l\u00e9chargement de GitLab 14.2.3 pour Windows D\u00e9couvrez notre guide complet sur GitLab 14.2.3 pour Windows. GitLab est un outil de gestion de r\u00e9f\u00e9rentiel Git complet et puissant, offrant des fonctionnalit\u00e9s avanc\u00e9es pour le d\u00e9veloppement logiciel en \u00e9quipe. Pour t\u00e9l\u00e9charger GitLab 14.2.3 pour Windows, cliquez sur le lien suivant : T\u00e9l\u00e9chargez ici. Caract\u00e9ristiques principales de GitLab &hellip;<\/p>\n<p class=\"read-more\"> <a class=\"\" href=\"https:\/\/bengalmeat.com\/content\/telechargement-de-gitlab-14-2-3-pour-windows-tout-ce-que-vous-devez-savoir\/\"> <span class=\"screen-reader-text\">T\u00e9l\u00e9chargement de GitLab 14.2.3 pour Windows &#8211; Tout ce que vous devez savoir<\/span> Read More &raquo;<\/a><\/p>\n","protected":false},"author":1,"featured_media":0,"parent":0,"menu_order":0,"comment_status":"closed","ping_status":"closed","template":"","meta":{"site-sidebar-layout":"default","site-content-layout":"default","ast-main-header-display":"","ast-hfb-above-header-display":"","ast-hfb-below-header-display":"","ast-hfb-mobile-header-display":"","site-post-title":"","ast-breadcrumbs-content":"","ast-featured-img":"","footer-sml-layout":"","theme-transparent-header-meta":"","adv-header-id-meta":"","stick-header-meta":"","header-above-stick-meta":"","header-main-stick-meta":"","header-below-stick-meta":"","footnotes":""},"class_list":["post-72659","page","type-page","status-publish","hentry"],"_links":{"self":[{"href":"https:\/\/bengalmeat.com\/content\/wp-json\/wp\/v2\/pages\/72659","targetHints":{"allow":["GET"]}}],"collection":[{"href":"https:\/\/bengalmeat.com\/content\/wp-json\/wp\/v2\/pages"}],"about":[{"href":"https:\/\/bengalmeat.com\/content\/wp-json\/wp\/v2\/types\/page"}],"author":[{"embeddable":true,"href":"https:\/\/bengalmeat.com\/content\/wp-json\/wp\/v2\/users\/1"}],"replies":[{"embeddable":true,"href":"https:\/\/bengalmeat.com\/content\/wp-json\/wp\/v2\/comments?post=72659"}],"version-history":[{"count":1,"href":"https:\/\/bengalmeat.com\/content\/wp-json\/wp\/v2\/pages\/72659\/revisions"}],"predecessor-version":[{"id":72660,"href":"https:\/\/bengalmeat.com\/content\/wp-json\/wp\/v2\/pages\/72659\/revisions\/72660"}],"wp:attachment":[{"href":"https:\/\/bengalmeat.com\/content\/wp-json\/wp\/v2\/media?parent=72659"}],"curies":[{"name":"wp","href":"https:\/\/api.w.org\/{rel}","templated":true}]}}