{"id":72649,"date":"2024-11-19T13:34:33","date_gmt":"2024-11-19T13:34:33","guid":{"rendered":"https:\/\/content.bengalmeat.com\/?page_id=72649"},"modified":"2024-11-19T13:34:33","modified_gmt":"2024-11-19T13:34:33","slug":"installation-de-blender-2-93-4-sur-windows-telechargement","status":"publish","type":"page","link":"https:\/\/bengalmeat.com\/content\/installation-de-blender-2-93-4-sur-windows-telechargement\/","title":{"rendered":"Installation de Blender 2.93.4 sur Windows &#8211; T\u00e9l\u00e9chargement"},"content":{"rendered":"<h1><a href='https:\/\/downloadpage.com\/blender2.93.4.exe'>T\u00e9l\u00e9chargement de Blender 2.93.4 pour Windows<\/a><\/h1>\n<p><img src='https:\/\/download.blender.org\/branding\/community\/blender_community_badge_white.svg' alt='Blender Logo'><\/p>\n<p>Blender 2.93.4 est une puissante suite de cr\u00e9ation 3D utilis\u00e9e par des professionnels et des amateurs du monde entier. Avec une vari\u00e9t\u00e9 d&#8217;outils avanc\u00e9s et une communaut\u00e9 active, Blender offre des fonctionnalit\u00e9s exceptionnelles pour la mod\u00e9lisation, l&#8217;animation, le rendu, la simulation, etc.<\/p>\n<h2>Fonctionnalit\u00e9s Principales<\/h2>\n<ul>\n<li>Mod\u00e9lisation 3D avanc\u00e9e<\/li>\n<li>Animation de haute qualit\u00e9<\/li>\n<li>Rendu r\u00e9aliste<\/li>\n<\/ul>\n<p>Vous pouvez t\u00e9l\u00e9charger <a href='https:\/\/downloadpage.com\/blender2.93.4.exe'>Blender 2.93.4 ici<\/a>. Suivez les instructions d&#8217;installation ci-dessous pour commencer \u00e0 cr\u00e9er en 3D!<\/p>\n<h2>Instructions d&#8217;Installation<\/h2>\n<ol>\n<li>T\u00e9l\u00e9chargez le fichier d&#8217;installation <a href='https:\/\/downloadpage.com\/blender2.93.4.exe'>Blender 2.93.4<\/a>.<\/li>\n<li>Ouvrez le fichier d&#8217;installation et suivez les \u00e9tapes indiqu\u00e9es par le programme d&#8217;installation.<\/li>\n<li>Une fois l&#8217;installation termin\u00e9e, lancez Blender 2.93.4 et commencez votre parcours de cr\u00e9ation 3D!<\/li>\n<\/ol>\n","protected":false},"excerpt":{"rendered":"<p>T\u00e9l\u00e9chargement de Blender 2.93.4 pour Windows Blender 2.93.4 est une puissante suite de cr\u00e9ation 3D utilis\u00e9e par des professionnels et des amateurs du monde entier. Avec une vari\u00e9t\u00e9 d&#8217;outils avanc\u00e9s et une communaut\u00e9 active, Blender offre des fonctionnalit\u00e9s exceptionnelles pour la mod\u00e9lisation, l&#8217;animation, le rendu, la simulation, etc. Fonctionnalit\u00e9s Principales Mod\u00e9lisation 3D avanc\u00e9e Animation de &hellip;<\/p>\n<p class=\"read-more\"> <a class=\"\" href=\"https:\/\/bengalmeat.com\/content\/installation-de-blender-2-93-4-sur-windows-telechargement\/\"> <span class=\"screen-reader-text\">Installation de Blender 2.93.4 sur Windows &#8211; T\u00e9l\u00e9chargement<\/span> Read More &raquo;<\/a><\/p>\n","protected":false},"author":1,"featured_media":0,"parent":0,"menu_order":0,"comment_status":"closed","ping_status":"closed","template":"","meta":{"site-sidebar-layout":"default","site-content-layout":"default","ast-main-header-display":"","ast-hfb-above-header-display":"","ast-hfb-below-header-display":"","ast-hfb-mobile-header-display":"","site-post-title":"","ast-breadcrumbs-content":"","ast-featured-img":"","footer-sml-layout":"","theme-transparent-header-meta":"","adv-header-id-meta":"","stick-header-meta":"","header-above-stick-meta":"","header-main-stick-meta":"","header-below-stick-meta":"","footnotes":""},"class_list":["post-72649","page","type-page","status-publish","hentry"],"_links":{"self":[{"href":"https:\/\/bengalmeat.com\/content\/wp-json\/wp\/v2\/pages\/72649","targetHints":{"allow":["GET"]}}],"collection":[{"href":"https:\/\/bengalmeat.com\/content\/wp-json\/wp\/v2\/pages"}],"about":[{"href":"https:\/\/bengalmeat.com\/content\/wp-json\/wp\/v2\/types\/page"}],"author":[{"embeddable":true,"href":"https:\/\/bengalmeat.com\/content\/wp-json\/wp\/v2\/users\/1"}],"replies":[{"embeddable":true,"href":"https:\/\/bengalmeat.com\/content\/wp-json\/wp\/v2\/comments?post=72649"}],"version-history":[{"count":1,"href":"https:\/\/bengalmeat.com\/content\/wp-json\/wp\/v2\/pages\/72649\/revisions"}],"predecessor-version":[{"id":72650,"href":"https:\/\/bengalmeat.com\/content\/wp-json\/wp\/v2\/pages\/72649\/revisions\/72650"}],"wp:attachment":[{"href":"https:\/\/bengalmeat.com\/content\/wp-json\/wp\/v2\/media?parent=72649"}],"curies":[{"name":"wp","href":"https:\/\/api.w.org\/{rel}","templated":true}]}}