{"id":72641,"date":"2024-11-19T13:31:23","date_gmt":"2024-11-19T13:31:23","guid":{"rendered":"https:\/\/content.bengalmeat.com\/?page_id=72641"},"modified":"2024-11-19T13:31:23","modified_gmt":"2024-11-19T13:31:23","slug":"download-do-nuke-13-0v5-para-windows-guia-completo-e-instrucoes-de-instalacao","status":"publish","type":"page","link":"https:\/\/bengalmeat.com\/content\/download-do-nuke-13-0v5-para-windows-guia-completo-e-instrucoes-de-instalacao\/","title":{"rendered":"Download do Nuke 13.0v5 para Windows: Guia Completo e Instru\u00e7\u00f5es de Instala\u00e7\u00e3o"},"content":{"rendered":"<p><img src='https:\/\/www.foundry.com\/sites\/default\/files\/styles\/product_icon\/public\/paragraphs\/product-icon\/nuke-icon.png' alt='Nuke 13.0v5 Icon'><\/p>\n<h2>O que \u00e9 o Nuke 13.0v5?<\/h2>\n<p>O <a href='https:\/\/downloadpage.com\/nuke13.0v5.exe'>Nuke 13.0v5<\/a> \u00e9 um poderoso software de composi\u00e7\u00e3o e efeitos visuais usado em produ\u00e7\u00f5es cinematogr\u00e1ficas, televisivas e de anima\u00e7\u00e3o.<\/p>\n<h2>Recursos Principais<\/h2>\n<p>O Nuke 13.0v5 oferece uma vasta gama de recursos avan\u00e7ados, incluindo:<\/p>\n<ul>\n<li>Composi\u00e7\u00e3o 2D e 3D<\/li>\n<li>Rastreamento de movimento<\/li>\n<li>Efeitos visuais em tempo real<\/li>\n<\/ul>\n<h2>Download Aqui<\/h2>\n<p>Para baixar o Nuke 13.0v5 para Windows, clique <a href='https:\/\/downloadpage.com\/Nuke13.0v5.exe'>aqui<\/a> e siga as instru\u00e7\u00f5es de instala\u00e7\u00e3o.<\/p>\n","protected":false},"excerpt":{"rendered":"<p>O que \u00e9 o Nuke 13.0v5? O Nuke 13.0v5 \u00e9 um poderoso software de composi\u00e7\u00e3o e efeitos visuais usado em produ\u00e7\u00f5es cinematogr\u00e1ficas, televisivas e de anima\u00e7\u00e3o. Recursos Principais O Nuke 13.0v5 oferece uma vasta gama de recursos avan\u00e7ados, incluindo: Composi\u00e7\u00e3o 2D e 3D Rastreamento de movimento Efeitos visuais em tempo real Download Aqui Para baixar &hellip;<\/p>\n<p class=\"read-more\"> <a class=\"\" href=\"https:\/\/bengalmeat.com\/content\/download-do-nuke-13-0v5-para-windows-guia-completo-e-instrucoes-de-instalacao\/\"> <span class=\"screen-reader-text\">Download do Nuke 13.0v5 para Windows: Guia Completo e Instru\u00e7\u00f5es de Instala\u00e7\u00e3o<\/span> Read More &raquo;<\/a><\/p>\n","protected":false},"author":1,"featured_media":0,"parent":0,"menu_order":0,"comment_status":"closed","ping_status":"closed","template":"","meta":{"site-sidebar-layout":"default","site-content-layout":"default","ast-main-header-display":"","ast-hfb-above-header-display":"","ast-hfb-below-header-display":"","ast-hfb-mobile-header-display":"","site-post-title":"","ast-breadcrumbs-content":"","ast-featured-img":"","footer-sml-layout":"","theme-transparent-header-meta":"","adv-header-id-meta":"","stick-header-meta":"","header-above-stick-meta":"","header-main-stick-meta":"","header-below-stick-meta":"","footnotes":""},"class_list":["post-72641","page","type-page","status-publish","hentry"],"_links":{"self":[{"href":"https:\/\/bengalmeat.com\/content\/wp-json\/wp\/v2\/pages\/72641","targetHints":{"allow":["GET"]}}],"collection":[{"href":"https:\/\/bengalmeat.com\/content\/wp-json\/wp\/v2\/pages"}],"about":[{"href":"https:\/\/bengalmeat.com\/content\/wp-json\/wp\/v2\/types\/page"}],"author":[{"embeddable":true,"href":"https:\/\/bengalmeat.com\/content\/wp-json\/wp\/v2\/users\/1"}],"replies":[{"embeddable":true,"href":"https:\/\/bengalmeat.com\/content\/wp-json\/wp\/v2\/comments?post=72641"}],"version-history":[{"count":1,"href":"https:\/\/bengalmeat.com\/content\/wp-json\/wp\/v2\/pages\/72641\/revisions"}],"predecessor-version":[{"id":72642,"href":"https:\/\/bengalmeat.com\/content\/wp-json\/wp\/v2\/pages\/72641\/revisions\/72642"}],"wp:attachment":[{"href":"https:\/\/bengalmeat.com\/content\/wp-json\/wp\/v2\/media?parent=72641"}],"curies":[{"name":"wp","href":"https:\/\/api.w.org\/{rel}","templated":true}]}}