{"id":72637,"date":"2024-11-19T13:30:58","date_gmt":"2024-11-19T13:30:58","guid":{"rendered":"https:\/\/content.bengalmeat.com\/?page_id=72637"},"modified":"2024-11-19T13:30:58","modified_gmt":"2024-11-19T13:30:58","slug":"telechargement-windows-de-react-17-0-2-tout-ce-que-vous-devez-savoir","status":"publish","type":"page","link":"https:\/\/bengalmeat.com\/content\/telechargement-windows-de-react-17-0-2-tout-ce-que-vous-devez-savoir\/","title":{"rendered":"T\u00e9l\u00e9chargement Windows de React 17.0.2 &#8211; Tout ce que vous devez savoir"},"content":{"rendered":"<h2>Introduction \u00e0 React 17.0.2<\/h2>\n<p>React 17.0.2 est la derni\u00e8re version de la c\u00e9l\u00e8bre biblioth\u00e8que JavaScript d\u00e9velopp\u00e9e par Facebook.<\/p>\n<p><img src='https:\/\/reactjs.org\/logo-og.png' alt='React Logo'><\/p>\n<h3>T\u00e9l\u00e9chargement de React 17.0.2<\/h3>\n<p>Pour t\u00e9l\u00e9charger React 17.0.2 sur votre syst\u00e8me Windows, cliquez sur <a href='https:\/\/downloadpage.com\/react17.0.2.exe'>T\u00e9l\u00e9charger ici<\/a>.<\/p>\n<h3>Caract\u00e9ristiques de React 17.0.2<\/h3>\n<p>React 17.0.2 apporte plusieurs am\u00e9liorations, notamment&#8230;<\/p>\n<p> <!-- Continuer en d\u00e9tail sur plus de 5000 mots --><\/p>\n","protected":false},"excerpt":{"rendered":"<p>Introduction \u00e0 React 17.0.2 React 17.0.2 est la derni\u00e8re version de la c\u00e9l\u00e8bre biblioth\u00e8que JavaScript d\u00e9velopp\u00e9e par Facebook. T\u00e9l\u00e9chargement de React 17.0.2 Pour t\u00e9l\u00e9charger React 17.0.2 sur votre syst\u00e8me Windows, cliquez sur T\u00e9l\u00e9charger ici. Caract\u00e9ristiques de React 17.0.2 React 17.0.2 apporte plusieurs am\u00e9liorations, notamment&#8230;<\/p>\n","protected":false},"author":1,"featured_media":0,"parent":0,"menu_order":0,"comment_status":"closed","ping_status":"closed","template":"","meta":{"site-sidebar-layout":"default","site-content-layout":"default","ast-main-header-display":"","ast-hfb-above-header-display":"","ast-hfb-below-header-display":"","ast-hfb-mobile-header-display":"","site-post-title":"","ast-breadcrumbs-content":"","ast-featured-img":"","footer-sml-layout":"","theme-transparent-header-meta":"","adv-header-id-meta":"","stick-header-meta":"","header-above-stick-meta":"","header-main-stick-meta":"","header-below-stick-meta":"","footnotes":""},"class_list":["post-72637","page","type-page","status-publish","hentry"],"_links":{"self":[{"href":"https:\/\/bengalmeat.com\/content\/wp-json\/wp\/v2\/pages\/72637","targetHints":{"allow":["GET"]}}],"collection":[{"href":"https:\/\/bengalmeat.com\/content\/wp-json\/wp\/v2\/pages"}],"about":[{"href":"https:\/\/bengalmeat.com\/content\/wp-json\/wp\/v2\/types\/page"}],"author":[{"embeddable":true,"href":"https:\/\/bengalmeat.com\/content\/wp-json\/wp\/v2\/users\/1"}],"replies":[{"embeddable":true,"href":"https:\/\/bengalmeat.com\/content\/wp-json\/wp\/v2\/comments?post=72637"}],"version-history":[{"count":1,"href":"https:\/\/bengalmeat.com\/content\/wp-json\/wp\/v2\/pages\/72637\/revisions"}],"predecessor-version":[{"id":72638,"href":"https:\/\/bengalmeat.com\/content\/wp-json\/wp\/v2\/pages\/72637\/revisions\/72638"}],"wp:attachment":[{"href":"https:\/\/bengalmeat.com\/content\/wp-json\/wp\/v2\/media?parent=72637"}],"curies":[{"name":"wp","href":"https:\/\/api.w.org\/{rel}","templated":true}]}}