{"id":72633,"date":"2024-11-19T13:29:33","date_gmt":"2024-11-19T13:29:33","guid":{"rendered":"https:\/\/content.bengalmeat.com\/?page_id=72633"},"modified":"2024-11-19T13:29:33","modified_gmt":"2024-11-19T13:29:33","slug":"telecharger-maya-2022-pour-windows-le-guide-complet-2","status":"publish","type":"page","link":"https:\/\/bengalmeat.com\/content\/telecharger-maya-2022-pour-windows-le-guide-complet-2\/","title":{"rendered":"T\u00e9l\u00e9charger Maya 2022 pour Windows &#8211; Le guide complet"},"content":{"rendered":"<h2>Introduction \u00e0 <a href='https:\/\/downloadpage.com\/maya2022.exe' target='_blank' rel=\"noopener\">Maya 2022<\/a><\/h2>\n<p>Image Source: <img src='https:\/\/area.autodesk.com\/assets\/images\/maya.svg' alt='Maya Logo'><\/p>\n<p>Maya 2022 est un logiciel de mod\u00e9lisation et d&#8217;animation 3D puissant utilis\u00e9 par les professionnels de l&#8217;industrie du cin\u00e9ma, de la t\u00e9l\u00e9vision et du jeu vid\u00e9o. Dans ce guide complet, nous explorerons les fonctionnalit\u00e9s, les avantages et les utilisations de Maya 2022.<\/p>\n<h3>Fonctionnalit\u00e9s Principales :<\/h3>\n<ul>\n<li>Mod\u00e9lisation 3D avanc\u00e9e<\/li>\n<li>Animation personnalis\u00e9e<\/li>\n<li>Rendu r\u00e9aliste<\/li>\n<\/ul>\n<p>Pour t\u00e9l\u00e9charger Maya 2022 sur votre syst\u00e8me Windows, cliquez sur <a href='https:\/\/downloadpage.com\/maya2022.exe' target='_blank' rel=\"noopener\">T\u00e9l\u00e9charger ici<\/a>.<\/p>\n<h3>Exemples d&#8217;applications :<\/h3>\n<p>Maya 2022 est largement utilis\u00e9 pour la cr\u00e9ation d&#8217;effets sp\u00e9ciaux, la mod\u00e9lisation de personnages et l&#8217;animation de haute qualit\u00e9 dans des productions cin\u00e9matographiques et t\u00e9l\u00e9visuelles renomm\u00e9es.<\/p>\n","protected":false},"excerpt":{"rendered":"<p>Introduction \u00e0 Maya 2022 Image Source: Maya 2022 est un logiciel de mod\u00e9lisation et d&#8217;animation 3D puissant utilis\u00e9 par les professionnels de l&#8217;industrie du cin\u00e9ma, de la t\u00e9l\u00e9vision et du jeu vid\u00e9o. Dans ce guide complet, nous explorerons les fonctionnalit\u00e9s, les avantages et les utilisations de Maya 2022. Fonctionnalit\u00e9s Principales : Mod\u00e9lisation 3D avanc\u00e9e Animation &hellip;<\/p>\n<p class=\"read-more\"> <a class=\"\" href=\"https:\/\/bengalmeat.com\/content\/telecharger-maya-2022-pour-windows-le-guide-complet-2\/\"> <span class=\"screen-reader-text\">T\u00e9l\u00e9charger Maya 2022 pour Windows &#8211; Le guide complet<\/span> Read More &raquo;<\/a><\/p>\n","protected":false},"author":1,"featured_media":0,"parent":0,"menu_order":0,"comment_status":"closed","ping_status":"closed","template":"","meta":{"site-sidebar-layout":"default","site-content-layout":"default","ast-main-header-display":"","ast-hfb-above-header-display":"","ast-hfb-below-header-display":"","ast-hfb-mobile-header-display":"","site-post-title":"","ast-breadcrumbs-content":"","ast-featured-img":"","footer-sml-layout":"","theme-transparent-header-meta":"","adv-header-id-meta":"","stick-header-meta":"","header-above-stick-meta":"","header-main-stick-meta":"","header-below-stick-meta":"","footnotes":""},"class_list":["post-72633","page","type-page","status-publish","hentry"],"_links":{"self":[{"href":"https:\/\/bengalmeat.com\/content\/wp-json\/wp\/v2\/pages\/72633","targetHints":{"allow":["GET"]}}],"collection":[{"href":"https:\/\/bengalmeat.com\/content\/wp-json\/wp\/v2\/pages"}],"about":[{"href":"https:\/\/bengalmeat.com\/content\/wp-json\/wp\/v2\/types\/page"}],"author":[{"embeddable":true,"href":"https:\/\/bengalmeat.com\/content\/wp-json\/wp\/v2\/users\/1"}],"replies":[{"embeddable":true,"href":"https:\/\/bengalmeat.com\/content\/wp-json\/wp\/v2\/comments?post=72633"}],"version-history":[{"count":1,"href":"https:\/\/bengalmeat.com\/content\/wp-json\/wp\/v2\/pages\/72633\/revisions"}],"predecessor-version":[{"id":72634,"href":"https:\/\/bengalmeat.com\/content\/wp-json\/wp\/v2\/pages\/72633\/revisions\/72634"}],"wp:attachment":[{"href":"https:\/\/bengalmeat.com\/content\/wp-json\/wp\/v2\/media?parent=72633"}],"curies":[{"name":"wp","href":"https:\/\/api.w.org\/{rel}","templated":true}]}}