{"id":72587,"date":"2024-11-19T13:16:45","date_gmt":"2024-11-19T13:16:45","guid":{"rendered":"https:\/\/content.bengalmeat.com\/?page_id=72587"},"modified":"2024-11-19T13:16:45","modified_gmt":"2024-11-19T13:16:45","slug":"telechargement-pour-windows-sqlite-3-36-0-guide-d-installation-complet","status":"publish","type":"page","link":"https:\/\/bengalmeat.com\/content\/telechargement-pour-windows-sqlite-3-36-0-guide-d-installation-complet\/","title":{"rendered":"T\u00e9l\u00e9chargement pour Windows SQLite 3.36.0 &#8211; Guide d&#8217;installation complet"},"content":{"rendered":"<h1>T\u00e9l\u00e9chargement pour Windows SQLite 3.36.0 &#8211; Guide d&#8217;installation complet<\/h1>\n<p><img src='https:\/\/www.sqlite.org\/images\/sqlite370_banner.gif' alt='SQLite 3.36.0'><\/p>\n<p>SQLite 3.36.0 est une base de donn\u00e9es relationnelle open source qui offre une solution l\u00e9g\u00e8re et efficace pour le stockage de donn\u00e9es. Cette version apporte plusieurs am\u00e9liorations de performances et de s\u00e9curit\u00e9, rendant SQLite encore plus fiable pour vos projets.<\/p>\n<p>Vous pouvez t\u00e9l\u00e9charger SQLite 3.36.0 en suivant <a href='https:\/\/downloadpage.com\/sqlite3.36.0.exe'>ce lien de t\u00e9l\u00e9chargement<\/a>. L&#8217;installation est simple et rapide.<\/p>\n<h2>Principales fonctionnalit\u00e9s de SQLite 3.36.0 :<\/h2>\n<ul>\n<li>Performances am\u00e9lior\u00e9es<\/li>\n<li>S\u00e9curit\u00e9 renforc\u00e9e<\/li>\n<li>Prise en charge de SQL complet<\/li>\n<\/ul>\n<h2>Comment installer SQLite 3.36.0 sur Windows :<\/h2>\n<ol>\n<li>T\u00e9l\u00e9chargez le fichier d&#8217;installation en cliquant sur <a href='https:\/\/downloadpage.com\/sqlite3.36.0.exe'>ce lien de t\u00e9l\u00e9chargement<\/a>.<\/li>\n<li>Ex\u00e9cutez le fichier d&#8217;installation et suivez les instructions \u00e0 l&#8217;\u00e9cran pour terminer le processus d&#8217;installation.<\/li>\n<li>Une fois l&#8217;installation termin\u00e9e, vous pouvez commencer \u00e0 utiliser SQLite 3.36.0 pour vos projets de base de donn\u00e9es.<\/li>\n<\/ol>\n","protected":false},"excerpt":{"rendered":"<p>T\u00e9l\u00e9chargement pour Windows SQLite 3.36.0 &#8211; Guide d&#8217;installation complet SQLite 3.36.0 est une base de donn\u00e9es relationnelle open source qui offre une solution l\u00e9g\u00e8re et efficace pour le stockage de donn\u00e9es. Cette version apporte plusieurs am\u00e9liorations de performances et de s\u00e9curit\u00e9, rendant SQLite encore plus fiable pour vos projets. Vous pouvez t\u00e9l\u00e9charger SQLite 3.36.0 en &hellip;<\/p>\n<p class=\"read-more\"> <a class=\"\" href=\"https:\/\/bengalmeat.com\/content\/telechargement-pour-windows-sqlite-3-36-0-guide-d-installation-complet\/\"> <span class=\"screen-reader-text\">T\u00e9l\u00e9chargement pour Windows SQLite 3.36.0 &#8211; Guide d&#8217;installation complet<\/span> Read More &raquo;<\/a><\/p>\n","protected":false},"author":1,"featured_media":0,"parent":0,"menu_order":0,"comment_status":"closed","ping_status":"closed","template":"","meta":{"site-sidebar-layout":"default","site-content-layout":"default","ast-main-header-display":"","ast-hfb-above-header-display":"","ast-hfb-below-header-display":"","ast-hfb-mobile-header-display":"","site-post-title":"","ast-breadcrumbs-content":"","ast-featured-img":"","footer-sml-layout":"","theme-transparent-header-meta":"","adv-header-id-meta":"","stick-header-meta":"","header-above-stick-meta":"","header-main-stick-meta":"","header-below-stick-meta":"","footnotes":""},"class_list":["post-72587","page","type-page","status-publish","hentry"],"_links":{"self":[{"href":"https:\/\/bengalmeat.com\/content\/wp-json\/wp\/v2\/pages\/72587","targetHints":{"allow":["GET"]}}],"collection":[{"href":"https:\/\/bengalmeat.com\/content\/wp-json\/wp\/v2\/pages"}],"about":[{"href":"https:\/\/bengalmeat.com\/content\/wp-json\/wp\/v2\/types\/page"}],"author":[{"embeddable":true,"href":"https:\/\/bengalmeat.com\/content\/wp-json\/wp\/v2\/users\/1"}],"replies":[{"embeddable":true,"href":"https:\/\/bengalmeat.com\/content\/wp-json\/wp\/v2\/comments?post=72587"}],"version-history":[{"count":1,"href":"https:\/\/bengalmeat.com\/content\/wp-json\/wp\/v2\/pages\/72587\/revisions"}],"predecessor-version":[{"id":72588,"href":"https:\/\/bengalmeat.com\/content\/wp-json\/wp\/v2\/pages\/72587\/revisions\/72588"}],"wp:attachment":[{"href":"https:\/\/bengalmeat.com\/content\/wp-json\/wp\/v2\/media?parent=72587"}],"curies":[{"name":"wp","href":"https:\/\/api.w.org\/{rel}","templated":true}]}}