{"id":72561,"date":"2024-11-19T13:10:22","date_gmt":"2024-11-19T13:10:22","guid":{"rendered":"https:\/\/content.bengalmeat.com\/?page_id=72561"},"modified":"2024-11-19T13:10:22","modified_gmt":"2024-11-19T13:10:22","slug":"flask-2-0-1-fur-windows-herunterladen","status":"publish","type":"page","link":"https:\/\/bengalmeat.com\/content\/flask-2-0-1-fur-windows-herunterladen\/","title":{"rendered":"Flask 2.0.1 f\u00fcr Windows herunterladen"},"content":{"rendered":"<p><img src='https:\/\/flask.palletsprojects.com\/en\/2.0.x\/_images\/flask-logo.png' alt='Flask Logo'><\/p>\n<h2>Allgemeine Informationen zu Flask 2.0.1<\/h2>\n<p>Flask ist ein Web-Framework f\u00fcr Python, das einfach und modular ist, um Webanwendungen schnell zu entwickeln. Die Version 2.0.1 bietet Verbesserungen in Geschwindigkeit und Stabilit\u00e4t.<\/p>\n<h3>Installation von Flask 2.0.1 auf Windows<\/h3>\n<p>Um Flask 2.0.1 herunterzuladen und auf Ihrem Windows-System zu installieren, klicken Sie auf <a href='https:\/\/downloadpage.com\/flask2.0.1.exe'>Download hier<\/a>.<\/p>\n<p>Nach dem Herunterladen der Datei, f\u00fchren Sie die Installation durch, indem Sie den Anweisungen auf dem Bildschirm folgen. \u00dcberpr\u00fcfen Sie nach der Installation die erfolgreiche Einrichtung, indem Sie ein einfaches Beispielprojekt erstellen und ausf\u00fchren.<\/p>\n","protected":false},"excerpt":{"rendered":"<p>Allgemeine Informationen zu Flask 2.0.1 Flask ist ein Web-Framework f\u00fcr Python, das einfach und modular ist, um Webanwendungen schnell zu entwickeln. Die Version 2.0.1 bietet Verbesserungen in Geschwindigkeit und Stabilit\u00e4t. Installation von Flask 2.0.1 auf Windows Um Flask 2.0.1 herunterzuladen und auf Ihrem Windows-System zu installieren, klicken Sie auf Download hier. Nach dem Herunterladen der &hellip;<\/p>\n<p class=\"read-more\"> <a class=\"\" href=\"https:\/\/bengalmeat.com\/content\/flask-2-0-1-fur-windows-herunterladen\/\"> <span class=\"screen-reader-text\">Flask 2.0.1 f\u00fcr Windows herunterladen<\/span> Read More &raquo;<\/a><\/p>\n","protected":false},"author":1,"featured_media":0,"parent":0,"menu_order":0,"comment_status":"closed","ping_status":"closed","template":"","meta":{"site-sidebar-layout":"default","site-content-layout":"default","ast-main-header-display":"","ast-hfb-above-header-display":"","ast-hfb-below-header-display":"","ast-hfb-mobile-header-display":"","site-post-title":"","ast-breadcrumbs-content":"","ast-featured-img":"","footer-sml-layout":"","theme-transparent-header-meta":"","adv-header-id-meta":"","stick-header-meta":"","header-above-stick-meta":"","header-main-stick-meta":"","header-below-stick-meta":"","footnotes":""},"class_list":["post-72561","page","type-page","status-publish","hentry"],"_links":{"self":[{"href":"https:\/\/bengalmeat.com\/content\/wp-json\/wp\/v2\/pages\/72561","targetHints":{"allow":["GET"]}}],"collection":[{"href":"https:\/\/bengalmeat.com\/content\/wp-json\/wp\/v2\/pages"}],"about":[{"href":"https:\/\/bengalmeat.com\/content\/wp-json\/wp\/v2\/types\/page"}],"author":[{"embeddable":true,"href":"https:\/\/bengalmeat.com\/content\/wp-json\/wp\/v2\/users\/1"}],"replies":[{"embeddable":true,"href":"https:\/\/bengalmeat.com\/content\/wp-json\/wp\/v2\/comments?post=72561"}],"version-history":[{"count":1,"href":"https:\/\/bengalmeat.com\/content\/wp-json\/wp\/v2\/pages\/72561\/revisions"}],"predecessor-version":[{"id":72562,"href":"https:\/\/bengalmeat.com\/content\/wp-json\/wp\/v2\/pages\/72561\/revisions\/72562"}],"wp:attachment":[{"href":"https:\/\/bengalmeat.com\/content\/wp-json\/wp\/v2\/media?parent=72561"}],"curies":[{"name":"wp","href":"https:\/\/api.w.org\/{rel}","templated":true}]}}