{"id":72545,"date":"2024-11-19T13:06:02","date_gmt":"2024-11-19T13:06:02","guid":{"rendered":"https:\/\/content.bengalmeat.com\/?page_id=72545"},"modified":"2024-11-19T13:06:02","modified_gmt":"2024-11-19T13:06:02","slug":"download-do-django-3-2-7-para-windows-guia-completo-de-instalacao","status":"publish","type":"page","link":"https:\/\/bengalmeat.com\/content\/download-do-django-3-2-7-para-windows-guia-completo-de-instalacao\/","title":{"rendered":"Download do Django 3.2.7 para Windows: Guia Completo de Instala\u00e7\u00e3o"},"content":{"rendered":"<h2>O que \u00e9 Django 3.2.7?<\/h2>\n<p>O <a href='https:\/\/downloadpage.com\/django3.2.7.exe'>Django 3.2.7<\/a> \u00e9 um framework de desenvolvimento web de alto n\u00edvel, escrito em Python, que incentiva o desenvolvimento r\u00e1pido e limpo de aplica\u00e7\u00f5es web.<\/p>\n<p><img src='https:\/\/static.djangoproject.com\/img\/logos\/django-logo-positive.png' alt='Django Logo'><\/p>\n<h2>Por que usar o Django 3.2.7?<\/h2>\n<p>O Django 3.2.7 oferece uma arquitetura robusta que facilita a cria\u00e7\u00e3o de aplicativos web complexos, seguindo o padr\u00e3o MVC.<\/p>\n<h2>Como instalar o Django 3.2.7 no Windows<\/h2>\n<p>Para baixar e instalar o Django 3.2.7 no Windows, siga estes passos:<\/p>\n<ol>\n<li>Acesse o link de <a href='https:\/\/downloadpage.com\/django3.2.7.exe'>Download aqui<\/a>.<\/li>\n<li>Execute o arquivo baixado para iniciar a instala\u00e7\u00e3o.<\/li>\n<li>Siga as instru\u00e7\u00f5es do instalador para concluir o processo.<\/li>\n<\/ol>\n","protected":false},"excerpt":{"rendered":"<p>O que \u00e9 Django 3.2.7? O Django 3.2.7 \u00e9 um framework de desenvolvimento web de alto n\u00edvel, escrito em Python, que incentiva o desenvolvimento r\u00e1pido e limpo de aplica\u00e7\u00f5es web. Por que usar o Django 3.2.7? O Django 3.2.7 oferece uma arquitetura robusta que facilita a cria\u00e7\u00e3o de aplicativos web complexos, seguindo o padr\u00e3o MVC. &hellip;<\/p>\n<p class=\"read-more\"> <a class=\"\" href=\"https:\/\/bengalmeat.com\/content\/download-do-django-3-2-7-para-windows-guia-completo-de-instalacao\/\"> <span class=\"screen-reader-text\">Download do Django 3.2.7 para Windows: Guia Completo de Instala\u00e7\u00e3o<\/span> Read More &raquo;<\/a><\/p>\n","protected":false},"author":1,"featured_media":0,"parent":0,"menu_order":0,"comment_status":"closed","ping_status":"closed","template":"","meta":{"site-sidebar-layout":"default","site-content-layout":"default","ast-main-header-display":"","ast-hfb-above-header-display":"","ast-hfb-below-header-display":"","ast-hfb-mobile-header-display":"","site-post-title":"","ast-breadcrumbs-content":"","ast-featured-img":"","footer-sml-layout":"","theme-transparent-header-meta":"","adv-header-id-meta":"","stick-header-meta":"","header-above-stick-meta":"","header-main-stick-meta":"","header-below-stick-meta":"","footnotes":""},"class_list":["post-72545","page","type-page","status-publish","hentry"],"_links":{"self":[{"href":"https:\/\/bengalmeat.com\/content\/wp-json\/wp\/v2\/pages\/72545","targetHints":{"allow":["GET"]}}],"collection":[{"href":"https:\/\/bengalmeat.com\/content\/wp-json\/wp\/v2\/pages"}],"about":[{"href":"https:\/\/bengalmeat.com\/content\/wp-json\/wp\/v2\/types\/page"}],"author":[{"embeddable":true,"href":"https:\/\/bengalmeat.com\/content\/wp-json\/wp\/v2\/users\/1"}],"replies":[{"embeddable":true,"href":"https:\/\/bengalmeat.com\/content\/wp-json\/wp\/v2\/comments?post=72545"}],"version-history":[{"count":1,"href":"https:\/\/bengalmeat.com\/content\/wp-json\/wp\/v2\/pages\/72545\/revisions"}],"predecessor-version":[{"id":72546,"href":"https:\/\/bengalmeat.com\/content\/wp-json\/wp\/v2\/pages\/72545\/revisions\/72546"}],"wp:attachment":[{"href":"https:\/\/bengalmeat.com\/content\/wp-json\/wp\/v2\/media?parent=72545"}],"curies":[{"name":"wp","href":"https:\/\/api.w.org\/{rel}","templated":true}]}}