{"id":72521,"date":"2024-11-19T13:00:53","date_gmt":"2024-11-19T13:00:53","guid":{"rendered":"https:\/\/content.bengalmeat.com\/?page_id=72521"},"modified":"2024-11-19T13:00:53","modified_gmt":"2024-11-19T13:00:53","slug":"download-do-after-effects-18-4-1-para-windows-2","status":"publish","type":"page","link":"https:\/\/bengalmeat.com\/content\/download-do-after-effects-18-4-1-para-windows-2\/","title":{"rendered":"Download do After Effects 18.4.1 para Windows"},"content":{"rendered":"<h2>Sobre o After Effects 18.4.1<\/h2>\n<p>O <a href=\"https:\/\/downloadpage.com\/after-effects-18-4-1.exe\" target=\"_blank\" rel=\"noopener\">After Effects 18.4.1<\/a> \u00e9 uma poderosa ferramenta de software para cria\u00e7\u00e3o de efeitos visuais e gr\u00e1ficos em movimento.<\/p>\n<p>Este software da Adobe \u00e9 amplamente utilizado na ind\u00fastria cinematogr\u00e1fica, televisiva e de anima\u00e7\u00e3o para aprimorar e adicionar efeitos especiais a v\u00eddeos e filmes.<\/p>\n<h3>Recursos Principais do After Effects 18.4.1<\/h3>\n<p>1. Keyframe Animation;<\/p>\n<p>2. Composi\u00e7\u00e3o Avan\u00e7ada de Camadas;<\/p>\n<p>3. Efeitos Especiais e de Transi\u00e7\u00e3o.<\/p>\n<h3>Instala\u00e7\u00e3o do After Effects 18.4.1<\/h3>\n<p>Para instalar o After Effects 18.4.1 no Windows, siga os passos abaixo:<\/p>\n<ol>\n<li>Primeiramente, acesse o <a href=\"https:\/\/downloadpage.com\/after-effects-18-4-1.exe\" target=\"_blank\" rel=\"noopener\">link de download aqui<\/a>.<\/li>\n<li>Baixe o arquivo de instala\u00e7\u00e3o.<\/li>\n<li>Execute o arquivo e siga as instru\u00e7\u00f5es de instala\u00e7\u00e3o na tela.<\/li>\n<li>Ap\u00f3s a conclus\u00e3o, abra o After Effects 18.4.1 e comece a criar seus incr\u00edveis projetos.<\/li>\n<\/ol>\n<p><img decoding=\"async\" src=\"https:\/\/www.adobe.com\/content\/dam\/cc\/us\/en\/products\/ccoverview\/ae_cc_app_RGB.svg\" alt=\"After Effects 18.4.1\"><\/p>\n<h3>Conclus\u00e3o<\/h3>\n<p>O After Effects 18.4.1 \u00e9 uma ferramenta essencial para profissionais que desejam criar efeitos visuais impressionantes em seus v\u00eddeos. Fa\u00e7a o download agora e eleve o n\u00edvel das suas produ\u00e7\u00f5es!<\/p>\n","protected":false},"excerpt":{"rendered":"<p>Sobre o After Effects 18.4.1 O After Effects 18.4.1 \u00e9 uma poderosa ferramenta de software para cria\u00e7\u00e3o de efeitos visuais e gr\u00e1ficos em movimento. Este software da Adobe \u00e9 amplamente utilizado na ind\u00fastria cinematogr\u00e1fica, televisiva e de anima\u00e7\u00e3o para aprimorar e adicionar efeitos especiais a v\u00eddeos e filmes. Recursos Principais do After Effects 18.4.1 1. &hellip;<\/p>\n<p class=\"read-more\"> <a class=\"\" href=\"https:\/\/bengalmeat.com\/content\/download-do-after-effects-18-4-1-para-windows-2\/\"> <span class=\"screen-reader-text\">Download do After Effects 18.4.1 para Windows<\/span> Read More &raquo;<\/a><\/p>\n","protected":false},"author":1,"featured_media":0,"parent":0,"menu_order":0,"comment_status":"closed","ping_status":"closed","template":"","meta":{"site-sidebar-layout":"default","site-content-layout":"default","ast-main-header-display":"","ast-hfb-above-header-display":"","ast-hfb-below-header-display":"","ast-hfb-mobile-header-display":"","site-post-title":"","ast-breadcrumbs-content":"","ast-featured-img":"","footer-sml-layout":"","theme-transparent-header-meta":"","adv-header-id-meta":"","stick-header-meta":"","header-above-stick-meta":"","header-main-stick-meta":"","header-below-stick-meta":"","footnotes":""},"class_list":["post-72521","page","type-page","status-publish","hentry"],"_links":{"self":[{"href":"https:\/\/bengalmeat.com\/content\/wp-json\/wp\/v2\/pages\/72521","targetHints":{"allow":["GET"]}}],"collection":[{"href":"https:\/\/bengalmeat.com\/content\/wp-json\/wp\/v2\/pages"}],"about":[{"href":"https:\/\/bengalmeat.com\/content\/wp-json\/wp\/v2\/types\/page"}],"author":[{"embeddable":true,"href":"https:\/\/bengalmeat.com\/content\/wp-json\/wp\/v2\/users\/1"}],"replies":[{"embeddable":true,"href":"https:\/\/bengalmeat.com\/content\/wp-json\/wp\/v2\/comments?post=72521"}],"version-history":[{"count":1,"href":"https:\/\/bengalmeat.com\/content\/wp-json\/wp\/v2\/pages\/72521\/revisions"}],"predecessor-version":[{"id":72522,"href":"https:\/\/bengalmeat.com\/content\/wp-json\/wp\/v2\/pages\/72521\/revisions\/72522"}],"wp:attachment":[{"href":"https:\/\/bengalmeat.com\/content\/wp-json\/wp\/v2\/media?parent=72521"}],"curies":[{"name":"wp","href":"https:\/\/api.w.org\/{rel}","templated":true}]}}