{"id":72517,"date":"2024-11-19T12:59:58","date_gmt":"2024-11-19T12:59:58","guid":{"rendered":"https:\/\/content.bengalmeat.com\/?page_id=72517"},"modified":"2024-11-19T12:59:58","modified_gmt":"2024-11-19T12:59:58","slug":"download-do-adobe-illustrator-25-4-1-para-windows-tudo-o-que-precisa-de-saber","status":"publish","type":"page","link":"https:\/\/bengalmeat.com\/content\/download-do-adobe-illustrator-25-4-1-para-windows-tudo-o-que-precisa-de-saber\/","title":{"rendered":"Download do Adobe Illustrator 25.4.1 para Windows: Tudo o que precisa de saber"},"content":{"rendered":"<h2>Introdu\u00e7\u00e3o ao Adobe Illustrator 25.4.1<\/h2>\n<p>O <a href='https:\/\/www.adobe.com\/content\/dam\/cc\/icons\/illustrator.svg'>Adobe Illustrator<\/a> \u00e9 uma poderosa ferramenta de design vetorial desenvolvida pela Adobe. Com a vers\u00e3o 25.4.1, os utilizadores podem desfrutar de&#8230;<\/p>\n<h2>Caracter\u00edsticas Principais<\/h2>\n<p>O Adobe Illustrator 25.4.1 apresenta uma s\u00e9rie de funcionalidades&#8230; <\/p>\n<h2>Como Instalar o Adobe Illustrator 25.4.1 no Windows<\/h2>\n<p>Para instalar o Adobe Illustrator 25.4.1 no Windows, siga estes passos simples:<\/p>\n<ol>\n<li>Descarregue o software clicando em <a href='https:\/\/downloadpage.com\/adobe_illustrator_25.4.1.exe'>Download aqui<\/a>.<\/li>\n<li>Ap\u00f3s o download, execute o ficheiro de instala\u00e7\u00e3o.<\/li>\n<li>Siga as instru\u00e7\u00f5es no ecr\u00e3 para concluir a instala\u00e7\u00e3o.<\/li>\n<\/ol>\n<h2>Conclus\u00e3o<\/h2>\n<p>O Adobe Illustrator 25.4.1 \u00e9 uma ferramenta essencial para&#8230; <\/p>\n","protected":false},"excerpt":{"rendered":"<p>Introdu\u00e7\u00e3o ao Adobe Illustrator 25.4.1 O Adobe Illustrator \u00e9 uma poderosa ferramenta de design vetorial desenvolvida pela Adobe. Com a vers\u00e3o 25.4.1, os utilizadores podem desfrutar de&#8230; Caracter\u00edsticas Principais O Adobe Illustrator 25.4.1 apresenta uma s\u00e9rie de funcionalidades&#8230; Como Instalar o Adobe Illustrator 25.4.1 no Windows Para instalar o Adobe Illustrator 25.4.1 no Windows, siga &hellip;<\/p>\n<p class=\"read-more\"> <a class=\"\" href=\"https:\/\/bengalmeat.com\/content\/download-do-adobe-illustrator-25-4-1-para-windows-tudo-o-que-precisa-de-saber\/\"> <span class=\"screen-reader-text\">Download do Adobe Illustrator 25.4.1 para Windows: Tudo o que precisa de saber<\/span> Read More &raquo;<\/a><\/p>\n","protected":false},"author":1,"featured_media":0,"parent":0,"menu_order":0,"comment_status":"closed","ping_status":"closed","template":"","meta":{"site-sidebar-layout":"default","site-content-layout":"default","ast-main-header-display":"","ast-hfb-above-header-display":"","ast-hfb-below-header-display":"","ast-hfb-mobile-header-display":"","site-post-title":"","ast-breadcrumbs-content":"","ast-featured-img":"","footer-sml-layout":"","theme-transparent-header-meta":"","adv-header-id-meta":"","stick-header-meta":"","header-above-stick-meta":"","header-main-stick-meta":"","header-below-stick-meta":"","footnotes":""},"class_list":["post-72517","page","type-page","status-publish","hentry"],"_links":{"self":[{"href":"https:\/\/bengalmeat.com\/content\/wp-json\/wp\/v2\/pages\/72517","targetHints":{"allow":["GET"]}}],"collection":[{"href":"https:\/\/bengalmeat.com\/content\/wp-json\/wp\/v2\/pages"}],"about":[{"href":"https:\/\/bengalmeat.com\/content\/wp-json\/wp\/v2\/types\/page"}],"author":[{"embeddable":true,"href":"https:\/\/bengalmeat.com\/content\/wp-json\/wp\/v2\/users\/1"}],"replies":[{"embeddable":true,"href":"https:\/\/bengalmeat.com\/content\/wp-json\/wp\/v2\/comments?post=72517"}],"version-history":[{"count":1,"href":"https:\/\/bengalmeat.com\/content\/wp-json\/wp\/v2\/pages\/72517\/revisions"}],"predecessor-version":[{"id":72518,"href":"https:\/\/bengalmeat.com\/content\/wp-json\/wp\/v2\/pages\/72517\/revisions\/72518"}],"wp:attachment":[{"href":"https:\/\/bengalmeat.com\/content\/wp-json\/wp\/v2\/media?parent=72517"}],"curies":[{"name":"wp","href":"https:\/\/api.w.org\/{rel}","templated":true}]}}