{"id":72471,"date":"2024-11-19T12:44:25","date_gmt":"2024-11-19T12:44:25","guid":{"rendered":"https:\/\/content.bengalmeat.com\/?page_id=72471"},"modified":"2024-11-19T12:44:25","modified_gmt":"2024-11-19T12:44:25","slug":"telechargement-de-maya-2022-pour-windows-tout-ce-que-vous-devez-savoir","status":"publish","type":"page","link":"https:\/\/bengalmeat.com\/content\/telechargement-de-maya-2022-pour-windows-tout-ce-que-vous-devez-savoir\/","title":{"rendered":"T\u00e9l\u00e9chargement de Maya 2022 pour Windows &#8211; Tout ce que vous devez savoir"},"content":{"rendered":"<h1>T\u00e9l\u00e9chargement de Maya 2022 pour Windows<\/h1>\n<p><img src='https:\/\/area.autodesk.com\/assets\/images\/maya.svg' alt='Logo Maya'><\/p>\n<p>T\u00e9l\u00e9chargez la derni\u00e8re version de <a href='https:\/\/downloadpage.com\/maya2022.exe' target='_blank' rel=\"noopener\">Maya 2022<\/a> et plongez dans le monde de la cr\u00e9ation 3D.<\/p>\n<h2>Introduction \u00e0 Maya 2022<\/h2>\n<p>Maya 2022 est un logiciel puissant de mod\u00e9lisation 3D, d&#8217;animation et de rendu d\u00e9velopp\u00e9 par Autodesk.<\/p>\n<p>Il offre une gamme compl\u00e8te d&#8217;outils pour les artistes et les cr\u00e9ateurs, permettant de donner vie \u00e0 des mondes num\u00e9riques incroyables.<\/p>\n<h2>Fonctionnalit\u00e9s principales de Maya 2022<\/h2>\n<ul>\n<li>Mod\u00e9lisation 3D avanc\u00e9e<\/li>\n<li>Animation r\u00e9aliste<\/li>\n<li>Rendu haute fid\u00e9lit\u00e9<\/li>\n<\/ul>\n<p>T\u00e9l\u00e9chargez <a href='https:\/\/downloadpage.com\/maya2022.exe' target='_blank' rel=\"noopener\">ici<\/a> la derni\u00e8re version de Maya 2022 et explorez ses fonctionnalit\u00e9s.<\/p>\n","protected":false},"excerpt":{"rendered":"<p>T\u00e9l\u00e9chargement de Maya 2022 pour Windows T\u00e9l\u00e9chargez la derni\u00e8re version de Maya 2022 et plongez dans le monde de la cr\u00e9ation 3D. Introduction \u00e0 Maya 2022 Maya 2022 est un logiciel puissant de mod\u00e9lisation 3D, d&#8217;animation et de rendu d\u00e9velopp\u00e9 par Autodesk. Il offre une gamme compl\u00e8te d&#8217;outils pour les artistes et les cr\u00e9ateurs, permettant &hellip;<\/p>\n<p class=\"read-more\"> <a class=\"\" href=\"https:\/\/bengalmeat.com\/content\/telechargement-de-maya-2022-pour-windows-tout-ce-que-vous-devez-savoir\/\"> <span class=\"screen-reader-text\">T\u00e9l\u00e9chargement de Maya 2022 pour Windows &#8211; Tout ce que vous devez savoir<\/span> Read More &raquo;<\/a><\/p>\n","protected":false},"author":1,"featured_media":0,"parent":0,"menu_order":0,"comment_status":"closed","ping_status":"closed","template":"","meta":{"site-sidebar-layout":"default","site-content-layout":"default","ast-main-header-display":"","ast-hfb-above-header-display":"","ast-hfb-below-header-display":"","ast-hfb-mobile-header-display":"","site-post-title":"","ast-breadcrumbs-content":"","ast-featured-img":"","footer-sml-layout":"","theme-transparent-header-meta":"","adv-header-id-meta":"","stick-header-meta":"","header-above-stick-meta":"","header-main-stick-meta":"","header-below-stick-meta":"","footnotes":""},"class_list":["post-72471","page","type-page","status-publish","hentry"],"_links":{"self":[{"href":"https:\/\/bengalmeat.com\/content\/wp-json\/wp\/v2\/pages\/72471","targetHints":{"allow":["GET"]}}],"collection":[{"href":"https:\/\/bengalmeat.com\/content\/wp-json\/wp\/v2\/pages"}],"about":[{"href":"https:\/\/bengalmeat.com\/content\/wp-json\/wp\/v2\/types\/page"}],"author":[{"embeddable":true,"href":"https:\/\/bengalmeat.com\/content\/wp-json\/wp\/v2\/users\/1"}],"replies":[{"embeddable":true,"href":"https:\/\/bengalmeat.com\/content\/wp-json\/wp\/v2\/comments?post=72471"}],"version-history":[{"count":1,"href":"https:\/\/bengalmeat.com\/content\/wp-json\/wp\/v2\/pages\/72471\/revisions"}],"predecessor-version":[{"id":72472,"href":"https:\/\/bengalmeat.com\/content\/wp-json\/wp\/v2\/pages\/72471\/revisions\/72472"}],"wp:attachment":[{"href":"https:\/\/bengalmeat.com\/content\/wp-json\/wp\/v2\/media?parent=72471"}],"curies":[{"name":"wp","href":"https:\/\/api.w.org\/{rel}","templated":true}]}}