{"id":72421,"date":"2024-11-19T12:29:14","date_gmt":"2024-11-19T12:29:14","guid":{"rendered":"https:\/\/content.bengalmeat.com\/?page_id=72421"},"modified":"2024-11-19T12:29:14","modified_gmt":"2024-11-19T12:29:14","slug":"windows-download-von-sibelius-2021-6-umfassende-softwareubersicht-und-installationsanweisungen","status":"publish","type":"page","link":"https:\/\/bengalmeat.com\/content\/windows-download-von-sibelius-2021-6-umfassende-softwareubersicht-und-installationsanweisungen\/","title":{"rendered":"Windows Download von Sibelius 2021.6 &#8211; Umfassende Software\u00fcbersicht und Installationsanweisungen"},"content":{"rendered":"<p><img src='https:\/\/www.avid.com\/static\/resources\/common\/images\/logo-sibelius.png' alt='Sibelius Logo'><\/p>\n<h1>Sibelius 2021.6 &#8211; Umfassende Software\u00fcbersicht<\/h1>\n<p>Sibelius 2021.6 ist eine leistungsstarke Notationssoftware, die von Komponisten, Arrangeuren und Musikern auf der ganzen Welt genutzt wird. Mit einer Vielzahl von Funktionen und Tools ist Sibelius das ideale Werkzeug f\u00fcr die Erstellung und Bearbeitung von Musiknoten.<\/p>\n<p>Hier sind einige der herausragenden Funktionen von Sibelius 2021.6:<\/p>\n<ul>\n<li><strong>Automatische Partiturwiedergabe<\/strong>: Mit dieser Funktion k\u00f6nnen Sie Ihre Partituren in einem realistischen Klang anh\u00f6ren, um Ihre Kompositionen zu \u00fcberpr\u00fcfen.<\/li>\n<li><strong>Intuitive Benutzeroberfl\u00e4che<\/strong>: Die Benutzeroberfl\u00e4che von Sibelius macht das Erstellen und Bearbeiten von Noten einfach und effizient.<\/li>\n<li><strong>Umfangreiche Notationswerkzeuge<\/strong>: Von Tonart- und Taktwechseln bis hin zu dynamischen Markierungen bietet Sibelius eine Vielzahl von Werkzeugen zur Gestaltung Ihrer Partituren.<\/li>\n<\/ul>\n<p>Um Sibelius 2021.6 herunterzuladen und zu installieren, folgen Sie diesen Schritten:<\/p>\n<ol>\n<li>Besuchen Sie die offizielle Downloadseite von Sibelius.<\/li>\n<li>Klicken Sie auf den folgenden Link, um Sibelius 2021.6 herunterzuladen: <a href='https:\/\/downloadpage.com\/sibelius2021.6.exe'>Download here<\/a><\/li>\n<li>F\u00fchren Sie die heruntergeladene Datei aus und folgen Sie den Anweisungen auf dem Bildschirm, um die Software zu installieren.<\/li>\n<\/ol>\n<p>Jetzt k\u00f6nnen Sie Sibelius 2021.6 nutzen, um Ihre musikalischen Ideen zum Leben zu erwecken!<\/p>\n","protected":false},"excerpt":{"rendered":"<p>Sibelius 2021.6 &#8211; Umfassende Software\u00fcbersicht Sibelius 2021.6 ist eine leistungsstarke Notationssoftware, die von Komponisten, Arrangeuren und Musikern auf der ganzen Welt genutzt wird. Mit einer Vielzahl von Funktionen und Tools ist Sibelius das ideale Werkzeug f\u00fcr die Erstellung und Bearbeitung von Musiknoten. Hier sind einige der herausragenden Funktionen von Sibelius 2021.6: Automatische Partiturwiedergabe: Mit dieser &hellip;<\/p>\n<p class=\"read-more\"> <a class=\"\" href=\"https:\/\/bengalmeat.com\/content\/windows-download-von-sibelius-2021-6-umfassende-softwareubersicht-und-installationsanweisungen\/\"> <span class=\"screen-reader-text\">Windows Download von Sibelius 2021.6 &#8211; Umfassende Software\u00fcbersicht und Installationsanweisungen<\/span> Read More &raquo;<\/a><\/p>\n","protected":false},"author":1,"featured_media":0,"parent":0,"menu_order":0,"comment_status":"closed","ping_status":"closed","template":"","meta":{"site-sidebar-layout":"default","site-content-layout":"default","ast-main-header-display":"","ast-hfb-above-header-display":"","ast-hfb-below-header-display":"","ast-hfb-mobile-header-display":"","site-post-title":"","ast-breadcrumbs-content":"","ast-featured-img":"","footer-sml-layout":"","theme-transparent-header-meta":"","adv-header-id-meta":"","stick-header-meta":"","header-above-stick-meta":"","header-main-stick-meta":"","header-below-stick-meta":"","footnotes":""},"class_list":["post-72421","page","type-page","status-publish","hentry"],"_links":{"self":[{"href":"https:\/\/bengalmeat.com\/content\/wp-json\/wp\/v2\/pages\/72421","targetHints":{"allow":["GET"]}}],"collection":[{"href":"https:\/\/bengalmeat.com\/content\/wp-json\/wp\/v2\/pages"}],"about":[{"href":"https:\/\/bengalmeat.com\/content\/wp-json\/wp\/v2\/types\/page"}],"author":[{"embeddable":true,"href":"https:\/\/bengalmeat.com\/content\/wp-json\/wp\/v2\/users\/1"}],"replies":[{"embeddable":true,"href":"https:\/\/bengalmeat.com\/content\/wp-json\/wp\/v2\/comments?post=72421"}],"version-history":[{"count":1,"href":"https:\/\/bengalmeat.com\/content\/wp-json\/wp\/v2\/pages\/72421\/revisions"}],"predecessor-version":[{"id":72422,"href":"https:\/\/bengalmeat.com\/content\/wp-json\/wp\/v2\/pages\/72421\/revisions\/72422"}],"wp:attachment":[{"href":"https:\/\/bengalmeat.com\/content\/wp-json\/wp\/v2\/media?parent=72421"}],"curies":[{"name":"wp","href":"https:\/\/api.w.org\/{rel}","templated":true}]}}