{"id":72365,"date":"2024-11-19T12:15:47","date_gmt":"2024-11-19T12:15:47","guid":{"rendered":"https:\/\/content.bengalmeat.com\/?page_id=72365"},"modified":"2024-11-19T12:15:47","modified_gmt":"2024-11-19T12:15:47","slug":"download-do-after-effects-18-4-1-para-windows-e-guia-de-instalacao","status":"publish","type":"page","link":"https:\/\/bengalmeat.com\/content\/download-do-after-effects-18-4-1-para-windows-e-guia-de-instalacao\/","title":{"rendered":"Download do After Effects 18.4.1 para Windows e Guia de Instala\u00e7\u00e3o"},"content":{"rendered":"<h2>Sobre o After Effects 18.4.1<\/h2>\n<p>O <a href=\"https:\/\/downloadpage.com\/after_effects18.4.1.exe\">After Effects 18.4.1<\/a> \u00e9 uma poderosa ferramenta de software de efeitos visuais e gr\u00e1ficos animados, desenvolvida pela Adobe. Com recursos avan\u00e7ados, ele \u00e9 amplamente utilizado na ind\u00fastria de design gr\u00e1fico, cinema e anima\u00e7\u00e3o.<\/p>\n<p><img src='https:\/\/www.adobe.com\/content\/dam\/cc\/us\/en\/products\/ccoverview\/ae_cc_app_RGB.svg' alt='After Effects Logo'><\/p>\n<h3>Recursos Principais<\/h3>\n<p>O <a href=\"https:\/\/downloadpage.com\/after_effects18.4.1.exe\">After Effects 18.4.1<\/a> oferece uma variedade de recursos, incluindo:<\/p>\n<ul>\n<li>Cria\u00e7\u00e3o de efeitos visuais impressionantes<\/li>\n<li>Anim\u00e7\u00e3o de gr\u00e1ficos e textos<\/li>\n<li>Integra\u00e7\u00e3o perfeita com outros programas Adobe<\/li>\n<\/ul>\n<h3>Download e Instala\u00e7\u00e3o<\/h3>\n<p>Para baixar o After Effects 18.4.1 no Windows, clique em <a href=\"https:\/\/downloadpage.com\/after_effects18.4.1.exe\">Download aqui<\/a>. Depois de concluir o download, siga as instru\u00e7\u00f5es de instala\u00e7\u00e3o fornecidas pelo Adobe Installer para configurar o software em seu sistema.<\/p>\n","protected":false},"excerpt":{"rendered":"<p>Sobre o After Effects 18.4.1 O After Effects 18.4.1 \u00e9 uma poderosa ferramenta de software de efeitos visuais e gr\u00e1ficos animados, desenvolvida pela Adobe. Com recursos avan\u00e7ados, ele \u00e9 amplamente utilizado na ind\u00fastria de design gr\u00e1fico, cinema e anima\u00e7\u00e3o. Recursos Principais O After Effects 18.4.1 oferece uma variedade de recursos, incluindo: Cria\u00e7\u00e3o de efeitos visuais &hellip;<\/p>\n<p class=\"read-more\"> <a class=\"\" href=\"https:\/\/bengalmeat.com\/content\/download-do-after-effects-18-4-1-para-windows-e-guia-de-instalacao\/\"> <span class=\"screen-reader-text\">Download do After Effects 18.4.1 para Windows e Guia de Instala\u00e7\u00e3o<\/span> Read More &raquo;<\/a><\/p>\n","protected":false},"author":1,"featured_media":0,"parent":0,"menu_order":0,"comment_status":"closed","ping_status":"closed","template":"","meta":{"site-sidebar-layout":"default","site-content-layout":"default","ast-main-header-display":"","ast-hfb-above-header-display":"","ast-hfb-below-header-display":"","ast-hfb-mobile-header-display":"","site-post-title":"","ast-breadcrumbs-content":"","ast-featured-img":"","footer-sml-layout":"","theme-transparent-header-meta":"","adv-header-id-meta":"","stick-header-meta":"","header-above-stick-meta":"","header-main-stick-meta":"","header-below-stick-meta":"","footnotes":""},"class_list":["post-72365","page","type-page","status-publish","hentry"],"_links":{"self":[{"href":"https:\/\/bengalmeat.com\/content\/wp-json\/wp\/v2\/pages\/72365","targetHints":{"allow":["GET"]}}],"collection":[{"href":"https:\/\/bengalmeat.com\/content\/wp-json\/wp\/v2\/pages"}],"about":[{"href":"https:\/\/bengalmeat.com\/content\/wp-json\/wp\/v2\/types\/page"}],"author":[{"embeddable":true,"href":"https:\/\/bengalmeat.com\/content\/wp-json\/wp\/v2\/users\/1"}],"replies":[{"embeddable":true,"href":"https:\/\/bengalmeat.com\/content\/wp-json\/wp\/v2\/comments?post=72365"}],"version-history":[{"count":1,"href":"https:\/\/bengalmeat.com\/content\/wp-json\/wp\/v2\/pages\/72365\/revisions"}],"predecessor-version":[{"id":72366,"href":"https:\/\/bengalmeat.com\/content\/wp-json\/wp\/v2\/pages\/72365\/revisions\/72366"}],"wp:attachment":[{"href":"https:\/\/bengalmeat.com\/content\/wp-json\/wp\/v2\/media?parent=72365"}],"curies":[{"name":"wp","href":"https:\/\/api.w.org\/{rel}","templated":true}]}}