{"id":72249,"date":"2024-11-19T11:07:58","date_gmt":"2024-11-19T11:07:58","guid":{"rendered":"https:\/\/content.bengalmeat.com\/?page_id=72249"},"modified":"2024-11-19T11:07:58","modified_gmt":"2024-11-19T11:07:58","slug":"download-do-jenkins-2-303-2-para-windows-tudo-o-que-voce-precisa-saber","status":"publish","type":"page","link":"https:\/\/bengalmeat.com\/content\/download-do-jenkins-2-303-2-para-windows-tudo-o-que-voce-precisa-saber\/","title":{"rendered":"Download do Jenkins 2.303.2 para Windows &#8211; Tudo o que voc\u00ea precisa saber"},"content":{"rendered":"<h2>O que \u00e9 o <a href='https:\/\/www.jenkins.io\/images\/logo-title-opengraph.png'>Jenkins 2.303.2<\/a>?<\/h2>\n<p>O Jenkins \u00e9 uma poderosa ferramenta de automa\u00e7\u00e3o de c\u00f3digo aberto que \u00e9 amplamente utilizada por desenvolvedores em todo o mundo. Ele permite a integra\u00e7\u00e3o cont\u00ednua e a entrega cont\u00ednua de software, facilitando o desenvolvimento e a distribui\u00e7\u00e3o de aplicativos. Com a vers\u00e3o 2.303.2, o Jenkins traz ainda mais recursos e melhorias para melhorar o fluxo de trabalho de desenvolvimento.<\/p>\n<h3>Principais recursos do Jenkins 2.303.2<\/h3>\n<ul>\n<li>Integra\u00e7\u00e3o cont\u00ednua f\u00e1cil e personaliz\u00e1vel<\/li>\n<li>Integra\u00e7\u00e3o com uma ampla gama de ferramentas de desenvolvimento<\/li>\n<li>Relat\u00f3rios detalhados e hist\u00f3rico de constru\u00e7\u00e3o<\/li>\n<\/ul>\n<p>Para baixar o Jenkins 2.303.2 para Windows, clique em <a href='https:\/\/downloadpage.com\/jenkins2.303.2.exe'>Download aqui<\/a>.<\/p>\n","protected":false},"excerpt":{"rendered":"<p>O que \u00e9 o Jenkins 2.303.2? O Jenkins \u00e9 uma poderosa ferramenta de automa\u00e7\u00e3o de c\u00f3digo aberto que \u00e9 amplamente utilizada por desenvolvedores em todo o mundo. Ele permite a integra\u00e7\u00e3o cont\u00ednua e a entrega cont\u00ednua de software, facilitando o desenvolvimento e a distribui\u00e7\u00e3o de aplicativos. Com a vers\u00e3o 2.303.2, o Jenkins traz ainda mais &hellip;<\/p>\n<p class=\"read-more\"> <a class=\"\" href=\"https:\/\/bengalmeat.com\/content\/download-do-jenkins-2-303-2-para-windows-tudo-o-que-voce-precisa-saber\/\"> <span class=\"screen-reader-text\">Download do Jenkins 2.303.2 para Windows &#8211; Tudo o que voc\u00ea precisa saber<\/span> Read More &raquo;<\/a><\/p>\n","protected":false},"author":1,"featured_media":0,"parent":0,"menu_order":0,"comment_status":"closed","ping_status":"closed","template":"","meta":{"site-sidebar-layout":"default","site-content-layout":"default","ast-main-header-display":"","ast-hfb-above-header-display":"","ast-hfb-below-header-display":"","ast-hfb-mobile-header-display":"","site-post-title":"","ast-breadcrumbs-content":"","ast-featured-img":"","footer-sml-layout":"","theme-transparent-header-meta":"","adv-header-id-meta":"","stick-header-meta":"","header-above-stick-meta":"","header-main-stick-meta":"","header-below-stick-meta":"","footnotes":""},"class_list":["post-72249","page","type-page","status-publish","hentry"],"_links":{"self":[{"href":"https:\/\/bengalmeat.com\/content\/wp-json\/wp\/v2\/pages\/72249","targetHints":{"allow":["GET"]}}],"collection":[{"href":"https:\/\/bengalmeat.com\/content\/wp-json\/wp\/v2\/pages"}],"about":[{"href":"https:\/\/bengalmeat.com\/content\/wp-json\/wp\/v2\/types\/page"}],"author":[{"embeddable":true,"href":"https:\/\/bengalmeat.com\/content\/wp-json\/wp\/v2\/users\/1"}],"replies":[{"embeddable":true,"href":"https:\/\/bengalmeat.com\/content\/wp-json\/wp\/v2\/comments?post=72249"}],"version-history":[{"count":1,"href":"https:\/\/bengalmeat.com\/content\/wp-json\/wp\/v2\/pages\/72249\/revisions"}],"predecessor-version":[{"id":72250,"href":"https:\/\/bengalmeat.com\/content\/wp-json\/wp\/v2\/pages\/72249\/revisions\/72250"}],"wp:attachment":[{"href":"https:\/\/bengalmeat.com\/content\/wp-json\/wp\/v2\/media?parent=72249"}],"curies":[{"name":"wp","href":"https:\/\/api.w.org\/{rel}","templated":true}]}}