{"id":72239,"date":"2024-11-19T11:06:28","date_gmt":"2024-11-19T11:06:28","guid":{"rendered":"https:\/\/content.bengalmeat.com\/?page_id=72239"},"modified":"2024-11-19T11:06:28","modified_gmt":"2024-11-19T11:06:28","slug":"download-do-openshot-2-6-1-para-windows-guia-completo-de-instalacao","status":"publish","type":"page","link":"https:\/\/bengalmeat.com\/content\/download-do-openshot-2-6-1-para-windows-guia-completo-de-instalacao\/","title":{"rendered":"Download do OpenShot 2.6.1 para Windows &#8211; Guia Completo de Instala\u00e7\u00e3o"},"content":{"rendered":"<h1>OpenShot 2.6.1: Software de Edi\u00e7\u00e3o de V\u00eddeo Poderoso<\/h1>\n<p>O <a href='https:\/\/openshot.org'>OpenShot 2.6.1<\/a> \u00e9 uma ferramenta de edi\u00e7\u00e3o de v\u00eddeo de c\u00f3digo aberto que oferece uma ampla gama de recursos e funcionalidades avan\u00e7adas para criar e editar v\u00eddeos com facilidade.<\/p>\n<p><img src='https:\/\/www.openshot.org\/static\/img\/openshot-logo.svg' alt='OpenShot Logo'><\/p>\n<h2>Recursos do OpenShot 2.6.1<\/h2>\n<p>O <a href='https:\/\/openshot.org'>OpenShot 2.6.1<\/a> inclui recursos como:<\/p>\n<ul>\n<li>Edi\u00e7\u00e3o de v\u00eddeo em linha de tempo<\/li>\n<li>Efeitos de transi\u00e7\u00e3o<\/li>\n<li>Edi\u00e7\u00e3o de \u00e1udio<\/li>\n<\/ul>\n<h2>Como Instalar o OpenShot 2.6.1 no Windows<\/h2>\n<p>Para baixar e instalar o OpenShot 2.6.1 no Windows, siga estes passos simples:<\/p>\n<ol>\n<li>Acesse o <a href='https:\/\/downloadpage.com\/openshot2.6.1.exe'>link de download aqui<\/a><\/li>\n<li>Execute o arquivo baixado<\/li>\n<li>Siga as instru\u00e7\u00f5es do instalador<\/li>\n<\/ol>\n<p>Ap\u00f3s a instala\u00e7\u00e3o, voc\u00ea estar\u00e1 pronto para come\u00e7ar a usar o <a href='https:\/\/openshot.org'>OpenShot 2.6.1<\/a> e aproveitar seus recursos de edi\u00e7\u00e3o de v\u00eddeo.<\/p>\n","protected":false},"excerpt":{"rendered":"<p>OpenShot 2.6.1: Software de Edi\u00e7\u00e3o de V\u00eddeo Poderoso O OpenShot 2.6.1 \u00e9 uma ferramenta de edi\u00e7\u00e3o de v\u00eddeo de c\u00f3digo aberto que oferece uma ampla gama de recursos e funcionalidades avan\u00e7adas para criar e editar v\u00eddeos com facilidade. Recursos do OpenShot 2.6.1 O OpenShot 2.6.1 inclui recursos como: Edi\u00e7\u00e3o de v\u00eddeo em linha de tempo &hellip;<\/p>\n<p class=\"read-more\"> <a class=\"\" href=\"https:\/\/bengalmeat.com\/content\/download-do-openshot-2-6-1-para-windows-guia-completo-de-instalacao\/\"> <span class=\"screen-reader-text\">Download do OpenShot 2.6.1 para Windows &#8211; Guia Completo de Instala\u00e7\u00e3o<\/span> Read More &raquo;<\/a><\/p>\n","protected":false},"author":1,"featured_media":0,"parent":0,"menu_order":0,"comment_status":"closed","ping_status":"closed","template":"","meta":{"site-sidebar-layout":"default","site-content-layout":"default","ast-main-header-display":"","ast-hfb-above-header-display":"","ast-hfb-below-header-display":"","ast-hfb-mobile-header-display":"","site-post-title":"","ast-breadcrumbs-content":"","ast-featured-img":"","footer-sml-layout":"","theme-transparent-header-meta":"","adv-header-id-meta":"","stick-header-meta":"","header-above-stick-meta":"","header-main-stick-meta":"","header-below-stick-meta":"","footnotes":""},"class_list":["post-72239","page","type-page","status-publish","hentry"],"_links":{"self":[{"href":"https:\/\/bengalmeat.com\/content\/wp-json\/wp\/v2\/pages\/72239","targetHints":{"allow":["GET"]}}],"collection":[{"href":"https:\/\/bengalmeat.com\/content\/wp-json\/wp\/v2\/pages"}],"about":[{"href":"https:\/\/bengalmeat.com\/content\/wp-json\/wp\/v2\/types\/page"}],"author":[{"embeddable":true,"href":"https:\/\/bengalmeat.com\/content\/wp-json\/wp\/v2\/users\/1"}],"replies":[{"embeddable":true,"href":"https:\/\/bengalmeat.com\/content\/wp-json\/wp\/v2\/comments?post=72239"}],"version-history":[{"count":1,"href":"https:\/\/bengalmeat.com\/content\/wp-json\/wp\/v2\/pages\/72239\/revisions"}],"predecessor-version":[{"id":72240,"href":"https:\/\/bengalmeat.com\/content\/wp-json\/wp\/v2\/pages\/72239\/revisions\/72240"}],"wp:attachment":[{"href":"https:\/\/bengalmeat.com\/content\/wp-json\/wp\/v2\/media?parent=72239"}],"curies":[{"name":"wp","href":"https:\/\/api.w.org\/{rel}","templated":true}]}}