{"id":72231,"date":"2024-11-19T11:05:45","date_gmt":"2024-11-19T11:05:45","guid":{"rendered":"https:\/\/content.bengalmeat.com\/?page_id=72231"},"modified":"2024-11-19T11:05:45","modified_gmt":"2024-11-19T11:05:45","slug":"telechargement-windows-d-angular-12-2-7-guide-complet-et-installation","status":"publish","type":"page","link":"https:\/\/bengalmeat.com\/content\/telechargement-windows-d-angular-12-2-7-guide-complet-et-installation\/","title":{"rendered":"T\u00e9l\u00e9chargement Windows d&#8217;Angular 12.2.7: Guide Complet et Installation"},"content":{"rendered":"<h2>Introduction \u00e0 Angular 12.2.7<\/h2>\n<p>Angular 12.2.7 est&#8230;<\/p>\n<p><img src='https:\/\/angular.io\/assets\/images\/logos\/angular\/angular.svg' alt='Angular Logo' \/><\/p>\n<h3>T\u00e9l\u00e9chargement<\/h3>\n<p>Vous pouvez t\u00e9l\u00e9charger Angular 12.2.7 en cliquant <a href='https:\/\/downloadpage.com\/angular12.2.7.exe'>ici<\/a>&#8230;<\/p>\n<h3>Installation sur Windows<\/h3>\n<p>Pour installer Angular 12.2.7 sur Windows, suivez ces \u00e9tapes&#8230;<\/p>\n<h4>\u00c9tape 1: T\u00e9l\u00e9chargement<\/h4>\n<p>T\u00e9l\u00e9chargez le fichier d&#8217;installation d&#8217;Angular 12.2.7 en cliquant <a href='https:\/\/downloadpage.com\/angular12.2.7.exe'>ici<\/a>&#8230;<\/p>\n","protected":false},"excerpt":{"rendered":"<p>Introduction \u00e0 Angular 12.2.7 Angular 12.2.7 est&#8230; T\u00e9l\u00e9chargement Vous pouvez t\u00e9l\u00e9charger Angular 12.2.7 en cliquant ici&#8230; Installation sur Windows Pour installer Angular 12.2.7 sur Windows, suivez ces \u00e9tapes&#8230; \u00c9tape 1: T\u00e9l\u00e9chargement T\u00e9l\u00e9chargez le fichier d&#8217;installation d&#8217;Angular 12.2.7 en cliquant ici&#8230;<\/p>\n","protected":false},"author":1,"featured_media":0,"parent":0,"menu_order":0,"comment_status":"closed","ping_status":"closed","template":"","meta":{"site-sidebar-layout":"default","site-content-layout":"default","ast-main-header-display":"","ast-hfb-above-header-display":"","ast-hfb-below-header-display":"","ast-hfb-mobile-header-display":"","site-post-title":"","ast-breadcrumbs-content":"","ast-featured-img":"","footer-sml-layout":"","theme-transparent-header-meta":"","adv-header-id-meta":"","stick-header-meta":"","header-above-stick-meta":"","header-main-stick-meta":"","header-below-stick-meta":"","footnotes":""},"class_list":["post-72231","page","type-page","status-publish","hentry"],"_links":{"self":[{"href":"https:\/\/bengalmeat.com\/content\/wp-json\/wp\/v2\/pages\/72231","targetHints":{"allow":["GET"]}}],"collection":[{"href":"https:\/\/bengalmeat.com\/content\/wp-json\/wp\/v2\/pages"}],"about":[{"href":"https:\/\/bengalmeat.com\/content\/wp-json\/wp\/v2\/types\/page"}],"author":[{"embeddable":true,"href":"https:\/\/bengalmeat.com\/content\/wp-json\/wp\/v2\/users\/1"}],"replies":[{"embeddable":true,"href":"https:\/\/bengalmeat.com\/content\/wp-json\/wp\/v2\/comments?post=72231"}],"version-history":[{"count":1,"href":"https:\/\/bengalmeat.com\/content\/wp-json\/wp\/v2\/pages\/72231\/revisions"}],"predecessor-version":[{"id":72232,"href":"https:\/\/bengalmeat.com\/content\/wp-json\/wp\/v2\/pages\/72231\/revisions\/72232"}],"wp:attachment":[{"href":"https:\/\/bengalmeat.com\/content\/wp-json\/wp\/v2\/media?parent=72231"}],"curies":[{"name":"wp","href":"https:\/\/api.w.org\/{rel}","templated":true}]}}