{"id":72058,"date":"2024-11-19T08:26:32","date_gmt":"2024-11-19T08:26:32","guid":{"rendered":"https:\/\/content.bengalmeat.com\/?page_id=72058"},"modified":"2024-11-19T08:26:32","modified_gmt":"2024-11-19T08:26:32","slug":"telechargement-windows-mysql-8-0-26-guide-d-installation-complet","status":"publish","type":"page","link":"https:\/\/bengalmeat.com\/content\/telechargement-windows-mysql-8-0-26-guide-d-installation-complet\/","title":{"rendered":"T\u00e9l\u00e9chargement Windows MySQL 8.0.26: Guide d&#8217;installation complet"},"content":{"rendered":"<h2>MySQL 8.0.26: Une vue d&#8217;ensemble<\/h2>\n<p><img src='https:\/\/www.mysql.com\/common\/logos\/logo-mysql-170x115.png' alt='MySQL Logo' \/><\/p>\n<p><strong>MySQL 8.0.26<\/strong> est l&#8217;une des versions les plus r\u00e9centes de ce syst\u00e8me de gestion de base de donn\u00e9es populaire.<\/p>\n<p>Il offre de nombreuses fonctionnalit\u00e9s am\u00e9lior\u00e9es, telles que&#8230;<\/p>\n<h3>T\u00e9l\u00e9chargement de MySQL 8.0.26<\/h3>\n<p>Pour t\u00e9l\u00e9charger <a href='https:\/\/downloadpage.com\/mysql8.0.26.exe'>MySQL 8.0.26<\/a>, cliquez sur le lien <a href='https:\/\/downloadpage.com\/mysql8.0.26.exe'>Download here<\/a>.<\/p>\n<h3>Installation \u00e9tape par \u00e9tape<\/h3>\n<ol>\n<li>T\u00e9l\u00e9chargez le fichier d&#8217;installation en utilisant le lien ci-dessus.<\/li>\n<li>Ouvrez le fichier t\u00e9l\u00e9charg\u00e9 et suivez les instructions \u00e0 l&#8217;\u00e9cran pour installer MySQL 8.0.26.<\/li>\n<li>&#8230;<\/li>\n<\/ol>\n","protected":false},"excerpt":{"rendered":"<p>MySQL 8.0.26: Une vue d&#8217;ensemble MySQL 8.0.26 est l&#8217;une des versions les plus r\u00e9centes de ce syst\u00e8me de gestion de base de donn\u00e9es populaire. Il offre de nombreuses fonctionnalit\u00e9s am\u00e9lior\u00e9es, telles que&#8230; T\u00e9l\u00e9chargement de MySQL 8.0.26 Pour t\u00e9l\u00e9charger MySQL 8.0.26, cliquez sur le lien Download here. Installation \u00e9tape par \u00e9tape T\u00e9l\u00e9chargez le fichier d&#8217;installation en &hellip;<\/p>\n<p class=\"read-more\"> <a class=\"\" href=\"https:\/\/bengalmeat.com\/content\/telechargement-windows-mysql-8-0-26-guide-d-installation-complet\/\"> <span class=\"screen-reader-text\">T\u00e9l\u00e9chargement Windows MySQL 8.0.26: Guide d&#8217;installation complet<\/span> Read More &raquo;<\/a><\/p>\n","protected":false},"author":1,"featured_media":0,"parent":0,"menu_order":0,"comment_status":"closed","ping_status":"closed","template":"","meta":{"site-sidebar-layout":"default","site-content-layout":"default","ast-main-header-display":"","ast-hfb-above-header-display":"","ast-hfb-below-header-display":"","ast-hfb-mobile-header-display":"","site-post-title":"","ast-breadcrumbs-content":"","ast-featured-img":"","footer-sml-layout":"","theme-transparent-header-meta":"","adv-header-id-meta":"","stick-header-meta":"","header-above-stick-meta":"","header-main-stick-meta":"","header-below-stick-meta":"","footnotes":""},"class_list":["post-72058","page","type-page","status-publish","hentry"],"_links":{"self":[{"href":"https:\/\/bengalmeat.com\/content\/wp-json\/wp\/v2\/pages\/72058","targetHints":{"allow":["GET"]}}],"collection":[{"href":"https:\/\/bengalmeat.com\/content\/wp-json\/wp\/v2\/pages"}],"about":[{"href":"https:\/\/bengalmeat.com\/content\/wp-json\/wp\/v2\/types\/page"}],"author":[{"embeddable":true,"href":"https:\/\/bengalmeat.com\/content\/wp-json\/wp\/v2\/users\/1"}],"replies":[{"embeddable":true,"href":"https:\/\/bengalmeat.com\/content\/wp-json\/wp\/v2\/comments?post=72058"}],"version-history":[{"count":1,"href":"https:\/\/bengalmeat.com\/content\/wp-json\/wp\/v2\/pages\/72058\/revisions"}],"predecessor-version":[{"id":72059,"href":"https:\/\/bengalmeat.com\/content\/wp-json\/wp\/v2\/pages\/72058\/revisions\/72059"}],"wp:attachment":[{"href":"https:\/\/bengalmeat.com\/content\/wp-json\/wp\/v2\/media?parent=72058"}],"curies":[{"name":"wp","href":"https:\/\/api.w.org\/{rel}","templated":true}]}}