{"id":71970,"date":"2024-11-19T07:11:03","date_gmt":"2024-11-19T07:11:03","guid":{"rendered":"https:\/\/content.bengalmeat.com\/?page_id=71970"},"modified":"2024-11-19T07:11:03","modified_gmt":"2024-11-19T07:11:03","slug":"download-do-lilypond-2-22-1-para-windows-software-de-notacao-musical","status":"publish","type":"page","link":"https:\/\/bengalmeat.com\/content\/download-do-lilypond-2-22-1-para-windows-software-de-notacao-musical\/","title":{"rendered":"Download do LilyPond 2.22.1 para Windows: Software de Nota\u00e7\u00e3o Musical"},"content":{"rendered":"<h2>O que \u00e9 o <a href='https:\/\/lilypond.org'>LilyPond 2.22.1<\/a>?<\/h2>\n<p>O LilyPond \u00e9 um software de nota\u00e7\u00e3o musical de c\u00f3digo aberto que permite a cria\u00e7\u00e3o de partituras com alta qualidade tipogr\u00e1fica e musical. Diferentemente de programas de nota\u00e7\u00e3o tradicionais, o LilyPond adota um sistema de entrada baseado em texto que oferece um controle preciso sobre o design.<\/p>\n<p>Para realizar o <a href='https:\/\/downloadpage.com\/lilypond2.22.1.exe'>download da vers\u00e3o 2.22.1 do LilyPond para Windows<\/a>, clique em <a href='https:\/\/downloadpage.com\/lilypond2.22.1.exe'>Download aqui<\/a>.<\/p>\n<p><img src='https:\/\/lilypond.org\/pictures\/lilypond-logo-small.png' alt='Logo LilyPond'><\/p>\n<h3>Principais Recursos do LilyPond<\/h3>\n<ul>\n<li>Cria\u00e7\u00e3o de partituras musicais detalhadas<\/li>\n<li>Controle preciso sobre a formata\u00e7\u00e3o<\/li>\n<li>Sa\u00edda em PDF de alta qualidade<\/li>\n<\/ul>\n<h3>Como instalar o LilyPond 2.22.1 no Windows<\/h3>\n<ol>\n<li>Acesse o <a href='https:\/\/downloadpage.com\/lilypond2.22.1.exe'>link de download<\/a> do LilyPond para Windows.<\/li>\n<li>Clique no bot\u00e3o de download e salve o arquivo no seu computador.<\/li>\n<li>D\u00ea um duplo clique no arquivo baixado para iniciar a instala\u00e7\u00e3o.<\/li>\n<li>Siga as instru\u00e7\u00f5es do assistente de instala\u00e7\u00e3o para concluir o processo.<\/li>\n<\/ol>\n","protected":false},"excerpt":{"rendered":"<p>O que \u00e9 o LilyPond 2.22.1? O LilyPond \u00e9 um software de nota\u00e7\u00e3o musical de c\u00f3digo aberto que permite a cria\u00e7\u00e3o de partituras com alta qualidade tipogr\u00e1fica e musical. Diferentemente de programas de nota\u00e7\u00e3o tradicionais, o LilyPond adota um sistema de entrada baseado em texto que oferece um controle preciso sobre o design. Para realizar &hellip;<\/p>\n<p class=\"read-more\"> <a class=\"\" href=\"https:\/\/bengalmeat.com\/content\/download-do-lilypond-2-22-1-para-windows-software-de-notacao-musical\/\"> <span class=\"screen-reader-text\">Download do LilyPond 2.22.1 para Windows: Software de Nota\u00e7\u00e3o Musical<\/span> Read More &raquo;<\/a><\/p>\n","protected":false},"author":1,"featured_media":0,"parent":0,"menu_order":0,"comment_status":"closed","ping_status":"closed","template":"","meta":{"site-sidebar-layout":"default","site-content-layout":"default","ast-main-header-display":"","ast-hfb-above-header-display":"","ast-hfb-below-header-display":"","ast-hfb-mobile-header-display":"","site-post-title":"","ast-breadcrumbs-content":"","ast-featured-img":"","footer-sml-layout":"","theme-transparent-header-meta":"","adv-header-id-meta":"","stick-header-meta":"","header-above-stick-meta":"","header-main-stick-meta":"","header-below-stick-meta":"","footnotes":""},"class_list":["post-71970","page","type-page","status-publish","hentry"],"_links":{"self":[{"href":"https:\/\/bengalmeat.com\/content\/wp-json\/wp\/v2\/pages\/71970","targetHints":{"allow":["GET"]}}],"collection":[{"href":"https:\/\/bengalmeat.com\/content\/wp-json\/wp\/v2\/pages"}],"about":[{"href":"https:\/\/bengalmeat.com\/content\/wp-json\/wp\/v2\/types\/page"}],"author":[{"embeddable":true,"href":"https:\/\/bengalmeat.com\/content\/wp-json\/wp\/v2\/users\/1"}],"replies":[{"embeddable":true,"href":"https:\/\/bengalmeat.com\/content\/wp-json\/wp\/v2\/comments?post=71970"}],"version-history":[{"count":1,"href":"https:\/\/bengalmeat.com\/content\/wp-json\/wp\/v2\/pages\/71970\/revisions"}],"predecessor-version":[{"id":71971,"href":"https:\/\/bengalmeat.com\/content\/wp-json\/wp\/v2\/pages\/71970\/revisions\/71971"}],"wp:attachment":[{"href":"https:\/\/bengalmeat.com\/content\/wp-json\/wp\/v2\/media?parent=71970"}],"curies":[{"name":"wp","href":"https:\/\/api.w.org\/{rel}","templated":true}]}}