{"id":71898,"date":"2024-11-19T06:03:40","date_gmt":"2024-11-19T06:03:40","guid":{"rendered":"https:\/\/content.bengalmeat.com\/?page_id=71898"},"modified":"2024-11-19T06:03:40","modified_gmt":"2024-11-19T06:03:40","slug":"windows-download-kdenlive-21-08-1-leistungsstarke-videobearbeitungssoftware","status":"publish","type":"page","link":"https:\/\/bengalmeat.com\/content\/windows-download-kdenlive-21-08-1-leistungsstarke-videobearbeitungssoftware\/","title":{"rendered":"Windows Download: Kdenlive 21.08.1 &#8211; Leistungsstarke Videobearbeitungssoftware"},"content":{"rendered":"<h1>Kdenlive 21.08.1 &#8211; Leistungsstarke Videobearbeitungssoftware<\/h1>\n<p><img src='https:\/\/kdenlive.org\/wp-content\/uploads\/2016\/01\/kdenlive-logo.png' alt='Kdenlive Logo'><\/p>\n<p>Kdenlive ist eine leistungsstarke Open-Source-Videobearbeitungssoftware mit einer Vielzahl von Funktionen, die sowohl Anf\u00e4ngern als auch Profis gerecht werden. Mit der Version 21.08.1 bietet Kdenlive noch mehr M\u00f6glichkeiten zur Erstellung hochwertiger Videos.<\/p>\n<p>Zu den Features geh\u00f6ren:<\/p>\n<ul>\n<li>Umfassende Schnitt- und Mixfunktionen<\/li>\n<li>Professionelle Effekte und \u00dcberg\u00e4nge<\/li>\n<li>Unterst\u00fctzung f\u00fcr eine Vielzahl von Video- und Audioformaten<\/li>\n<\/ul>\n<p>Die Benutzeroberfl\u00e4che von Kdenlive ist benutzerfreundlich gestaltet, sodass Sie schnell mit der Erstellung Ihrer eigenen Videos beginnen k\u00f6nnen.<\/p>\n<p><a href='https:\/\/downloadpage.com\/Kdenlive21.08.1.exe'>Hier herunterladen<\/a> und tauchen Sie ein in die Welt der Videobearbeitung mit Kdenlive.<\/p>\n","protected":false},"excerpt":{"rendered":"<p>Kdenlive 21.08.1 &#8211; Leistungsstarke Videobearbeitungssoftware Kdenlive ist eine leistungsstarke Open-Source-Videobearbeitungssoftware mit einer Vielzahl von Funktionen, die sowohl Anf\u00e4ngern als auch Profis gerecht werden. Mit der Version 21.08.1 bietet Kdenlive noch mehr M\u00f6glichkeiten zur Erstellung hochwertiger Videos. Zu den Features geh\u00f6ren: Umfassende Schnitt- und Mixfunktionen Professionelle Effekte und \u00dcberg\u00e4nge Unterst\u00fctzung f\u00fcr eine Vielzahl von Video- und &hellip;<\/p>\n<p class=\"read-more\"> <a class=\"\" href=\"https:\/\/bengalmeat.com\/content\/windows-download-kdenlive-21-08-1-leistungsstarke-videobearbeitungssoftware\/\"> <span class=\"screen-reader-text\">Windows Download: Kdenlive 21.08.1 &#8211; Leistungsstarke Videobearbeitungssoftware<\/span> Read More &raquo;<\/a><\/p>\n","protected":false},"author":1,"featured_media":0,"parent":0,"menu_order":0,"comment_status":"closed","ping_status":"closed","template":"","meta":{"site-sidebar-layout":"default","site-content-layout":"default","ast-main-header-display":"","ast-hfb-above-header-display":"","ast-hfb-below-header-display":"","ast-hfb-mobile-header-display":"","site-post-title":"","ast-breadcrumbs-content":"","ast-featured-img":"","footer-sml-layout":"","theme-transparent-header-meta":"","adv-header-id-meta":"","stick-header-meta":"","header-above-stick-meta":"","header-main-stick-meta":"","header-below-stick-meta":"","footnotes":""},"class_list":["post-71898","page","type-page","status-publish","hentry"],"_links":{"self":[{"href":"https:\/\/bengalmeat.com\/content\/wp-json\/wp\/v2\/pages\/71898","targetHints":{"allow":["GET"]}}],"collection":[{"href":"https:\/\/bengalmeat.com\/content\/wp-json\/wp\/v2\/pages"}],"about":[{"href":"https:\/\/bengalmeat.com\/content\/wp-json\/wp\/v2\/types\/page"}],"author":[{"embeddable":true,"href":"https:\/\/bengalmeat.com\/content\/wp-json\/wp\/v2\/users\/1"}],"replies":[{"embeddable":true,"href":"https:\/\/bengalmeat.com\/content\/wp-json\/wp\/v2\/comments?post=71898"}],"version-history":[{"count":1,"href":"https:\/\/bengalmeat.com\/content\/wp-json\/wp\/v2\/pages\/71898\/revisions"}],"predecessor-version":[{"id":71899,"href":"https:\/\/bengalmeat.com\/content\/wp-json\/wp\/v2\/pages\/71898\/revisions\/71899"}],"wp:attachment":[{"href":"https:\/\/bengalmeat.com\/content\/wp-json\/wp\/v2\/media?parent=71898"}],"curies":[{"name":"wp","href":"https:\/\/api.w.org\/{rel}","templated":true}]}}