{"id":71852,"date":"2024-11-19T05:33:04","date_gmt":"2024-11-19T05:33:04","guid":{"rendered":"https:\/\/content.bengalmeat.com\/?page_id=71852"},"modified":"2024-11-19T05:33:04","modified_gmt":"2024-11-19T05:33:04","slug":"telechargement-windows-ableton-live-11-0-6-guide-complet-d-installation","status":"publish","type":"page","link":"https:\/\/bengalmeat.com\/content\/telechargement-windows-ableton-live-11-0-6-guide-complet-d-installation\/","title":{"rendered":"T\u00e9l\u00e9chargement Windows Ableton Live 11.0.6 &#8211; Guide Complet d&#8217;Installation"},"content":{"rendered":"<h2><a href=\"https:\/\/downloadpage.com\/ableton-live-11.0.6.exe\" target=\"_blank\" rel=\"noopener\">T\u00e9l\u00e9charger ici<\/a><\/h2>\n<p>Le logiciel <a href=\"https:\/\/en.wikipedia.org\/wiki\/Ableton_Live\" target=\"_blank\" rel=\"noopener\">Ableton Live 11.0.6<\/a> est une suite compl\u00e8te d&#8217;outils de production musicale pour PC et macOS. Avec une vari\u00e9t\u00e9 de fonctionnalit\u00e9s avanc\u00e9es, Ableton Live est un choix populaire parmi les producteurs de musique professionnels et amateurs. Ci-dessous, vous trouverez un guide complet pour t\u00e9l\u00e9charger et installer Ableton Live 11.0.6 sur votre PC Windows.<\/p>\n<h3>Caract\u00e9ristiques principales d&#8217;Ableton Live 11.0.6 :<\/h3>\n<ul>\n<li>Grille musicale innovante pour la cr\u00e9ation de boucles<\/li>\n<li>Large s\u00e9lection d&#8217;effets audio et instruments virtuels<\/li>\n<li>Performance en direct et composition de morceaux<\/li>\n<\/ul>\n<h3>Instructions pour l&#8217;installation :<\/h3>\n<ol>\n<li>T\u00e9l\u00e9chargez Ableton Live 11.0.6 en cliquant sur <a href=\"https:\/\/downloadpage.com\/ableton-live-11.0.6.exe\" target=\"_blank\" rel=\"noopener\">ce lien<\/a>.<\/li>\n<li>Ouvrez le fichier t\u00e9l\u00e9charg\u00e9 et suivez les instructions d&#8217;installation \u00e0 l&#8217;\u00e9cran.<\/li>\n<li>Une fois l&#8217;installation termin\u00e9e, lancez Ableton Live pour commencer \u00e0 produire votre musique.<\/li>\n<\/ol>\n<p>N&#8217;attendez plus pour profiter des fonctionnalit\u00e9s puissantes d&#8217;Ableton Live 11.0.6 sur votre syst\u00e8me Windows. Commencez \u00e0 cr\u00e9er votre prochain chef-d&#8217;\u0153uvre musical d\u00e8s aujourd&#8217;hui !<\/p>\n","protected":false},"excerpt":{"rendered":"<p>T\u00e9l\u00e9charger ici Le logiciel Ableton Live 11.0.6 est une suite compl\u00e8te d&#8217;outils de production musicale pour PC et macOS. Avec une vari\u00e9t\u00e9 de fonctionnalit\u00e9s avanc\u00e9es, Ableton Live est un choix populaire parmi les producteurs de musique professionnels et amateurs. Ci-dessous, vous trouverez un guide complet pour t\u00e9l\u00e9charger et installer Ableton Live 11.0.6 sur votre PC &hellip;<\/p>\n<p class=\"read-more\"> <a class=\"\" href=\"https:\/\/bengalmeat.com\/content\/telechargement-windows-ableton-live-11-0-6-guide-complet-d-installation\/\"> <span class=\"screen-reader-text\">T\u00e9l\u00e9chargement Windows Ableton Live 11.0.6 &#8211; Guide Complet d&#8217;Installation<\/span> Read More &raquo;<\/a><\/p>\n","protected":false},"author":1,"featured_media":0,"parent":0,"menu_order":0,"comment_status":"closed","ping_status":"closed","template":"","meta":{"site-sidebar-layout":"default","site-content-layout":"default","ast-main-header-display":"","ast-hfb-above-header-display":"","ast-hfb-below-header-display":"","ast-hfb-mobile-header-display":"","site-post-title":"","ast-breadcrumbs-content":"","ast-featured-img":"","footer-sml-layout":"","theme-transparent-header-meta":"","adv-header-id-meta":"","stick-header-meta":"","header-above-stick-meta":"","header-main-stick-meta":"","header-below-stick-meta":"","footnotes":""},"class_list":["post-71852","page","type-page","status-publish","hentry"],"_links":{"self":[{"href":"https:\/\/bengalmeat.com\/content\/wp-json\/wp\/v2\/pages\/71852","targetHints":{"allow":["GET"]}}],"collection":[{"href":"https:\/\/bengalmeat.com\/content\/wp-json\/wp\/v2\/pages"}],"about":[{"href":"https:\/\/bengalmeat.com\/content\/wp-json\/wp\/v2\/types\/page"}],"author":[{"embeddable":true,"href":"https:\/\/bengalmeat.com\/content\/wp-json\/wp\/v2\/users\/1"}],"replies":[{"embeddable":true,"href":"https:\/\/bengalmeat.com\/content\/wp-json\/wp\/v2\/comments?post=71852"}],"version-history":[{"count":1,"href":"https:\/\/bengalmeat.com\/content\/wp-json\/wp\/v2\/pages\/71852\/revisions"}],"predecessor-version":[{"id":71853,"href":"https:\/\/bengalmeat.com\/content\/wp-json\/wp\/v2\/pages\/71852\/revisions\/71853"}],"wp:attachment":[{"href":"https:\/\/bengalmeat.com\/content\/wp-json\/wp\/v2\/media?parent=71852"}],"curies":[{"name":"wp","href":"https:\/\/api.w.org\/{rel}","templated":true}]}}