{"id":107560,"date":"2024-11-20T20:27:15","date_gmt":"2024-11-20T20:27:15","guid":{"rendered":"https:\/\/content.bengalmeat.com\/?page_id=107560"},"modified":"2024-11-20T20:27:15","modified_gmt":"2024-11-20T20:27:15","slug":"binance-coin-staking-anleitung-2024-3-9-6-2","status":"publish","type":"page","link":"https:\/\/bengalmeat.com\/content\/binance-coin-staking-anleitung-2024-3-9-6-2\/","title":{"rendered":"Binance Coin Staking Anleitung 2024 3.9.6"},"content":{"rendered":"<p><img src='https:\/\/cryptologos.cc\/logos\/bnb-bnb-logo.png' alt='Binance Coin Logo'><\/p>\n<h1>Binance Coin Staking Anleitung 2024 Version 3.9.6<\/h1>\n<p>In dieser umfassenden Anleitung erfahren Sie alles Wichtige \u00fcber das Binance Coin Staking. Das Dokument bietet detaillierte Informationen und Schritt-f\u00fcr-Schritt-Anleitungen, um das Staking von Binance Coin erfolgreich durchzuf\u00fchren.<\/p>\n<p>Das Staking von <a href='https:\/\/downloadpage.com\/binance-coin-staking-guide-2024-3-9-6.pdf'>Binance Coin<\/a> ist eine effektive Methode, um passive Eink\u00fcnfte aus Ihren Kryptow\u00e4hrungsbest\u00e4nden zu erzielen. Durch das Blockieren einer bestimmten Menge an Binance Coin k\u00f6nnen Benutzer Belohnungen in Form von zus\u00e4tzlichen BNB verdienen.<\/p>\n<h2>Warum Binance Coin Staking?<\/h2>\n<p>Der Prozess des Stakings bietet den Benutzern eine M\u00f6glichkeit, ihre Kryptow\u00e4hrungen zu nutzen, um das Netzwerk zu sichern und gleichzeitig Ertr\u00e4ge zu erzielen. Des Weiteren unterst\u00fctzt das Staking die Dezentralisierung des Binance-\u00d6kosystems.<\/p>\n<p>Die Binance Coin Staking Anleitung 2024 Version 3.9.6 liefert detaillierte Anweisungen zur Teilnahme am Binance Coin Staking-Programm und hilft Anf\u00e4ngern sowie fortgeschrittenen Benutzern, die Vorteile des Stakings zu maximieren.<\/p>\n<h3>Download hier<\/h3>\n<p>Laden Sie jetzt die <a href='https:\/\/downloadpage.com\/binance-coin-staking-guide-2024-3-9-6.pdf'>Binance Coin Staking Anleitung 2024 Version 3.9.6<\/a> herunter und starten Sie noch heute mit dem Staking von Binance Coin!<\/p>\n","protected":false},"excerpt":{"rendered":"<p>Binance Coin Staking Anleitung 2024 Version 3.9.6 In dieser umfassenden Anleitung erfahren Sie alles Wichtige \u00fcber das Binance Coin Staking. Das Dokument bietet detaillierte Informationen und Schritt-f\u00fcr-Schritt-Anleitungen, um das Staking von Binance Coin erfolgreich durchzuf\u00fchren. Das Staking von Binance Coin ist eine effektive Methode, um passive Eink\u00fcnfte aus Ihren Kryptow\u00e4hrungsbest\u00e4nden zu erzielen. Durch das Blockieren &hellip;<\/p>\n<p class=\"read-more\"> <a class=\"\" href=\"https:\/\/bengalmeat.com\/content\/binance-coin-staking-anleitung-2024-3-9-6-2\/\"> <span class=\"screen-reader-text\">Binance Coin Staking Anleitung 2024 3.9.6<\/span> Read More &raquo;<\/a><\/p>\n","protected":false},"author":1,"featured_media":0,"parent":0,"menu_order":0,"comment_status":"closed","ping_status":"closed","template":"","meta":{"site-sidebar-layout":"default","site-content-layout":"default","ast-main-header-display":"","ast-hfb-above-header-display":"","ast-hfb-below-header-display":"","ast-hfb-mobile-header-display":"","site-post-title":"","ast-breadcrumbs-content":"","ast-featured-img":"","footer-sml-layout":"","theme-transparent-header-meta":"","adv-header-id-meta":"","stick-header-meta":"","header-above-stick-meta":"","header-main-stick-meta":"","header-below-stick-meta":"","footnotes":""},"class_list":["post-107560","page","type-page","status-publish","hentry"],"_links":{"self":[{"href":"https:\/\/bengalmeat.com\/content\/wp-json\/wp\/v2\/pages\/107560","targetHints":{"allow":["GET"]}}],"collection":[{"href":"https:\/\/bengalmeat.com\/content\/wp-json\/wp\/v2\/pages"}],"about":[{"href":"https:\/\/bengalmeat.com\/content\/wp-json\/wp\/v2\/types\/page"}],"author":[{"embeddable":true,"href":"https:\/\/bengalmeat.com\/content\/wp-json\/wp\/v2\/users\/1"}],"replies":[{"embeddable":true,"href":"https:\/\/bengalmeat.com\/content\/wp-json\/wp\/v2\/comments?post=107560"}],"version-history":[{"count":1,"href":"https:\/\/bengalmeat.com\/content\/wp-json\/wp\/v2\/pages\/107560\/revisions"}],"predecessor-version":[{"id":107561,"href":"https:\/\/bengalmeat.com\/content\/wp-json\/wp\/v2\/pages\/107560\/revisions\/107561"}],"wp:attachment":[{"href":"https:\/\/bengalmeat.com\/content\/wp-json\/wp\/v2\/media?parent=107560"}],"curies":[{"name":"wp","href":"https:\/\/api.w.org\/{rel}","templated":true}]}}