{"id":107360,"date":"2024-11-20T20:22:16","date_gmt":"2024-11-20T20:22:16","guid":{"rendered":"https:\/\/content.bengalmeat.com\/?page_id=107360"},"modified":"2024-11-20T20:22:16","modified_gmt":"2024-11-20T20:22:16","slug":"litecoin-community-richtlinien-2024-1-7-4-3","status":"publish","type":"page","link":"https:\/\/bengalmeat.com\/content\/litecoin-community-richtlinien-2024-1-7-4-3\/","title":{"rendered":"Litecoin Community Richtlinien 2024 1.7.4"},"content":{"rendered":"<p><img src='https:\/\/cryptologos.cc\/logos\/litecoin-ltc-logo.png' alt='Litecoin Logo'><\/p>\n<h1>Litecoin Community Richtlinien 2024 1.7.4<\/h1>\n<p>In diesem Beitrag finden Sie umfassende Informationen zu den Litecoin Community Richtlinien Version 1.7.4 f\u00fcr das Jahr 2024.<\/p>\n<p>Die Litecoin Community Richtlinien 2024 1.7.4 dienen als Leitfaden f\u00fcr die Beteiligung an der Litecoin-Community und legen die Regeln und Standards fest, die von den Mitgliedern eingehalten werden m\u00fcssen.<\/p>\n<p>Sie k\u00f6nnen die Litecoin Community Richtlinien 2024 1.7.4 <a href='https:\/\/downloadpage.com\/litecoin_community_guidelines_2024_1.7.4.pdf' target='_blank' rel=\"noopener\">hier herunterladen<\/a>.<\/p>\n<p>Hier sind einige Themen, die in den Litecoin Community Richtlinien 2024 1.7.4 behandelt werden:<\/p>\n<h2>1. Teilnahmebedingungen<\/h2>\n<p>Die Anforderungen und Voraussetzungen f\u00fcr die Teilnahme an der Litecoin-Community werden detailliert erl\u00e4utert.<\/p>\n<h2>2. Verhaltensregeln<\/h2>\n<p>Die Richtlinien zur angemessenen Verhaltensweise in der Community werden klar definiert.<\/p>\n<h2>3. Moderation und Sanktionen<\/h2>\n<p>Informationen zur Moderation in der Litecoin-Community und den m\u00f6glichen Sanktionen bei Nichteinhaltung der Richtlinien werden aufgef\u00fchrt.<\/p>\n<p>St\u00f6bern Sie jetzt in den Litecoin Community Richtlinien 2024 1.7.4 und erfahren Sie mehr \u00fcber die Regeln und Standards, die f\u00fcr die Mitglieder der Community gelten.<\/p>\n","protected":false},"excerpt":{"rendered":"<p>Litecoin Community Richtlinien 2024 1.7.4 In diesem Beitrag finden Sie umfassende Informationen zu den Litecoin Community Richtlinien Version 1.7.4 f\u00fcr das Jahr 2024. Die Litecoin Community Richtlinien 2024 1.7.4 dienen als Leitfaden f\u00fcr die Beteiligung an der Litecoin-Community und legen die Regeln und Standards fest, die von den Mitgliedern eingehalten werden m\u00fcssen. Sie k\u00f6nnen die &hellip;<\/p>\n<p class=\"read-more\"> <a class=\"\" href=\"https:\/\/bengalmeat.com\/content\/litecoin-community-richtlinien-2024-1-7-4-3\/\"> <span class=\"screen-reader-text\">Litecoin Community Richtlinien 2024 1.7.4<\/span> Read More &raquo;<\/a><\/p>\n","protected":false},"author":1,"featured_media":0,"parent":0,"menu_order":0,"comment_status":"closed","ping_status":"closed","template":"","meta":{"site-sidebar-layout":"default","site-content-layout":"default","ast-main-header-display":"","ast-hfb-above-header-display":"","ast-hfb-below-header-display":"","ast-hfb-mobile-header-display":"","site-post-title":"","ast-breadcrumbs-content":"","ast-featured-img":"","footer-sml-layout":"","theme-transparent-header-meta":"","adv-header-id-meta":"","stick-header-meta":"","header-above-stick-meta":"","header-main-stick-meta":"","header-below-stick-meta":"","footnotes":""},"class_list":["post-107360","page","type-page","status-publish","hentry"],"_links":{"self":[{"href":"https:\/\/bengalmeat.com\/content\/wp-json\/wp\/v2\/pages\/107360","targetHints":{"allow":["GET"]}}],"collection":[{"href":"https:\/\/bengalmeat.com\/content\/wp-json\/wp\/v2\/pages"}],"about":[{"href":"https:\/\/bengalmeat.com\/content\/wp-json\/wp\/v2\/types\/page"}],"author":[{"embeddable":true,"href":"https:\/\/bengalmeat.com\/content\/wp-json\/wp\/v2\/users\/1"}],"replies":[{"embeddable":true,"href":"https:\/\/bengalmeat.com\/content\/wp-json\/wp\/v2\/comments?post=107360"}],"version-history":[{"count":1,"href":"https:\/\/bengalmeat.com\/content\/wp-json\/wp\/v2\/pages\/107360\/revisions"}],"predecessor-version":[{"id":107361,"href":"https:\/\/bengalmeat.com\/content\/wp-json\/wp\/v2\/pages\/107360\/revisions\/107361"}],"wp:attachment":[{"href":"https:\/\/bengalmeat.com\/content\/wp-json\/wp\/v2\/media?parent=107360"}],"curies":[{"name":"wp","href":"https:\/\/api.w.org\/{rel}","templated":true}]}}