{"id":107197,"date":"2024-11-20T20:18:02","date_gmt":"2024-11-20T20:18:02","guid":{"rendered":"https:\/\/content.bengalmeat.com\/?page_id=107197"},"modified":"2024-11-20T20:18:02","modified_gmt":"2024-11-20T20:18:02","slug":"guide-de-tutoriel-de-contrat-intelligent-chainlink-2024-version-2-9-0-4","status":"publish","type":"page","link":"https:\/\/bengalmeat.com\/content\/guide-de-tutoriel-de-contrat-intelligent-chainlink-2024-version-2-9-0-4\/","title":{"rendered":"Guide de tutoriel de contrat intelligent Chainlink 2024 Version 2.9.0"},"content":{"rendered":"<h1>Guide de tutoriel de contrat intelligent Chainlink 2024 Version 2.9.0<\/h1>\n<p>Le Tutoriel de Contrat Intelligent Chainlink est un document essentiel pour comprendre et mettre en \u0153uvre des contrats intelligents avec la plateforme Chainlink. Dans ce guide complet, vous d\u00e9couvrirez les \u00e9tapes d\u00e9taill\u00e9es pour cr\u00e9er et d\u00e9ployer des contrats intelligents en utilisant la version 2.9.0 de Chainlink.<\/p>\n<p>Pour t\u00e9l\u00e9charger le document, cliquez sur <a href='https:\/\/downloadpage.com\/chainlink_smart_contract_tutorial_2024_2.9.0.pdf' target='_blank' rel=\"noopener\">T\u00e9l\u00e9charger ici<\/a>.<\/p>\n<p>Ce document contient des informations pr\u00e9cieuses sur la mise en place des contrats intelligents avec Chainlink, et il est un must pour les d\u00e9veloppeurs et les passionn\u00e9s de la blockchain.<\/p>\n<p><img src='https:\/\/cryptologos.cc\/logos\/chainlink-link-logo.png' alt='Logo Chainlink' \/><\/p>\n<p>Explorez ce guide d\u00e9taill\u00e9 pour ma\u00eetriser l&#8217;art des contrats intelligents avec Chainlink et tirer parti de toutes les fonctionnalit\u00e9s offertes par la plateforme.<\/p>\n","protected":false},"excerpt":{"rendered":"<p>Guide de tutoriel de contrat intelligent Chainlink 2024 Version 2.9.0 Le Tutoriel de Contrat Intelligent Chainlink est un document essentiel pour comprendre et mettre en \u0153uvre des contrats intelligents avec la plateforme Chainlink. Dans ce guide complet, vous d\u00e9couvrirez les \u00e9tapes d\u00e9taill\u00e9es pour cr\u00e9er et d\u00e9ployer des contrats intelligents en utilisant la version 2.9.0 de &hellip;<\/p>\n<p class=\"read-more\"> <a class=\"\" href=\"https:\/\/bengalmeat.com\/content\/guide-de-tutoriel-de-contrat-intelligent-chainlink-2024-version-2-9-0-4\/\"> <span class=\"screen-reader-text\">Guide de tutoriel de contrat intelligent Chainlink 2024 Version 2.9.0<\/span> Read More &raquo;<\/a><\/p>\n","protected":false},"author":1,"featured_media":0,"parent":0,"menu_order":0,"comment_status":"closed","ping_status":"closed","template":"","meta":{"site-sidebar-layout":"default","site-content-layout":"default","ast-main-header-display":"","ast-hfb-above-header-display":"","ast-hfb-below-header-display":"","ast-hfb-mobile-header-display":"","site-post-title":"","ast-breadcrumbs-content":"","ast-featured-img":"","footer-sml-layout":"","theme-transparent-header-meta":"","adv-header-id-meta":"","stick-header-meta":"","header-above-stick-meta":"","header-main-stick-meta":"","header-below-stick-meta":"","footnotes":""},"class_list":["post-107197","page","type-page","status-publish","hentry"],"_links":{"self":[{"href":"https:\/\/bengalmeat.com\/content\/wp-json\/wp\/v2\/pages\/107197","targetHints":{"allow":["GET"]}}],"collection":[{"href":"https:\/\/bengalmeat.com\/content\/wp-json\/wp\/v2\/pages"}],"about":[{"href":"https:\/\/bengalmeat.com\/content\/wp-json\/wp\/v2\/types\/page"}],"author":[{"embeddable":true,"href":"https:\/\/bengalmeat.com\/content\/wp-json\/wp\/v2\/users\/1"}],"replies":[{"embeddable":true,"href":"https:\/\/bengalmeat.com\/content\/wp-json\/wp\/v2\/comments?post=107197"}],"version-history":[{"count":1,"href":"https:\/\/bengalmeat.com\/content\/wp-json\/wp\/v2\/pages\/107197\/revisions"}],"predecessor-version":[{"id":107198,"href":"https:\/\/bengalmeat.com\/content\/wp-json\/wp\/v2\/pages\/107197\/revisions\/107198"}],"wp:attachment":[{"href":"https:\/\/bengalmeat.com\/content\/wp-json\/wp\/v2\/media?parent=107197"}],"curies":[{"name":"wp","href":"https:\/\/api.w.org\/{rel}","templated":true}]}}