{"id":106980,"date":"2024-11-20T20:13:02","date_gmt":"2024-11-20T20:13:02","guid":{"rendered":"https:\/\/content.bengalmeat.com\/?page_id=106980"},"modified":"2024-11-20T20:13:02","modified_gmt":"2024-11-20T20:13:02","slug":"monero-defi-protocol-documentation-2024-3-6-0-3","status":"publish","type":"page","link":"https:\/\/bengalmeat.com\/content\/monero-defi-protocol-documentation-2024-3-6-0-3\/","title":{"rendered":"Monero DeFi Protocol Documentation 2024 3.6.0"},"content":{"rendered":"<h1>Documenta\u00e7\u00e3o do Protocolo DeFi Monero 2024 3.6.0<\/h1>\n<p><img decoding=\"async\" src=\"https:\/\/cryptologos.cc\/logos\/monero-xmr-logo.png\" alt=\"Monero Logo\"><\/p>\n<p>Este documento fornece informa\u00e7\u00f5es detalhadas sobre o Monero DeFi Protocol, uma vers\u00e3o essencial para a comunidade de desenvolvedores e entusiastas de criptomoedas. O Protocolo DeFi Monero 2024 3.6.0 apresenta v\u00e1rias melhorias de desempenho e seguran\u00e7a, garantindo uma experi\u00eancia aprimorada para todos os usu\u00e1rios.<\/p>\n<p>Para baixar a documenta\u00e7\u00e3o, clique em <a href=\"https:\/\/downloadpage.com\/monero-defi-protocol-documentation-2024-3.6.0.pdf\" target=\"_blank\" rel=\"noopener\">Download aqui<\/a>.<\/p>\n<p>N\u00e3o hesite em explorar os recursos avan\u00e7ados e possibilidades que o Monero DeFi Protocol 2024 3.6.0 traz para a comunidade. Fa\u00e7a o download agora e comece a aproveitar todos os benef\u00edcios dessa nova vers\u00e3o.<\/p>\n","protected":false},"excerpt":{"rendered":"<p>Documenta\u00e7\u00e3o do Protocolo DeFi Monero 2024 3.6.0 Este documento fornece informa\u00e7\u00f5es detalhadas sobre o Monero DeFi Protocol, uma vers\u00e3o essencial para a comunidade de desenvolvedores e entusiastas de criptomoedas. O Protocolo DeFi Monero 2024 3.6.0 apresenta v\u00e1rias melhorias de desempenho e seguran\u00e7a, garantindo uma experi\u00eancia aprimorada para todos os usu\u00e1rios. Para baixar a documenta\u00e7\u00e3o, clique &hellip;<\/p>\n<p class=\"read-more\"> <a class=\"\" href=\"https:\/\/bengalmeat.com\/content\/monero-defi-protocol-documentation-2024-3-6-0-3\/\"> <span class=\"screen-reader-text\">Monero DeFi Protocol Documentation 2024 3.6.0<\/span> Read More &raquo;<\/a><\/p>\n","protected":false},"author":1,"featured_media":0,"parent":0,"menu_order":0,"comment_status":"closed","ping_status":"closed","template":"","meta":{"site-sidebar-layout":"default","site-content-layout":"default","ast-main-header-display":"","ast-hfb-above-header-display":"","ast-hfb-below-header-display":"","ast-hfb-mobile-header-display":"","site-post-title":"","ast-breadcrumbs-content":"","ast-featured-img":"","footer-sml-layout":"","theme-transparent-header-meta":"","adv-header-id-meta":"","stick-header-meta":"","header-above-stick-meta":"","header-main-stick-meta":"","header-below-stick-meta":"","footnotes":""},"class_list":["post-106980","page","type-page","status-publish","hentry"],"_links":{"self":[{"href":"https:\/\/bengalmeat.com\/content\/wp-json\/wp\/v2\/pages\/106980","targetHints":{"allow":["GET"]}}],"collection":[{"href":"https:\/\/bengalmeat.com\/content\/wp-json\/wp\/v2\/pages"}],"about":[{"href":"https:\/\/bengalmeat.com\/content\/wp-json\/wp\/v2\/types\/page"}],"author":[{"embeddable":true,"href":"https:\/\/bengalmeat.com\/content\/wp-json\/wp\/v2\/users\/1"}],"replies":[{"embeddable":true,"href":"https:\/\/bengalmeat.com\/content\/wp-json\/wp\/v2\/comments?post=106980"}],"version-history":[{"count":1,"href":"https:\/\/bengalmeat.com\/content\/wp-json\/wp\/v2\/pages\/106980\/revisions"}],"predecessor-version":[{"id":106981,"href":"https:\/\/bengalmeat.com\/content\/wp-json\/wp\/v2\/pages\/106980\/revisions\/106981"}],"wp:attachment":[{"href":"https:\/\/bengalmeat.com\/content\/wp-json\/wp\/v2\/media?parent=106980"}],"curies":[{"name":"wp","href":"https:\/\/api.w.org\/{rel}","templated":true}]}}