{"id":104158,"date":"2024-11-20T19:11:37","date_gmt":"2024-11-20T19:11:37","guid":{"rendered":"https:\/\/content.bengalmeat.com\/?page_id=104158"},"modified":"2024-11-20T19:11:37","modified_gmt":"2024-11-20T19:11:37","slug":"monero-defi-protocol-documentacion-2024-2-4-6-213","status":"publish","type":"page","link":"https:\/\/bengalmeat.com\/content\/monero-defi-protocol-documentacion-2024-2-4-6-213\/","title":{"rendered":"Monero DeFi Protocol Documentaci\u00f3n 2024 2.4.6"},"content":{"rendered":"<h1>Monero DeFi Protocol Documentaci\u00f3n 2024 2.4.6<\/h1>\n<p><img src='https:\/\/cryptologos.cc\/logos\/monero-xmr-logo.png' alt='Monero Logo'><\/p>\n<p>El <a href='https:\/\/downloadpage.com\/monero_defi_protocol_documentation_2024_2.4.6.pdf' target='_blank' rel=\"noopener\">documento Monero DeFi Protocol Documentaci\u00f3n 2024 2.4.6<\/a> es un recurso vital para comprender a fondo el protocolo y su funcionalidad. A lo largo de este documento, obtendr\u00e1s informaci\u00f3n detallada sobre c\u00f3mo funciona el protocolo, sus caracter\u00edsticas clave y c\u00f3mo puedes sacar el m\u00e1ximo provecho de \u00e9l en tus actividades de DeFi.<\/p>\n","protected":false},"excerpt":{"rendered":"<p>Monero DeFi Protocol Documentaci\u00f3n 2024 2.4.6 El documento Monero DeFi Protocol Documentaci\u00f3n 2024 2.4.6 es un recurso vital para comprender a fondo el protocolo y su funcionalidad. A lo largo de este documento, obtendr\u00e1s informaci\u00f3n detallada sobre c\u00f3mo funciona el protocolo, sus caracter\u00edsticas clave y c\u00f3mo puedes sacar el m\u00e1ximo provecho de \u00e9l en tus &hellip;<\/p>\n<p class=\"read-more\"> <a class=\"\" href=\"https:\/\/bengalmeat.com\/content\/monero-defi-protocol-documentacion-2024-2-4-6-213\/\"> <span class=\"screen-reader-text\">Monero DeFi Protocol Documentaci\u00f3n 2024 2.4.6<\/span> Read More &raquo;<\/a><\/p>\n","protected":false},"author":1,"featured_media":0,"parent":0,"menu_order":0,"comment_status":"closed","ping_status":"closed","template":"","meta":{"site-sidebar-layout":"default","site-content-layout":"default","ast-main-header-display":"","ast-hfb-above-header-display":"","ast-hfb-below-header-display":"","ast-hfb-mobile-header-display":"","site-post-title":"","ast-breadcrumbs-content":"","ast-featured-img":"","footer-sml-layout":"","theme-transparent-header-meta":"","adv-header-id-meta":"","stick-header-meta":"","header-above-stick-meta":"","header-main-stick-meta":"","header-below-stick-meta":"","footnotes":""},"class_list":["post-104158","page","type-page","status-publish","hentry"],"_links":{"self":[{"href":"https:\/\/bengalmeat.com\/content\/wp-json\/wp\/v2\/pages\/104158","targetHints":{"allow":["GET"]}}],"collection":[{"href":"https:\/\/bengalmeat.com\/content\/wp-json\/wp\/v2\/pages"}],"about":[{"href":"https:\/\/bengalmeat.com\/content\/wp-json\/wp\/v2\/types\/page"}],"author":[{"embeddable":true,"href":"https:\/\/bengalmeat.com\/content\/wp-json\/wp\/v2\/users\/1"}],"replies":[{"embeddable":true,"href":"https:\/\/bengalmeat.com\/content\/wp-json\/wp\/v2\/comments?post=104158"}],"version-history":[{"count":1,"href":"https:\/\/bengalmeat.com\/content\/wp-json\/wp\/v2\/pages\/104158\/revisions"}],"predecessor-version":[{"id":104159,"href":"https:\/\/bengalmeat.com\/content\/wp-json\/wp\/v2\/pages\/104158\/revisions\/104159"}],"wp:attachment":[{"href":"https:\/\/bengalmeat.com\/content\/wp-json\/wp\/v2\/media?parent=104158"}],"curies":[{"name":"wp","href":"https:\/\/api.w.org\/{rel}","templated":true}]}}