{"id":103554,"date":"2024-11-20T19:00:07","date_gmt":"2024-11-20T19:00:07","guid":{"rendered":"https:\/\/content.bengalmeat.com\/?page_id=103554"},"modified":"2024-11-20T19:00:07","modified_gmt":"2024-11-20T19:00:07","slug":"details-du-mecanisme-de-consensus-cosmos-2024-5-3-2","status":"publish","type":"page","link":"https:\/\/bengalmeat.com\/content\/details-du-mecanisme-de-consensus-cosmos-2024-5-3-2\/","title":{"rendered":"D\u00e9tails du m\u00e9canisme de consensus Cosmos 2024 5.3.2"},"content":{"rendered":"<h1>D\u00e9tails du m\u00e9canisme de consensus Cosmos 2024 5.3.2<\/h1>\n<p>Le document <a href='https:\/\/downloadpage.com\/d\u00e9tails-du-m\u00e9canisme-de-consensus-cosmos-20245.3.2.pdf' target='_blank' rel=\"noopener\">T\u00e9l\u00e9chargez ici<\/a> pr\u00e9sente des informations d\u00e9taill\u00e9es sur le m\u00e9canisme de consensus Cosmos 2024 version 5.3.2. Cosme est une plate-forme de blockchain interop\u00e9rable qui vise \u00e0 connecter plusieurs blockchains. Il est crucial de comprendre en profondeur le m\u00e9canisme de consensus pour assurer la s\u00e9curit\u00e9 et l&#8217;int\u00e9grit\u00e9 du r\u00e9seau Cosmos. Ce document fournit un aper\u00e7u complet des fonctionnalit\u00e9s, des processus et des implications li\u00e9s au m\u00e9canisme de consensus Cosmos.<\/p>\n<p>Le m\u00e9canisme de consensus joue un r\u00f4le cl\u00e9 dans la validation des transactions et le maintien de la coh\u00e9rence du r\u00e9seau. Cette documentation d\u00e9taille le fonctionnement interne du m\u00e9canisme de consensus Cosmos, y compris les diff\u00e9rents acteurs impliqu\u00e9s, le processus de prise de d\u00e9cision et les m\u00e9canismes de validation. En comprenant ces aspects, les utilisateurs peuvent mieux appr\u00e9cier le fonctionnement global de la blockchain Cosmos.<\/p>\n<p> <img src='https:\/\/cryptologos.cc\/logos\/cosmos-atom-logo.png' alt='Logo Cosmos'><\/p>\n","protected":false},"excerpt":{"rendered":"<p>D\u00e9tails du m\u00e9canisme de consensus Cosmos 2024 5.3.2 Le document T\u00e9l\u00e9chargez ici pr\u00e9sente des informations d\u00e9taill\u00e9es sur le m\u00e9canisme de consensus Cosmos 2024 version 5.3.2. Cosme est une plate-forme de blockchain interop\u00e9rable qui vise \u00e0 connecter plusieurs blockchains. Il est crucial de comprendre en profondeur le m\u00e9canisme de consensus pour assurer la s\u00e9curit\u00e9 et l&#8217;int\u00e9grit\u00e9 &hellip;<\/p>\n<p class=\"read-more\"> <a class=\"\" href=\"https:\/\/bengalmeat.com\/content\/details-du-mecanisme-de-consensus-cosmos-2024-5-3-2\/\"> <span class=\"screen-reader-text\">D\u00e9tails du m\u00e9canisme de consensus Cosmos 2024 5.3.2<\/span> Read More &raquo;<\/a><\/p>\n","protected":false},"author":1,"featured_media":0,"parent":0,"menu_order":0,"comment_status":"closed","ping_status":"closed","template":"","meta":{"site-sidebar-layout":"default","site-content-layout":"default","ast-main-header-display":"","ast-hfb-above-header-display":"","ast-hfb-below-header-display":"","ast-hfb-mobile-header-display":"","site-post-title":"","ast-breadcrumbs-content":"","ast-featured-img":"","footer-sml-layout":"","theme-transparent-header-meta":"","adv-header-id-meta":"","stick-header-meta":"","header-above-stick-meta":"","header-main-stick-meta":"","header-below-stick-meta":"","footnotes":""},"class_list":["post-103554","page","type-page","status-publish","hentry"],"_links":{"self":[{"href":"https:\/\/bengalmeat.com\/content\/wp-json\/wp\/v2\/pages\/103554","targetHints":{"allow":["GET"]}}],"collection":[{"href":"https:\/\/bengalmeat.com\/content\/wp-json\/wp\/v2\/pages"}],"about":[{"href":"https:\/\/bengalmeat.com\/content\/wp-json\/wp\/v2\/types\/page"}],"author":[{"embeddable":true,"href":"https:\/\/bengalmeat.com\/content\/wp-json\/wp\/v2\/users\/1"}],"replies":[{"embeddable":true,"href":"https:\/\/bengalmeat.com\/content\/wp-json\/wp\/v2\/comments?post=103554"}],"version-history":[{"count":1,"href":"https:\/\/bengalmeat.com\/content\/wp-json\/wp\/v2\/pages\/103554\/revisions"}],"predecessor-version":[{"id":103555,"href":"https:\/\/bengalmeat.com\/content\/wp-json\/wp\/v2\/pages\/103554\/revisions\/103555"}],"wp:attachment":[{"href":"https:\/\/bengalmeat.com\/content\/wp-json\/wp\/v2\/media?parent=103554"}],"curies":[{"name":"wp","href":"https:\/\/api.w.org\/{rel}","templated":true}]}}