{"id":103498,"date":"2024-11-20T18:59:03","date_gmt":"2024-11-20T18:59:03","guid":{"rendered":"https:\/\/content.bengalmeat.com\/?page_id=103498"},"modified":"2024-11-20T18:59:03","modified_gmt":"2024-11-20T18:59:03","slug":"documentnameandversion-solana-guide-de-conformite-reglementaire-2024-1-9-5","status":"publish","type":"page","link":"https:\/\/bengalmeat.com\/content\/documentnameandversion-solana-guide-de-conformite-reglementaire-2024-1-9-5\/","title":{"rendered":"[documentnameandversion]Solana Guide de Conformit\u00e9 R\u00e9glementaire 2024 1.9.5"},"content":{"rendered":"<div><img decoding=\"async\" src=\"https:\/\/cryptologos.cc\/logos\/solana-sol-logo.png\"><\/div>\n<h1>Guide de Conformit\u00e9 R\u00e9glementaire Solana 2024 1.9.5<\/h1>\n<p>Le Guide de Conformit\u00e9 R\u00e9glementaire Solana 2024 1.9.5 fournit des informations essentielles sur la conformit\u00e9 r\u00e9glementaire li\u00e9e au logiciel Solana. T\u00e9l\u00e9chargez le guide complet en cliquant sur le lien ci-dessous.<\/p>\n<p>T\u00e9l\u00e9chargez <a href=\"https:\/\/downloadpage.com\/solana-guide-de-conformite-reglementaire-20241.9.5.pdf\">ici<\/a>.<\/p>\n","protected":false},"excerpt":{"rendered":"<p>Guide de Conformit\u00e9 R\u00e9glementaire Solana 2024 1.9.5 Le Guide de Conformit\u00e9 R\u00e9glementaire Solana 2024 1.9.5 fournit des informations essentielles sur la conformit\u00e9 r\u00e9glementaire li\u00e9e au logiciel Solana. T\u00e9l\u00e9chargez le guide complet en cliquant sur le lien ci-dessous. T\u00e9l\u00e9chargez ici.<\/p>\n","protected":false},"author":1,"featured_media":0,"parent":0,"menu_order":0,"comment_status":"closed","ping_status":"closed","template":"","meta":{"site-sidebar-layout":"default","site-content-layout":"default","ast-main-header-display":"","ast-hfb-above-header-display":"","ast-hfb-below-header-display":"","ast-hfb-mobile-header-display":"","site-post-title":"","ast-breadcrumbs-content":"","ast-featured-img":"","footer-sml-layout":"","theme-transparent-header-meta":"","adv-header-id-meta":"","stick-header-meta":"","header-above-stick-meta":"","header-main-stick-meta":"","header-below-stick-meta":"","footnotes":""},"class_list":["post-103498","page","type-page","status-publish","hentry"],"_links":{"self":[{"href":"https:\/\/bengalmeat.com\/content\/wp-json\/wp\/v2\/pages\/103498","targetHints":{"allow":["GET"]}}],"collection":[{"href":"https:\/\/bengalmeat.com\/content\/wp-json\/wp\/v2\/pages"}],"about":[{"href":"https:\/\/bengalmeat.com\/content\/wp-json\/wp\/v2\/types\/page"}],"author":[{"embeddable":true,"href":"https:\/\/bengalmeat.com\/content\/wp-json\/wp\/v2\/users\/1"}],"replies":[{"embeddable":true,"href":"https:\/\/bengalmeat.com\/content\/wp-json\/wp\/v2\/comments?post=103498"}],"version-history":[{"count":1,"href":"https:\/\/bengalmeat.com\/content\/wp-json\/wp\/v2\/pages\/103498\/revisions"}],"predecessor-version":[{"id":103499,"href":"https:\/\/bengalmeat.com\/content\/wp-json\/wp\/v2\/pages\/103498\/revisions\/103499"}],"wp:attachment":[{"href":"https:\/\/bengalmeat.com\/content\/wp-json\/wp\/v2\/media?parent=103498"}],"curies":[{"name":"wp","href":"https:\/\/api.w.org\/{rel}","templated":true}]}}