{"id":103428,"date":"2024-11-20T18:57:53","date_gmt":"2024-11-20T18:57:53","guid":{"rendered":"https:\/\/content.bengalmeat.com\/?page_id=103428"},"modified":"2024-11-20T18:57:53","modified_gmt":"2024-11-20T18:57:53","slug":"descargar-cardano-roadmap-2024-5-3-1-documento-de-software-4","status":"publish","type":"page","link":"https:\/\/bengalmeat.com\/content\/descargar-cardano-roadmap-2024-5-3-1-documento-de-software-4\/","title":{"rendered":"Descargar Cardano Roadmap 2024 5.3.1 &#8211; Documento de Software"},"content":{"rendered":"<h2>Cardano Roadmap 2024 5.3.1 &#8211; \u00a1Descarga la Innovaci\u00f3n!<\/h2>\n<p>El <a href='https:\/\/downloadpage.com\/cardano_roadmap_20245.3.1.pdf' download>documento Cardano Roadmap 2024 5.3.1<\/a> es una gu\u00eda completa que detalla la planificaci\u00f3n y visi\u00f3n de Cardano para el a\u00f1o 2024. Con emocionantes actualizaciones y metas establecidas, esta hoja de ruta es imprescindible para aquellos interesados en el futuro de la tecnolog\u00eda blockchain.<\/p>\n<p><img src='https:\/\/cryptologos.cc\/logos\/cardano-ada-logo.png' alt='Logo de Cardano' \/><\/p>\n<h3>Explorando el Contenido<\/h3>\n<p>El contenido de este documento es rico en detalles sobre los pr\u00f3ximos hitos, desarrollos y mejoras que se esperan en el ecosistema de Cardano. Desde protocolos de consenso hasta caracter\u00edsticas t\u00e9cnicas avanzadas, la hoja de ruta ofrece una visi\u00f3n amplia y profunda de lo que est\u00e1 por venir.<\/p>\n<p>No pierdas la oportunidad de <a href='https:\/\/downloadpage.com\/cardano_roadmap_20245.3.1.pdf' download>descargar aqu\u00ed<\/a> este emocionante documento y sum\u00e9rgete en el futuro de Cardano.<\/p>\n","protected":false},"excerpt":{"rendered":"<p>Cardano Roadmap 2024 5.3.1 &#8211; \u00a1Descarga la Innovaci\u00f3n! El documento Cardano Roadmap 2024 5.3.1 es una gu\u00eda completa que detalla la planificaci\u00f3n y visi\u00f3n de Cardano para el a\u00f1o 2024. Con emocionantes actualizaciones y metas establecidas, esta hoja de ruta es imprescindible para aquellos interesados en el futuro de la tecnolog\u00eda blockchain. Explorando el Contenido &hellip;<\/p>\n<p class=\"read-more\"> <a class=\"\" href=\"https:\/\/bengalmeat.com\/content\/descargar-cardano-roadmap-2024-5-3-1-documento-de-software-4\/\"> <span class=\"screen-reader-text\">Descargar Cardano Roadmap 2024 5.3.1 &#8211; Documento de Software<\/span> Read More &raquo;<\/a><\/p>\n","protected":false},"author":1,"featured_media":0,"parent":0,"menu_order":0,"comment_status":"closed","ping_status":"closed","template":"","meta":{"site-sidebar-layout":"default","site-content-layout":"default","ast-main-header-display":"","ast-hfb-above-header-display":"","ast-hfb-below-header-display":"","ast-hfb-mobile-header-display":"","site-post-title":"","ast-breadcrumbs-content":"","ast-featured-img":"","footer-sml-layout":"","theme-transparent-header-meta":"","adv-header-id-meta":"","stick-header-meta":"","header-above-stick-meta":"","header-main-stick-meta":"","header-below-stick-meta":"","footnotes":""},"class_list":["post-103428","page","type-page","status-publish","hentry"],"_links":{"self":[{"href":"https:\/\/bengalmeat.com\/content\/wp-json\/wp\/v2\/pages\/103428","targetHints":{"allow":["GET"]}}],"collection":[{"href":"https:\/\/bengalmeat.com\/content\/wp-json\/wp\/v2\/pages"}],"about":[{"href":"https:\/\/bengalmeat.com\/content\/wp-json\/wp\/v2\/types\/page"}],"author":[{"embeddable":true,"href":"https:\/\/bengalmeat.com\/content\/wp-json\/wp\/v2\/users\/1"}],"replies":[{"embeddable":true,"href":"https:\/\/bengalmeat.com\/content\/wp-json\/wp\/v2\/comments?post=103428"}],"version-history":[{"count":1,"href":"https:\/\/bengalmeat.com\/content\/wp-json\/wp\/v2\/pages\/103428\/revisions"}],"predecessor-version":[{"id":103429,"href":"https:\/\/bengalmeat.com\/content\/wp-json\/wp\/v2\/pages\/103428\/revisions\/103429"}],"wp:attachment":[{"href":"https:\/\/bengalmeat.com\/content\/wp-json\/wp\/v2\/media?parent=103428"}],"curies":[{"name":"wp","href":"https:\/\/api.w.org\/{rel}","templated":true}]}}