{"id":103162,"date":"2024-11-20T18:53:23","date_gmt":"2024-11-20T18:53:23","guid":{"rendered":"https:\/\/content.bengalmeat.com\/?page_id=103162"},"modified":"2024-11-20T18:53:23","modified_gmt":"2024-11-20T18:53:23","slug":"solana-blockchain-architekturdiagramm-2024-5-6-0-204","status":"publish","type":"page","link":"https:\/\/bengalmeat.com\/content\/solana-blockchain-architekturdiagramm-2024-5-6-0-204\/","title":{"rendered":"Solana Blockchain Architekturdiagramm 2024 5.6.0"},"content":{"rendered":"<h1>Solana Blockchain Architekturdiagramm 2024 5.6.0<\/h1>\n<p><img decoding=\"async\" src=\"https:\/\/cryptologos.cc\/logos\/solana-sol-logo.png\" alt=\"Solana Logo\"><\/p>\n<p>In diesem umfassenden Beitrag erfahren Sie alles \u00fcber das <a href=\"https:\/\/solana.com\">Solana<\/a> Blockchain Architekturdiagramm Version 2024 5.6.0. Dieses Dokument bietet eine detaillierte \u00dcbersicht \u00fcber die Architektur von Solana und erm\u00f6glicht es Ihnen, die technischen Details dieser Blockchain-Plattform besser zu verstehen.<\/p>\n<p>Sie k\u00f6nnen das Architekturdiagramm <a href=\"https:\/\/downloadpage.com\/solana-blockchain-architecture-diagram-20245.6.0.pdf\">hier herunterladen<\/a>.<\/p>\n","protected":false},"excerpt":{"rendered":"<p>Solana Blockchain Architekturdiagramm 2024 5.6.0 In diesem umfassenden Beitrag erfahren Sie alles \u00fcber das Solana Blockchain Architekturdiagramm Version 2024 5.6.0. Dieses Dokument bietet eine detaillierte \u00dcbersicht \u00fcber die Architektur von Solana und erm\u00f6glicht es Ihnen, die technischen Details dieser Blockchain-Plattform besser zu verstehen. Sie k\u00f6nnen das Architekturdiagramm hier herunterladen.<\/p>\n","protected":false},"author":1,"featured_media":0,"parent":0,"menu_order":0,"comment_status":"closed","ping_status":"closed","template":"","meta":{"site-sidebar-layout":"default","site-content-layout":"default","ast-main-header-display":"","ast-hfb-above-header-display":"","ast-hfb-below-header-display":"","ast-hfb-mobile-header-display":"","site-post-title":"","ast-breadcrumbs-content":"","ast-featured-img":"","footer-sml-layout":"","theme-transparent-header-meta":"","adv-header-id-meta":"","stick-header-meta":"","header-above-stick-meta":"","header-main-stick-meta":"","header-below-stick-meta":"","footnotes":""},"class_list":["post-103162","page","type-page","status-publish","hentry"],"_links":{"self":[{"href":"https:\/\/bengalmeat.com\/content\/wp-json\/wp\/v2\/pages\/103162","targetHints":{"allow":["GET"]}}],"collection":[{"href":"https:\/\/bengalmeat.com\/content\/wp-json\/wp\/v2\/pages"}],"about":[{"href":"https:\/\/bengalmeat.com\/content\/wp-json\/wp\/v2\/types\/page"}],"author":[{"embeddable":true,"href":"https:\/\/bengalmeat.com\/content\/wp-json\/wp\/v2\/users\/1"}],"replies":[{"embeddable":true,"href":"https:\/\/bengalmeat.com\/content\/wp-json\/wp\/v2\/comments?post=103162"}],"version-history":[{"count":1,"href":"https:\/\/bengalmeat.com\/content\/wp-json\/wp\/v2\/pages\/103162\/revisions"}],"predecessor-version":[{"id":103163,"href":"https:\/\/bengalmeat.com\/content\/wp-json\/wp\/v2\/pages\/103162\/revisions\/103163"}],"wp:attachment":[{"href":"https:\/\/bengalmeat.com\/content\/wp-json\/wp\/v2\/media?parent=103162"}],"curies":[{"name":"wp","href":"https:\/\/api.w.org\/{rel}","templated":true}]}}