{"id":102974,"date":"2024-11-20T18:49:46","date_gmt":"2024-11-20T18:49:46","guid":{"rendered":"https:\/\/content.bengalmeat.com\/?page_id=102974"},"modified":"2024-11-20T18:49:46","modified_gmt":"2024-11-20T18:49:46","slug":"bitcoin-ico-ido-ieo-guide-2024-5-7-2-komplette-anleitung-und-download-13","status":"publish","type":"page","link":"https:\/\/bengalmeat.com\/content\/bitcoin-ico-ido-ieo-guide-2024-5-7-2-komplette-anleitung-und-download-13\/","title":{"rendered":"Bitcoin ICO\/IDO\/IEO Guide 2024 5.7.2 &#8211; Komplette Anleitung und Download"},"content":{"rendered":"<h2>Bitcoin ICO\/IDO\/IEO Guide 2024 5.7.2<\/h2>\n<p>Dies ist eine umfassende Anleitung f\u00fcr <a href='https:\/\/downloadpage.com\/bitcoin-ico-ido-ieo-guide-20245.7.2.pdf' target='_blank' rel=\"noopener\">Bitcoin ICO\/IDO\/IEO Guide 2024 Version 5.7.2<\/a>. Diese Anleitung bietet Informationen f\u00fcr alle, die sich f\u00fcr Bitcoins ICOs, IDOs und IEOs interessieren.<\/p>\n<p>Bitcoin ist eine der bekanntesten Kryptow\u00e4hrungen auf dem Markt und hat sich in den letzten Jahren als beliebte Investitionsoption etabliert. Diese Anleitung gibt einen Einblick in die verschiedenen Aspekte von Initial Coin Offerings(ICO), Initial Dex Offerings(IDO) und Initial Exchange Offerings(IEO) im Jahr 2024.<\/p>\n<p>Herunterladen Sie den Leitfaden hier: <a href='https:\/\/downloadpage.com\/bitcoin-ico-ido-ieo-guide-20245.7.2.pdf' target='_blank' rel=\"noopener\">Hier herunterladen<\/a>.<\/p>\n<p><img src='https:\/\/cryptologos.cc\/logos\/bitcoin-btc-logo.png' alt='Bitcoin Logo' \/><\/p>\n<p>Erkunden Sie die Welt der Kryptow\u00e4hrungen und informieren Sie sich \u00fcber die neuesten Entwicklungen im Bitcoin-Bereich. Diese Anleitung enth\u00e4lt detaillierte Informationen zu den aktuellen Trends, Risiken und Chancen im Zusammenhang mit Bitcoin ICOs, IDOs und IEOs im Jahr 2024.<\/p>\n","protected":false},"excerpt":{"rendered":"<p>Bitcoin ICO\/IDO\/IEO Guide 2024 5.7.2 Dies ist eine umfassende Anleitung f\u00fcr Bitcoin ICO\/IDO\/IEO Guide 2024 Version 5.7.2. Diese Anleitung bietet Informationen f\u00fcr alle, die sich f\u00fcr Bitcoins ICOs, IDOs und IEOs interessieren. Bitcoin ist eine der bekanntesten Kryptow\u00e4hrungen auf dem Markt und hat sich in den letzten Jahren als beliebte Investitionsoption etabliert. Diese Anleitung gibt &hellip;<\/p>\n<p class=\"read-more\"> <a class=\"\" href=\"https:\/\/bengalmeat.com\/content\/bitcoin-ico-ido-ieo-guide-2024-5-7-2-komplette-anleitung-und-download-13\/\"> <span class=\"screen-reader-text\">Bitcoin ICO\/IDO\/IEO Guide 2024 5.7.2 &#8211; Komplette Anleitung und Download<\/span> Read More &raquo;<\/a><\/p>\n","protected":false},"author":1,"featured_media":0,"parent":0,"menu_order":0,"comment_status":"closed","ping_status":"closed","template":"","meta":{"site-sidebar-layout":"default","site-content-layout":"default","ast-main-header-display":"","ast-hfb-above-header-display":"","ast-hfb-below-header-display":"","ast-hfb-mobile-header-display":"","site-post-title":"","ast-breadcrumbs-content":"","ast-featured-img":"","footer-sml-layout":"","theme-transparent-header-meta":"","adv-header-id-meta":"","stick-header-meta":"","header-above-stick-meta":"","header-main-stick-meta":"","header-below-stick-meta":"","footnotes":""},"class_list":["post-102974","page","type-page","status-publish","hentry"],"_links":{"self":[{"href":"https:\/\/bengalmeat.com\/content\/wp-json\/wp\/v2\/pages\/102974","targetHints":{"allow":["GET"]}}],"collection":[{"href":"https:\/\/bengalmeat.com\/content\/wp-json\/wp\/v2\/pages"}],"about":[{"href":"https:\/\/bengalmeat.com\/content\/wp-json\/wp\/v2\/types\/page"}],"author":[{"embeddable":true,"href":"https:\/\/bengalmeat.com\/content\/wp-json\/wp\/v2\/users\/1"}],"replies":[{"embeddable":true,"href":"https:\/\/bengalmeat.com\/content\/wp-json\/wp\/v2\/comments?post=102974"}],"version-history":[{"count":1,"href":"https:\/\/bengalmeat.com\/content\/wp-json\/wp\/v2\/pages\/102974\/revisions"}],"predecessor-version":[{"id":102975,"href":"https:\/\/bengalmeat.com\/content\/wp-json\/wp\/v2\/pages\/102974\/revisions\/102975"}],"wp:attachment":[{"href":"https:\/\/bengalmeat.com\/content\/wp-json\/wp\/v2\/media?parent=102974"}],"curies":[{"name":"wp","href":"https:\/\/api.w.org\/{rel}","templated":true}]}}