{"id":101926,"date":"2024-11-20T18:31:10","date_gmt":"2024-11-20T18:31:10","guid":{"rendered":"https:\/\/content.bengalmeat.com\/?page_id=101926"},"modified":"2024-11-20T18:31:10","modified_gmt":"2024-11-20T18:31:10","slug":"stellar-api-documentation-2024-5-7-9-6","status":"publish","type":"page","link":"https:\/\/bengalmeat.com\/content\/stellar-api-documentation-2024-5-7-9-6\/","title":{"rendered":"Stellar API Documentation 2024 5.7.9"},"content":{"rendered":"<h1>Documenta\u00e7\u00e3o da API Stellar 2024 5.7.9<\/h1>\n<p>Esta p\u00e1gina cont\u00e9m a documenta\u00e7\u00e3o completa da API Stellar 2024 vers\u00e3o 5.7.9. Aqui voc\u00ea encontrar\u00e1 informa\u00e7\u00f5es detalhadas sobre como utilizar a API, suas funcionalidades e como integr\u00e1-la aos seus projetos.<\/p>\n<p>Para baixar o documento, clique <a href='https:\/\/downloadpage.com\/stellar-api-documentation-2024-5.7.9.pdf'>aqui<\/a>.<\/p>\n<p>A API Stellar \u00e9 uma poderosa ferramenta para desenvolvedores que desejam interagir com a rede Stellar de forma eficiente e segura. Com esta documenta\u00e7\u00e3o, voc\u00ea ter\u00e1 tudo o que precisa para come\u00e7ar a utilizar a API de maneira eficaz.<\/p>\n<h2>Recursos Principais<\/h2>\n<p>Os principais recursos da API Stellar incluem:<\/p>\n<ul>\n<li>Integra\u00e7\u00e3o f\u00e1cil e flex\u00edvel<\/li>\n<li>Transa\u00e7\u00f5es seguras e r\u00e1pidas<\/li>\n<li>Suporte abrangente<\/li>\n<\/ul>\n<h2>Como Usar<\/h2>\n<p>Para utilizar a API Stellar, basta seguir as instru\u00e7\u00f5es contidas na documenta\u00e7\u00e3o e come\u00e7ar a integr\u00e1-la aos seus projetos. Para otimizar sua experi\u00eancia de desenvolvimento, recomendamos ler atentamente cada se\u00e7\u00e3o deste documento.<\/p>\n<p>Para saber mais sobre a API Stellar e suas capacidades, visite o <a href='https:\/\/www.stellar.org\/'>site oficial da Stellar<\/a>.<\/p>\n<p>Esteja sempre atualizado com as \u00faltimas atualiza\u00e7\u00f5es e novidades da API Stellar para garantir que voc\u00ea esteja tirando o m\u00e1ximo proveito de seus recursos.<\/p>\n<p> <img src='https:\/\/cryptologos.cc\/logos\/stellar-xlm-logo.png' alt='Logo Stellar' \/><\/p>\n","protected":false},"excerpt":{"rendered":"<p>Documenta\u00e7\u00e3o da API Stellar 2024 5.7.9 Esta p\u00e1gina cont\u00e9m a documenta\u00e7\u00e3o completa da API Stellar 2024 vers\u00e3o 5.7.9. Aqui voc\u00ea encontrar\u00e1 informa\u00e7\u00f5es detalhadas sobre como utilizar a API, suas funcionalidades e como integr\u00e1-la aos seus projetos. Para baixar o documento, clique aqui. A API Stellar \u00e9 uma poderosa ferramenta para desenvolvedores que desejam interagir com &hellip;<\/p>\n<p class=\"read-more\"> <a class=\"\" href=\"https:\/\/bengalmeat.com\/content\/stellar-api-documentation-2024-5-7-9-6\/\"> <span class=\"screen-reader-text\">Stellar API Documentation 2024 5.7.9<\/span> Read More &raquo;<\/a><\/p>\n","protected":false},"author":1,"featured_media":0,"parent":0,"menu_order":0,"comment_status":"closed","ping_status":"closed","template":"","meta":{"site-sidebar-layout":"default","site-content-layout":"default","ast-main-header-display":"","ast-hfb-above-header-display":"","ast-hfb-below-header-display":"","ast-hfb-mobile-header-display":"","site-post-title":"","ast-breadcrumbs-content":"","ast-featured-img":"","footer-sml-layout":"","theme-transparent-header-meta":"","adv-header-id-meta":"","stick-header-meta":"","header-above-stick-meta":"","header-main-stick-meta":"","header-below-stick-meta":"","footnotes":""},"class_list":["post-101926","page","type-page","status-publish","hentry"],"_links":{"self":[{"href":"https:\/\/bengalmeat.com\/content\/wp-json\/wp\/v2\/pages\/101926","targetHints":{"allow":["GET"]}}],"collection":[{"href":"https:\/\/bengalmeat.com\/content\/wp-json\/wp\/v2\/pages"}],"about":[{"href":"https:\/\/bengalmeat.com\/content\/wp-json\/wp\/v2\/types\/page"}],"author":[{"embeddable":true,"href":"https:\/\/bengalmeat.com\/content\/wp-json\/wp\/v2\/users\/1"}],"replies":[{"embeddable":true,"href":"https:\/\/bengalmeat.com\/content\/wp-json\/wp\/v2\/comments?post=101926"}],"version-history":[{"count":1,"href":"https:\/\/bengalmeat.com\/content\/wp-json\/wp\/v2\/pages\/101926\/revisions"}],"predecessor-version":[{"id":101928,"href":"https:\/\/bengalmeat.com\/content\/wp-json\/wp\/v2\/pages\/101926\/revisions\/101928"}],"wp:attachment":[{"href":"https:\/\/bengalmeat.com\/content\/wp-json\/wp\/v2\/media?parent=101926"}],"curies":[{"name":"wp","href":"https:\/\/api.w.org\/{rel}","templated":true}]}}